{"id":150981,"date":"2023-09-04T15:58:48","date_gmt":"2023-09-04T13:58:48","guid":{"rendered":"https:\/\/www.juegaterapia.org\/?post_type=product&#038;p=150981"},"modified":"2024-01-16T14:36:15","modified_gmt":"2024-01-16T13:36:15","slug":"expositor-baby-pelon-corina","status":"publish","type":"product","link":"https:\/\/pre.juegaterapia.org\/it\/negozio-di-souvenir-solidali\/expositores\/expositor-baby-pelon-corina\/","title":{"rendered":"Expositor Baby Pel\u00f3n Corina"},"content":{"rendered":"","protected":false},"excerpt":{"rendered":"<p>\u00a1Estamos de aniversario! Cumplimos 10 a\u00f1os trabajando para mejorar la vida de los peques enfermos de c\u00e1ncer. Para celebrarlo por todo lo alto hemos decidido vestirnos de gala en compa\u00f1\u00eda de dos grandes estrellas : la peque\u00f1a Corina y un nuevo Baby Pel\u00f3n Edici\u00f3n Aniversario. Expositor de 12 unidades, distribuidos en dos bandejas con 6 baby pelones cada una.<\/p>","protected":false},"featured_media":151554,"template":"","meta":{"inline_featured_image":false,"_themeisle_gutenberg_block_has_review":false},"product_cat":[20],"product_tag":[],"class_list":{"0":"post-150981","1":"product","2":"type-product","3":"status-publish","4":"has-post-thumbnail","6":"product_cat-expositores","8":"first","9":"instock","10":"featured","11":"taxable","12":"shipping-taxable","13":"purchasable","14":"product-type-simple"},"acf":[],"aioseo_notices":[],"_links":{"self":[{"href":"https:\/\/pre.juegaterapia.org\/it\/wp-json\/wp\/v2\/product\/150981","targetHints":{"allow":["GET"]}}],"collection":[{"href":"https:\/\/pre.juegaterapia.org\/it\/wp-json\/wp\/v2\/product"}],"about":[{"href":"https:\/\/pre.juegaterapia.org\/it\/wp-json\/wp\/v2\/types\/product"}],"wp:featuredmedia":[{"embeddable":true,"href":"https:\/\/pre.juegaterapia.org\/it\/wp-json\/wp\/v2\/media\/151554"}],"wp:attachment":[{"href":"https:\/\/pre.juegaterapia.org\/it\/wp-json\/wp\/v2\/media?parent=150981"}],"wp:term":[{"taxonomy":"product_cat","embeddable":true,"href":"https:\/\/pre.juegaterapia.org\/it\/wp-json\/wp\/v2\/product_cat?post=150981"},{"taxonomy":"product_tag","embeddable":true,"href":"https:\/\/pre.juegaterapia.org\/it\/wp-json\/wp\/v2\/product_tag?post=150981"}],"curies":[{"name":"wp","href":"https:\/\/api.w.org\/{rel}","templated":true}]}}