{"id":150963,"date":"2023-09-04T13:48:44","date_gmt":"2023-09-04T11:48:44","guid":{"rendered":"https:\/\/www.juegaterapia.org\/?post_type=product&#038;p=150963"},"modified":"2024-01-16T14:36:16","modified_gmt":"2024-01-16T13:36:16","slug":"expositor-baby-pelon-rey-leon","status":"publish","type":"product","link":"https:\/\/pre.juegaterapia.org\/it\/negozio-di-souvenir-solidali\/expositores\/expositor-baby-pelon-rey-leon\/","title":{"rendered":"Expositor Baby Pel\u00f3n Rey Leon"},"content":{"rendered":"","protected":false},"excerpt":{"rendered":"<p>Con toda la fuerza y la valent\u00eda del Rey Le\u00f3n, y de todos los peques que se enfrentan cada d\u00eda a la enfermedad, llega a la familia juegaterap\u00e9utica un nuevo Baby Pel\u00f3n.<\/p>","protected":false},"featured_media":150977,"template":"","meta":{"inline_featured_image":false,"_themeisle_gutenberg_block_has_review":false},"product_cat":[20],"product_tag":[],"class_list":{"0":"post-150963","1":"product","2":"type-product","3":"status-publish","4":"has-post-thumbnail","6":"product_cat-expositores","8":"first","9":"instock","10":"featured","11":"taxable","12":"shipping-taxable","13":"purchasable","14":"product-type-simple"},"acf":[],"aioseo_notices":[],"_links":{"self":[{"href":"https:\/\/pre.juegaterapia.org\/it\/wp-json\/wp\/v2\/product\/150963","targetHints":{"allow":["GET"]}}],"collection":[{"href":"https:\/\/pre.juegaterapia.org\/it\/wp-json\/wp\/v2\/product"}],"about":[{"href":"https:\/\/pre.juegaterapia.org\/it\/wp-json\/wp\/v2\/types\/product"}],"wp:featuredmedia":[{"embeddable":true,"href":"https:\/\/pre.juegaterapia.org\/it\/wp-json\/wp\/v2\/media\/150977"}],"wp:attachment":[{"href":"https:\/\/pre.juegaterapia.org\/it\/wp-json\/wp\/v2\/media?parent=150963"}],"wp:term":[{"taxonomy":"product_cat","embeddable":true,"href":"https:\/\/pre.juegaterapia.org\/it\/wp-json\/wp\/v2\/product_cat?post=150963"},{"taxonomy":"product_tag","embeddable":true,"href":"https:\/\/pre.juegaterapia.org\/it\/wp-json\/wp\/v2\/product_tag?post=150963"}],"curies":[{"name":"wp","href":"https:\/\/api.w.org\/{rel}","templated":true}]}}