{"id":147406,"date":"2023-06-19T11:31:54","date_gmt":"2023-06-19T09:31:54","guid":{"rendered":"https:\/\/www.juegaterapia.org\/?post_type=product&#038;p=147406"},"modified":"2024-12-10T14:53:08","modified_gmt":"2024-12-10T13:53:08","slug":"baby-pelon-rey-leon","status":"publish","type":"product","link":"https:\/\/pre.juegaterapia.org\/it\/negozio-di-souvenir-solidali\/bambini-baldies\/baby-pelon-rey-leon\/","title":{"rendered":"Bambino peloso del Re Leone"},"content":{"rendered":"","protected":false},"excerpt":{"rendered":"<p>Con toda la fuerza y la valent\u00eda del Rey Le\u00f3n, y de todos los peques que se enfrentan cada d\u00eda a la enfermedad, llega a la familia juegaterap\u00e9utica un nuevo Baby Pel\u00f3n.<br \/>\nEl n\u00ba 30 de la Colecci\u00f3n nos permitir\u00e1 seguir construyendo cines en los hospitales de la mano de Disney.<\/p>","protected":false},"featured_media":147407,"template":"","meta":{"inline_featured_image":false,"_themeisle_gutenberg_block_has_review":false},"product_cat":[18],"product_tag":[],"class_list":{"0":"post-147406","1":"product","2":"type-product","3":"status-publish","4":"has-post-thumbnail","6":"product_cat-baby-pelones","8":"first","9":"instock","10":"featured","11":"taxable","12":"shipping-taxable","13":"purchasable","14":"product-type-simple"},"acf":[],"aioseo_notices":[],"_links":{"self":[{"href":"https:\/\/pre.juegaterapia.org\/it\/wp-json\/wp\/v2\/product\/147406","targetHints":{"allow":["GET"]}}],"collection":[{"href":"https:\/\/pre.juegaterapia.org\/it\/wp-json\/wp\/v2\/product"}],"about":[{"href":"https:\/\/pre.juegaterapia.org\/it\/wp-json\/wp\/v2\/types\/product"}],"wp:featuredmedia":[{"embeddable":true,"href":"https:\/\/pre.juegaterapia.org\/it\/wp-json\/wp\/v2\/media\/147407"}],"wp:attachment":[{"href":"https:\/\/pre.juegaterapia.org\/it\/wp-json\/wp\/v2\/media?parent=147406"}],"wp:term":[{"taxonomy":"product_cat","embeddable":true,"href":"https:\/\/pre.juegaterapia.org\/it\/wp-json\/wp\/v2\/product_cat?post=147406"},{"taxonomy":"product_tag","embeddable":true,"href":"https:\/\/pre.juegaterapia.org\/it\/wp-json\/wp\/v2\/product_tag?post=147406"}],"curies":[{"name":"wp","href":"https:\/\/api.w.org\/{rel}","templated":true}]}}