{"id":143173,"date":"2023-03-27T10:49:15","date_gmt":"2023-03-27T08:49:15","guid":{"rendered":"https:\/\/www.juegaterapia.org\/?post_type=product&#038;p=143173"},"modified":"2024-01-16T14:36:18","modified_gmt":"2024-01-16T13:36:18","slug":"camilo","status":"publish","type":"product","link":"https:\/\/pre.juegaterapia.org\/it\/negozio-di-souvenir-solidali\/bambini-baldies\/camilo\/","title":{"rendered":"Baby Pel\u00f3n Camilo"},"content":{"rendered":"","protected":false},"excerpt":{"rendered":"<p>El Baby Pel\u00f3n n\u00ba 29 de la colecci\u00f3n llega a casa apadrinado por el gran Camilo, que ha llenado su pa\u00f1uelo de destellos que reparten alegr\u00eda, buen rollo y mucho ritmo.<br \/>\nLeire, Luana e Isabel le acompa\u00f1an en este precioso viaje solidario.<\/p>","protected":false},"featured_media":143182,"template":"","meta":{"inline_featured_image":false,"_themeisle_gutenberg_block_has_review":false},"product_cat":[18],"product_tag":[],"class_list":{"0":"post-143173","1":"product","2":"type-product","3":"status-publish","4":"has-post-thumbnail","6":"product_cat-baby-pelones","8":"first","9":"outofstock","10":"featured","11":"taxable","12":"shipping-taxable","13":"purchasable","14":"product-type-simple"},"acf":[],"aioseo_notices":[],"_links":{"self":[{"href":"https:\/\/pre.juegaterapia.org\/it\/wp-json\/wp\/v2\/product\/143173","targetHints":{"allow":["GET"]}}],"collection":[{"href":"https:\/\/pre.juegaterapia.org\/it\/wp-json\/wp\/v2\/product"}],"about":[{"href":"https:\/\/pre.juegaterapia.org\/it\/wp-json\/wp\/v2\/types\/product"}],"wp:featuredmedia":[{"embeddable":true,"href":"https:\/\/pre.juegaterapia.org\/it\/wp-json\/wp\/v2\/media\/143182"}],"wp:attachment":[{"href":"https:\/\/pre.juegaterapia.org\/it\/wp-json\/wp\/v2\/media?parent=143173"}],"wp:term":[{"taxonomy":"product_cat","embeddable":true,"href":"https:\/\/pre.juegaterapia.org\/it\/wp-json\/wp\/v2\/product_cat?post=143173"},{"taxonomy":"product_tag","embeddable":true,"href":"https:\/\/pre.juegaterapia.org\/it\/wp-json\/wp\/v2\/product_tag?post=143173"}],"curies":[{"name":"wp","href":"https:\/\/api.w.org\/{rel}","templated":true}]}}