{"id":115186,"date":"2022-12-20T16:08:09","date_gmt":"2022-12-20T15:08:09","guid":{"rendered":"https:\/\/www.juegaterapia.org\/?post_type=product&#038;p=115186"},"modified":"2024-01-16T14:36:18","modified_gmt":"2024-01-16T13:36:18","slug":"baby-pelon-elena","status":"publish","type":"product","link":"https:\/\/pre.juegaterapia.org\/it\/negozio-di-souvenir-solidali\/bambini-baldies\/baby-pelon-elena\/","title":{"rendered":"Bambino Pel\u00f3n Elena Huelva"},"content":{"rendered":"","protected":false},"excerpt":{"rendered":"<p>Elena Huelva llega a la familia juegaterap\u00e9utica derrochando fuerza y amor en el dise\u00f1o del Baby Pel\u00f3n n\u00ba28 de la colecci\u00f3n. Uno muy especial, porque le sale directamente del coraz\u00f3n, y porque los beneficios de sus ventas ir\u00e1n \u00edntegramente a la \u201cBeca Elena Huelva\u201d que desde Juegaterapia hemos creado junto a GEIS (Grupo Espa\u00f1ol de Investigaci\u00f3n de Sarcomas) para encontrar una cura al sarcoma de Ewing, al que Elena lleva a\u00f1os plantando cara.<br \/>\nGracias a todos por colaborar. La \u201cBeca Elena Huelva\u201d nace como ella, para ganar.<\/p>","protected":false},"featured_media":137670,"template":"","meta":{"inline_featured_image":false,"_themeisle_gutenberg_block_has_review":false},"product_cat":[18],"product_tag":[],"class_list":{"0":"post-115186","1":"product","2":"type-product","3":"status-publish","4":"has-post-thumbnail","6":"product_cat-baby-pelones","8":"first","9":"instock","10":"featured","11":"taxable","12":"shipping-taxable","13":"purchasable","14":"product-type-simple"},"acf":[],"aioseo_notices":[],"_links":{"self":[{"href":"https:\/\/pre.juegaterapia.org\/it\/wp-json\/wp\/v2\/product\/115186","targetHints":{"allow":["GET"]}}],"collection":[{"href":"https:\/\/pre.juegaterapia.org\/it\/wp-json\/wp\/v2\/product"}],"about":[{"href":"https:\/\/pre.juegaterapia.org\/it\/wp-json\/wp\/v2\/types\/product"}],"wp:featuredmedia":[{"embeddable":true,"href":"https:\/\/pre.juegaterapia.org\/it\/wp-json\/wp\/v2\/media\/137670"}],"wp:attachment":[{"href":"https:\/\/pre.juegaterapia.org\/it\/wp-json\/wp\/v2\/media?parent=115186"}],"wp:term":[{"taxonomy":"product_cat","embeddable":true,"href":"https:\/\/pre.juegaterapia.org\/it\/wp-json\/wp\/v2\/product_cat?post=115186"},{"taxonomy":"product_tag","embeddable":true,"href":"https:\/\/pre.juegaterapia.org\/it\/wp-json\/wp\/v2\/product_tag?post=115186"}],"curies":[{"name":"wp","href":"https:\/\/api.w.org\/{rel}","templated":true}]}}