{"id":10038,"date":"2021-12-13T12:39:38","date_gmt":"2021-12-13T11:39:38","guid":{"rendered":"http:\/\/webjt-pre.azurewebsites.net\/?post_type=product&#038;p=10038"},"modified":"2024-01-16T14:36:18","modified_gmt":"2024-01-16T13:36:18","slug":"superheroe","status":"publish","type":"product","link":"https:\/\/pre.juegaterapia.org\/it\/negozio-di-souvenir-solidali\/otras-cosas-que-molan\/superheroe\/","title":{"rendered":"Costume da supereroe per bambino Pel\u00f3n"},"content":{"rendered":"","protected":false},"excerpt":{"rendered":"<p><strong>BABY PELON Y PA\u00d1UELO NO INCLUIDO<\/strong>. Con su antifaz y su capa, tu Baby Pel\u00f3n ser\u00e1 el m\u00e1s superpoderoso de todos. Podr\u00e1 volar, hacerse invisible y transformar momentos grises en instantes llenos de diversi\u00f3n. Para ti y para todos los peques hospitalizados a los que haremos felices con tu ayuda.<br \/>\nConjunto compuesto por un body, una capa y un antifaz.<strong>EL BABY PELON NI EL PA\u00d1UELO ESTAN INCLUIDO, SOLO SE ENVIA EL DISFRAZ<\/strong>.<\/p>","protected":false},"featured_media":97184,"template":"","meta":{"inline_featured_image":false,"_themeisle_gutenberg_block_has_review":false},"product_cat":[19],"product_tag":[],"class_list":{"0":"post-10038","1":"product","2":"type-product","3":"status-publish","4":"has-post-thumbnail","6":"product_cat-otras-cosas-que-molan","8":"first","9":"instock","10":"featured","11":"taxable","12":"shipping-taxable","13":"purchasable","14":"product-type-simple"},"acf":[],"aioseo_notices":[],"_links":{"self":[{"href":"https:\/\/pre.juegaterapia.org\/it\/wp-json\/wp\/v2\/product\/10038","targetHints":{"allow":["GET"]}}],"collection":[{"href":"https:\/\/pre.juegaterapia.org\/it\/wp-json\/wp\/v2\/product"}],"about":[{"href":"https:\/\/pre.juegaterapia.org\/it\/wp-json\/wp\/v2\/types\/product"}],"wp:featuredmedia":[{"embeddable":true,"href":"https:\/\/pre.juegaterapia.org\/it\/wp-json\/wp\/v2\/media\/97184"}],"wp:attachment":[{"href":"https:\/\/pre.juegaterapia.org\/it\/wp-json\/wp\/v2\/media?parent=10038"}],"wp:term":[{"taxonomy":"product_cat","embeddable":true,"href":"https:\/\/pre.juegaterapia.org\/it\/wp-json\/wp\/v2\/product_cat?post=10038"},{"taxonomy":"product_tag","embeddable":true,"href":"https:\/\/pre.juegaterapia.org\/it\/wp-json\/wp\/v2\/product_tag?post=10038"}],"curies":[{"name":"wp","href":"https:\/\/api.w.org\/{rel}","templated":true}]}}