{"id":10037,"date":"2021-12-13T12:27:41","date_gmt":"2021-12-13T11:27:41","guid":{"rendered":"http:\/\/webjt-pre.azurewebsites.net\/?post_type=product&#038;p=10037"},"modified":"2024-01-22T14:45:09","modified_gmt":"2024-01-22T13:45:09","slug":"unicornio","status":"publish","type":"product","link":"https:\/\/pre.juegaterapia.org\/it\/negozio-di-souvenir-solidali\/otras-cosas-que-molan\/unicornio\/","title":{"rendered":"Costume da unicorno per bambino Pel\u00f3n"},"content":{"rendered":"","protected":false},"excerpt":{"rendered":"<p><strong>BABY PELON NI PA\u00d1UELO INCLUIDOS<\/strong>. Con la cabecita cubierta por una diadema m\u00e1gica y una falda de tul que refleja un precioso arco\u00edris, el disfraz de Unicornio para tu Baby Pel\u00f3n os transportar\u00e1 a ambos a una tierra llena de color. Un espacio donde jugar y re\u00edr sin sentir dolor. El espacio m\u00e1gico al que queremos llevar a los peques hospitalizados para que nunca dejen de ser felices.<\/p>\n<p>Conjunto compuesto por un body, una falda de tul y una diadema. <strong>EL BABY PELON NI EL PA\u00d1UELO ESTAN INCLUIDO, SOLO SE ENVIA EL DISFRAZ<\/strong><\/p>","protected":false},"featured_media":97161,"template":"","meta":{"inline_featured_image":false,"_themeisle_gutenberg_block_has_review":false},"product_cat":[19],"product_tag":[],"class_list":{"0":"post-10037","1":"product","2":"type-product","3":"status-publish","4":"has-post-thumbnail","6":"product_cat-otras-cosas-que-molan","8":"first","9":"instock","10":"featured","11":"taxable","12":"shipping-taxable","13":"purchasable","14":"product-type-simple"},"acf":[],"aioseo_notices":[],"_links":{"self":[{"href":"https:\/\/pre.juegaterapia.org\/it\/wp-json\/wp\/v2\/product\/10037","targetHints":{"allow":["GET"]}}],"collection":[{"href":"https:\/\/pre.juegaterapia.org\/it\/wp-json\/wp\/v2\/product"}],"about":[{"href":"https:\/\/pre.juegaterapia.org\/it\/wp-json\/wp\/v2\/types\/product"}],"wp:featuredmedia":[{"embeddable":true,"href":"https:\/\/pre.juegaterapia.org\/it\/wp-json\/wp\/v2\/media\/97161"}],"wp:attachment":[{"href":"https:\/\/pre.juegaterapia.org\/it\/wp-json\/wp\/v2\/media?parent=10037"}],"wp:term":[{"taxonomy":"product_cat","embeddable":true,"href":"https:\/\/pre.juegaterapia.org\/it\/wp-json\/wp\/v2\/product_cat?post=10037"},{"taxonomy":"product_tag","embeddable":true,"href":"https:\/\/pre.juegaterapia.org\/it\/wp-json\/wp\/v2\/product_tag?post=10037"}],"curies":[{"name":"wp","href":"https:\/\/api.w.org\/{rel}","templated":true}]}}