{"id":10033,"date":"2021-05-19T13:24:49","date_gmt":"2021-05-19T11:24:49","guid":{"rendered":"http:\/\/webjt-pre.azurewebsites.net\/?post_type=product&#038;p=10033"},"modified":"2024-01-16T14:36:17","modified_gmt":"2024-01-16T13:36:17","slug":"babypelon-la-roja","status":"publish","type":"product","link":"https:\/\/pre.juegaterapia.org\/it\/negozio-di-souvenir-solidali\/bambini-baldies\/babypelon-la-roja\/","title":{"rendered":"Baby Pel\u00f3n La Roja"},"content":{"rendered":"","protected":false},"excerpt":{"rendered":"<p>Nace un nuevo Baby Pel\u00f3n, el n\u00ba 21 de La Colecci\u00f3n M\u00e1s Bonita Del Mundo. Viste la camiseta oficial de la Selecci\u00f3n Espa\u00f1ola de F\u00fatbol y un pa\u00f1uelo dise\u00f1ado por Celia y Alek, dos peques preciosos en tratamiento oncol\u00f3gico.<\/p>\n<p>EDICI\u00d3N LIMITADA<\/p>\n<p>Edad m\u00ednima recomendada 12 meses y m\u00e1s.<\/p>","protected":false},"featured_media":79076,"template":"","meta":{"inline_featured_image":false,"_themeisle_gutenberg_block_has_review":false},"product_cat":[18],"product_tag":[],"class_list":{"0":"post-10033","1":"product","2":"type-product","3":"status-publish","4":"has-post-thumbnail","6":"product_cat-baby-pelones","8":"first","9":"instock","10":"taxable","11":"shipping-taxable","12":"purchasable","13":"product-type-simple"},"acf":[],"aioseo_notices":[],"_links":{"self":[{"href":"https:\/\/pre.juegaterapia.org\/it\/wp-json\/wp\/v2\/product\/10033","targetHints":{"allow":["GET"]}}],"collection":[{"href":"https:\/\/pre.juegaterapia.org\/it\/wp-json\/wp\/v2\/product"}],"about":[{"href":"https:\/\/pre.juegaterapia.org\/it\/wp-json\/wp\/v2\/types\/product"}],"wp:featuredmedia":[{"embeddable":true,"href":"https:\/\/pre.juegaterapia.org\/it\/wp-json\/wp\/v2\/media\/79076"}],"wp:attachment":[{"href":"https:\/\/pre.juegaterapia.org\/it\/wp-json\/wp\/v2\/media?parent=10033"}],"wp:term":[{"taxonomy":"product_cat","embeddable":true,"href":"https:\/\/pre.juegaterapia.org\/it\/wp-json\/wp\/v2\/product_cat?post=10033"},{"taxonomy":"product_tag","embeddable":true,"href":"https:\/\/pre.juegaterapia.org\/it\/wp-json\/wp\/v2\/product_tag?post=10033"}],"curies":[{"name":"wp","href":"https:\/\/api.w.org\/{rel}","templated":true}]}}