{"id":10030,"date":"2020-10-05T18:24:38","date_gmt":"2020-10-05T16:24:38","guid":{"rendered":"http:\/\/webjt-pre.azurewebsites.net\/?post_type=product&#038;p=10030"},"modified":"2023-09-22T13:12:37","modified_gmt":"2023-09-22T11:12:37","slug":"regala-un-balon-pelon","status":"publish","type":"product","link":"https:\/\/pre.juegaterapia.org\/it\/negozio-di-souvenir-solidali\/balon-pelon\/regala-un-balon-pelon\/","title":{"rendered":"Regala un Bal\u00f3n Pel\u00f3n"},"content":{"rendered":"","protected":false},"excerpt":{"rendered":"<p>\u00bfQuieres sorprender a uno de nuestros peques regal\u00e1ndole un Bal\u00f3n Pel\u00f3n para que marque golazos desde el hospi?<br \/>\n<strong>C\u00f3mpralo aqu\u00ed<\/strong> y nosotros nos ocupamos de llev\u00e1rselo en tu nombre.<\/p>\n<p>Y si <strong>quieres acompa\u00f1arlo con unas palabras de \u00e1nimo<\/strong>, seguro que te lo agradecer\u00e1. Deja tu mensaje en las notas del pedido y nosotros se lo haremos llegar con todo el cari\u00f1o del mundo.<\/p>\n<p>\u00a1Este partido lo vamos a ganar&#8230; jugando!<\/p>\n<p><strong>\u00a1Gracias por ayudarnos!<\/strong><\/p>\n<p>Dimensiones 20 x 10 x 20 cm.<br \/>\nEdad m\u00ednima recomendada 12 meses y m\u00e1s.<br \/>\nPeso 200 gr.<\/p>","protected":false},"featured_media":39965,"template":"","meta":{"inline_featured_image":false,"_themeisle_gutenberg_block_has_review":false},"product_cat":[22],"product_tag":[],"class_list":{"0":"post-10030","1":"product","2":"type-product","3":"status-publish","4":"has-post-thumbnail","6":"product_cat-balon-pelon","8":"first","9":"outofstock","10":"downloadable","11":"virtual","12":"taxable","13":"purchasable","14":"product-type-simple"},"acf":[],"aioseo_notices":[],"_links":{"self":[{"href":"https:\/\/pre.juegaterapia.org\/it\/wp-json\/wp\/v2\/product\/10030","targetHints":{"allow":["GET"]}}],"collection":[{"href":"https:\/\/pre.juegaterapia.org\/it\/wp-json\/wp\/v2\/product"}],"about":[{"href":"https:\/\/pre.juegaterapia.org\/it\/wp-json\/wp\/v2\/types\/product"}],"wp:featuredmedia":[{"embeddable":true,"href":"https:\/\/pre.juegaterapia.org\/it\/wp-json\/wp\/v2\/media\/39965"}],"wp:attachment":[{"href":"https:\/\/pre.juegaterapia.org\/it\/wp-json\/wp\/v2\/media?parent=10030"}],"wp:term":[{"taxonomy":"product_cat","embeddable":true,"href":"https:\/\/pre.juegaterapia.org\/it\/wp-json\/wp\/v2\/product_cat?post=10030"},{"taxonomy":"product_tag","embeddable":true,"href":"https:\/\/pre.juegaterapia.org\/it\/wp-json\/wp\/v2\/product_tag?post=10030"}],"curies":[{"name":"wp","href":"https:\/\/api.w.org\/{rel}","templated":true}]}}