{"id":10024,"date":"2020-05-13T12:30:30","date_gmt":"2020-05-13T10:30:30","guid":{"rendered":"http:\/\/webjt-pre.azurewebsites.net\/?post_type=product&#038;p=10024"},"modified":"2024-07-04T12:31:57","modified_gmt":"2024-07-04T10:31:57","slug":"regala-un-babypelon","status":"publish","type":"product","link":"https:\/\/pre.juegaterapia.org\/it\/negozio-di-souvenir-solidali\/bambini-baldies\/regala-un-babypelon\/","title":{"rendered":"Regalate un Baby Pel\u00f3n"},"content":{"rendered":"","protected":false},"excerpt":{"rendered":"<p>Ya puedes sorprender a un peque en tratamiento regal\u00e1ndole un Baby Pel\u00f3n para que le d\u00e9 fuerza y le haga compa\u00f1\u00eda.<br \/>\n<strong>C\u00f3mpralo aqu\u00ed<\/strong> y nosotros nos ocupamos de llev\u00e1rselo en tu nombre.<\/p>\n<p>Juntos podremos decirles #NoEst\u00e1sSolo<\/p>\n<p><strong>\u00a1Gracias por ayudarnos!<\/strong><\/p>\n<p>Dimensiones 20 x 10 x 20 cm.<br \/>\nEdad m\u00ednima recomendada 12 meses y m\u00e1s.<br \/>\nPeso 200 gr.<\/p>","protected":false},"featured_media":30219,"template":"","meta":{"inline_featured_image":false,"_themeisle_gutenberg_block_has_review":false},"product_cat":[18],"product_tag":[],"class_list":{"0":"post-10024","1":"product","2":"type-product","3":"status-publish","4":"has-post-thumbnail","6":"product_cat-baby-pelones","8":"first","9":"instock","10":"downloadable","11":"virtual","12":"taxable","13":"purchasable","14":"product-type-simple"},"acf":[],"aioseo_notices":[],"_links":{"self":[{"href":"https:\/\/pre.juegaterapia.org\/it\/wp-json\/wp\/v2\/product\/10024","targetHints":{"allow":["GET"]}}],"collection":[{"href":"https:\/\/pre.juegaterapia.org\/it\/wp-json\/wp\/v2\/product"}],"about":[{"href":"https:\/\/pre.juegaterapia.org\/it\/wp-json\/wp\/v2\/types\/product"}],"wp:featuredmedia":[{"embeddable":true,"href":"https:\/\/pre.juegaterapia.org\/it\/wp-json\/wp\/v2\/media\/30219"}],"wp:attachment":[{"href":"https:\/\/pre.juegaterapia.org\/it\/wp-json\/wp\/v2\/media?parent=10024"}],"wp:term":[{"taxonomy":"product_cat","embeddable":true,"href":"https:\/\/pre.juegaterapia.org\/it\/wp-json\/wp\/v2\/product_cat?post=10024"},{"taxonomy":"product_tag","embeddable":true,"href":"https:\/\/pre.juegaterapia.org\/it\/wp-json\/wp\/v2\/product_tag?post=10024"}],"curies":[{"name":"wp","href":"https:\/\/api.w.org\/{rel}","templated":true}]}}