{"id":10017,"date":"2019-09-15T12:54:45","date_gmt":"2019-09-15T10:54:45","guid":{"rendered":"http:\/\/webjt-pre.azurewebsites.net\/?post_type=product&#038;p=10017"},"modified":"2024-01-16T14:36:17","modified_gmt":"2024-01-16T13:36:17","slug":"sara-carbonero-baby-pelon","status":"publish","type":"product","link":"https:\/\/pre.juegaterapia.org\/it\/negozio-di-souvenir-solidali\/bambini-baldies\/sara-carbonero-baby-pelon\/","title":{"rendered":"Baby Pel\u00f3n Sara Carbonero"},"content":{"rendered":"","protected":false},"excerpt":{"rendered":"<p>C\u00f3mo es de bonito nuestro nuevo peque\u00f1o pel\u00f3n? En su pa\u00f1uelo,\u00a0<a class=\"x1i10hfl xjbqb8w x6umtig x1b1mbwd xaqea5y xav7gou x9f619 x1ypdohk xt0psk2 xe8uvvx xdj266r x11i5rnm xat24cr x1mh8g0r xexx8yu x4uap5 x18d9i69 xkhd6sd x16tdsg8 x1hl2dhg xggy1nq x1a2a7pz notranslate _a6hd\" tabindex=\"0\" role=\"link\" href=\"https:\/\/www.instagram.com\/saracarbonero\/?hl=es\">@saracarbonero<\/a>\u00a0ha elegido la fuerza de estos molones dinosaurios para transmitirnos toda la fuerza que ella tiene. \ud83e\udd95\ud83e\udd95\ud83e\udd95.Una nueva dosis de cari\u00f1o para los peques en casa, en el cole y en el hospi.<\/p>\n<p>Los Baby Pelones son unos mu\u00f1ecos peque\u00f1itos, llenan de cari\u00f1o el coraz\u00f3n de quien los compra y le dejan para siempre en las manos un delicioso olor a vainilla. Son tremendamente solidarios, \u00a0porque <span class=\"has-babypelones-rosa-color\">los beneficios<\/span>\u00a0de sus ventas nos sirven<span class=\"has-babypelones-rosa-color\">\u00a0para seguir poniendo en marcha todos los proyectos de nuestra Fundaci\u00f3n (Jardines<\/span>, Cines, Estaciones Lunares\u2026\u00a1y muchos nuevos que vendr\u00e1n! )<\/p>\n<p>Edad m\u00ednima recomendad 12 meses y m\u00e1s.<\/p>","protected":false},"featured_media":1450,"template":"","meta":{"inline_featured_image":false,"_themeisle_gutenberg_block_has_review":false},"product_cat":[18],"product_tag":[],"class_list":{"0":"post-10017","1":"product","2":"type-product","3":"status-publish","4":"has-post-thumbnail","6":"product_cat-baby-pelones","8":"first","9":"instock","10":"taxable","11":"shipping-taxable","12":"purchasable","13":"product-type-simple"},"acf":[],"aioseo_notices":[],"_links":{"self":[{"href":"https:\/\/pre.juegaterapia.org\/it\/wp-json\/wp\/v2\/product\/10017","targetHints":{"allow":["GET"]}}],"collection":[{"href":"https:\/\/pre.juegaterapia.org\/it\/wp-json\/wp\/v2\/product"}],"about":[{"href":"https:\/\/pre.juegaterapia.org\/it\/wp-json\/wp\/v2\/types\/product"}],"wp:featuredmedia":[{"embeddable":true,"href":"https:\/\/pre.juegaterapia.org\/it\/wp-json\/wp\/v2\/media\/1450"}],"wp:attachment":[{"href":"https:\/\/pre.juegaterapia.org\/it\/wp-json\/wp\/v2\/media?parent=10017"}],"wp:term":[{"taxonomy":"product_cat","embeddable":true,"href":"https:\/\/pre.juegaterapia.org\/it\/wp-json\/wp\/v2\/product_cat?post=10017"},{"taxonomy":"product_tag","embeddable":true,"href":"https:\/\/pre.juegaterapia.org\/it\/wp-json\/wp\/v2\/product_tag?post=10017"}],"curies":[{"name":"wp","href":"https:\/\/api.w.org\/{rel}","templated":true}]}}