{"id":10010,"date":"2019-05-06T18:48:05","date_gmt":"2019-05-06T16:48:05","guid":{"rendered":"http:\/\/webjt-pre.azurewebsites.net\/?post_type=product&#038;p=10010"},"modified":"2024-01-16T14:36:16","modified_gmt":"2024-01-16T13:36:16","slug":"maria","status":"publish","type":"product","link":"https:\/\/pre.juegaterapia.org\/it\/negozio-di-souvenir-solidali\/bambini-baldies\/maria\/","title":{"rendered":"Bambino Pel\u00f3n Maria"},"content":{"rendered":"","protected":false},"excerpt":{"rendered":"<p>El pa\u00f1uelo de Mar\u00eda est\u00e1 llenito de flores tan bonitas como ella. Los Baby Pelones son unos mu\u00f1ecos peque\u00f1itos, llenan de cari\u00f1o el coraz\u00f3n de quien los compra y le dejan para siempre en las manos un delicioso olor a vainilla. Son tremendamente solidarios, porque\u00a0<span class=\"has-babypelones-rosa-color\">los beneficios<\/span>\u00a0de sus ventas nos sirven<span class=\"has-babypelones-rosa-color\"> para seguir poniendo en marcha todos los proyectos de nuestra Fundaci\u00f3n (<\/span>Jardines, Cines, Estaciones Lunares\u2026\u00a1y muchos nuevos que vendr\u00e1n! )<\/p>\n<p>Dimensiones 20 x 10 x 20 cm.<br \/>\nEdad m\u00ednima recomendad 12 meses y m\u00e1s.<br \/>\nPeso 200 gr.<\/p>","protected":false},"featured_media":111089,"template":"","meta":{"inline_featured_image":false,"_themeisle_gutenberg_block_has_review":false},"product_cat":[18],"product_tag":[],"class_list":{"0":"post-10010","1":"product","2":"type-product","3":"status-publish","4":"has-post-thumbnail","6":"product_cat-baby-pelones","8":"first","9":"instock","10":"taxable","11":"shipping-taxable","12":"purchasable","13":"product-type-simple"},"acf":[],"aioseo_notices":[],"_links":{"self":[{"href":"https:\/\/pre.juegaterapia.org\/it\/wp-json\/wp\/v2\/product\/10010","targetHints":{"allow":["GET"]}}],"collection":[{"href":"https:\/\/pre.juegaterapia.org\/it\/wp-json\/wp\/v2\/product"}],"about":[{"href":"https:\/\/pre.juegaterapia.org\/it\/wp-json\/wp\/v2\/types\/product"}],"wp:featuredmedia":[{"embeddable":true,"href":"https:\/\/pre.juegaterapia.org\/it\/wp-json\/wp\/v2\/media\/111089"}],"wp:attachment":[{"href":"https:\/\/pre.juegaterapia.org\/it\/wp-json\/wp\/v2\/media?parent=10010"}],"wp:term":[{"taxonomy":"product_cat","embeddable":true,"href":"https:\/\/pre.juegaterapia.org\/it\/wp-json\/wp\/v2\/product_cat?post=10010"},{"taxonomy":"product_tag","embeddable":true,"href":"https:\/\/pre.juegaterapia.org\/it\/wp-json\/wp\/v2\/product_tag?post=10010"}],"curies":[{"name":"wp","href":"https:\/\/api.w.org\/{rel}","templated":true}]}}