{"id":10007,"date":"2021-03-17T07:00:35","date_gmt":"2021-03-17T06:00:35","guid":{"rendered":"http:\/\/webjt-pre.azurewebsites.net\/?post_type=product&#038;p=10007"},"modified":"2024-01-16T14:36:16","modified_gmt":"2024-01-16T13:36:16","slug":"jorge","status":"publish","type":"product","link":"https:\/\/pre.juegaterapia.org\/it\/negozio-di-souvenir-solidali\/bambini-baldies\/jorge\/","title":{"rendered":"Il bambino peloso George"},"content":{"rendered":"","protected":false},"excerpt":{"rendered":"<p>\u00bfQu\u00e9 es lo que m\u00e1s les gusta a los peques? \u00a1Jugar! Jorge propone en su pa\u00f1uelo un mont\u00f3n de juegos para so\u00f1ar. Los Baby Pelones son unos mu\u00f1ecos peque\u00f1itos, llenan de cari\u00f1o el coraz\u00f3n de quien los compra y le dejan para siempre en las manos un delicioso olor a vainilla. Son tremendamente solidarios, los beneficios de sus ventas nos sirven para invertir en investigaci\u00f3n contra el c\u00e1ncer y para seguir construyendo jardines, cines y estaciones lunares en los hospitales. El regalo solidario mas bonito del mundo.<\/p>\n<p>Edad m\u00ednima recomendad 12 meses y m\u00e1s.<\/p>","protected":false},"featured_media":98249,"template":"","meta":{"inline_featured_image":false,"_themeisle_gutenberg_block_has_review":false},"product_cat":[18],"product_tag":[],"class_list":{"0":"post-10007","1":"product","2":"type-product","3":"status-publish","4":"has-post-thumbnail","6":"product_cat-baby-pelones","8":"first","9":"outofstock","10":"taxable","11":"shipping-taxable","12":"purchasable","13":"product-type-simple"},"acf":[],"aioseo_notices":[],"_links":{"self":[{"href":"https:\/\/pre.juegaterapia.org\/it\/wp-json\/wp\/v2\/product\/10007","targetHints":{"allow":["GET"]}}],"collection":[{"href":"https:\/\/pre.juegaterapia.org\/it\/wp-json\/wp\/v2\/product"}],"about":[{"href":"https:\/\/pre.juegaterapia.org\/it\/wp-json\/wp\/v2\/types\/product"}],"wp:featuredmedia":[{"embeddable":true,"href":"https:\/\/pre.juegaterapia.org\/it\/wp-json\/wp\/v2\/media\/98249"}],"wp:attachment":[{"href":"https:\/\/pre.juegaterapia.org\/it\/wp-json\/wp\/v2\/media?parent=10007"}],"wp:term":[{"taxonomy":"product_cat","embeddable":true,"href":"https:\/\/pre.juegaterapia.org\/it\/wp-json\/wp\/v2\/product_cat?post=10007"},{"taxonomy":"product_tag","embeddable":true,"href":"https:\/\/pre.juegaterapia.org\/it\/wp-json\/wp\/v2\/product_tag?post=10007"}],"curies":[{"name":"wp","href":"https:\/\/api.w.org\/{rel}","templated":true}]}}