{"id":10002,"date":"2019-05-06T18:05:14","date_gmt":"2019-05-06T16:05:14","guid":{"rendered":"http:\/\/webjt-pre.azurewebsites.net\/?post_type=product&#038;p=10002"},"modified":"2024-01-16T14:36:16","modified_gmt":"2024-01-16T13:36:16","slug":"alejandro-sanz","status":"publish","type":"product","link":"https:\/\/pre.juegaterapia.org\/it\/negozio-di-souvenir-solidali\/bambini-baldies\/alejandro-sanz\/","title":{"rendered":"Baby Pel\u00f3n Alejandro Sanz"},"content":{"rendered":"","protected":false},"excerpt":{"rendered":"<p>Para nuestro amigo Alejandro, los peques son tremendamente guapos y guapas. Y lo grita a los cuatro vientos. Los Baby Pelones son unos mu\u00f1ecos peque\u00f1itos, llenan de cari\u00f1o el coraz\u00f3n de quien los compra y le dejan para siempre en las manos un delicioso olor a vainilla. Son tremendamente solidarios,, \u00a0porque\u00a0<span class=\"has-babypelones-rosa-color\">los beneficios<\/span>\u00a0de sus ventas nos sirven<span class=\"has-babypelones-rosa-color\">\u00a0para seguir poniendo en marcha todos los proyectos de nuestra Fundaci\u00f3n (Jardines<\/span>, Cines, Estaciones Lunares\u2026\u00a1y muchos nuevos que vendr\u00e1n! )<\/p>\n<p>Edad m\u00ednima recomendad 12 meses y m\u00e1s.<\/p>","protected":false},"featured_media":98224,"template":"","meta":{"inline_featured_image":false,"_themeisle_gutenberg_block_has_review":false},"product_cat":[18],"product_tag":[],"class_list":{"0":"post-10002","1":"product","2":"type-product","3":"status-publish","4":"has-post-thumbnail","6":"product_cat-baby-pelones","8":"first","9":"instock","10":"taxable","11":"shipping-taxable","12":"purchasable","13":"product-type-simple"},"acf":[],"aioseo_notices":[],"_links":{"self":[{"href":"https:\/\/pre.juegaterapia.org\/it\/wp-json\/wp\/v2\/product\/10002","targetHints":{"allow":["GET"]}}],"collection":[{"href":"https:\/\/pre.juegaterapia.org\/it\/wp-json\/wp\/v2\/product"}],"about":[{"href":"https:\/\/pre.juegaterapia.org\/it\/wp-json\/wp\/v2\/types\/product"}],"wp:featuredmedia":[{"embeddable":true,"href":"https:\/\/pre.juegaterapia.org\/it\/wp-json\/wp\/v2\/media\/98224"}],"wp:attachment":[{"href":"https:\/\/pre.juegaterapia.org\/it\/wp-json\/wp\/v2\/media?parent=10002"}],"wp:term":[{"taxonomy":"product_cat","embeddable":true,"href":"https:\/\/pre.juegaterapia.org\/it\/wp-json\/wp\/v2\/product_cat?post=10002"},{"taxonomy":"product_tag","embeddable":true,"href":"https:\/\/pre.juegaterapia.org\/it\/wp-json\/wp\/v2\/product_tag?post=10002"}],"curies":[{"name":"wp","href":"https:\/\/api.w.org\/{rel}","templated":true}]}}