{"id":10001,"date":"2021-03-17T07:00:44","date_gmt":"2021-03-17T06:00:44","guid":{"rendered":"http:\/\/webjt-pre.azurewebsites.net\/?post_type=product&#038;p=10001"},"modified":"2024-01-16T14:36:16","modified_gmt":"2024-01-16T13:36:16","slug":"alba-carrillo","status":"publish","type":"product","link":"https:\/\/pre.juegaterapia.org\/it\/negozio-di-souvenir-solidali\/bambini-baldies\/alba-carrillo\/","title":{"rendered":"Baby Pel\u00f3n Alba Carrillo"},"content":{"rendered":"","protected":false},"excerpt":{"rendered":"<p>Con su dise\u00f1o de pa\u00f1uelo Alba nos propone volar y viajar por los aires, ligeros como una cometa. Los Baby Pelones son unos mu\u00f1ecos peque\u00f1itos, llenan de cari\u00f1o el coraz\u00f3n de quien los compra y le dejan para siempre en las manos un delicioso olor a vainilla. Son tremendamente solidarios, los beneficios de sus ventas nos sirven para invertir en investigaci\u00f3n contra el c\u00e1ncer y para seguir construyendo jardines, cines y estaciones lunares en los hospitales.<\/p>\n<p>Dimensiones 20 x 10 x 20 cm.<br \/>\nEdad m\u00ednima recomendad 12 meses y m\u00e1s.<br \/>\nPeso 200 gr.<\/p>","protected":false},"featured_media":145764,"template":"","meta":{"inline_featured_image":false,"_themeisle_gutenberg_block_has_review":false},"product_cat":[18],"product_tag":[],"class_list":{"0":"post-10001","1":"product","2":"type-product","3":"status-publish","4":"has-post-thumbnail","6":"product_cat-baby-pelones","8":"first","9":"outofstock","10":"taxable","11":"shipping-taxable","12":"purchasable","13":"product-type-simple"},"acf":[],"aioseo_notices":[],"_links":{"self":[{"href":"https:\/\/pre.juegaterapia.org\/it\/wp-json\/wp\/v2\/product\/10001","targetHints":{"allow":["GET"]}}],"collection":[{"href":"https:\/\/pre.juegaterapia.org\/it\/wp-json\/wp\/v2\/product"}],"about":[{"href":"https:\/\/pre.juegaterapia.org\/it\/wp-json\/wp\/v2\/types\/product"}],"wp:featuredmedia":[{"embeddable":true,"href":"https:\/\/pre.juegaterapia.org\/it\/wp-json\/wp\/v2\/media\/145764"}],"wp:attachment":[{"href":"https:\/\/pre.juegaterapia.org\/it\/wp-json\/wp\/v2\/media?parent=10001"}],"wp:term":[{"taxonomy":"product_cat","embeddable":true,"href":"https:\/\/pre.juegaterapia.org\/it\/wp-json\/wp\/v2\/product_cat?post=10001"},{"taxonomy":"product_tag","embeddable":true,"href":"https:\/\/pre.juegaterapia.org\/it\/wp-json\/wp\/v2\/product_tag?post=10001"}],"curies":[{"name":"wp","href":"https:\/\/api.w.org\/{rel}","templated":true}]}}