{"id":137598,"date":"2023-02-02T08:41:30","date_gmt":"2023-02-02T07:41:30","guid":{"rendered":"https:\/\/www.juegaterapia.org\/?page_id=137598"},"modified":"2023-02-02T08:41:31","modified_gmt":"2023-02-02T07:41:31","slug":"condiciones-generales-text","status":"publish","type":"page","link":"https:\/\/pre.juegaterapia.org\/it\/condiciones-generales-text\/","title":{"rendered":"Condiciones Generales text"},"content":{"rendered":"<div class=\"block-legal-section\">\n    <section class=\"habitant-information\">\n    <div class=\"container\">\n <\/div>    \n<\/section>\n        <\/div><p><\/p><div class=\"block-legal-section\">\n    <section class=\"habitant-information\">\n    <div class=\"container\">\n <p>Termini e condizioni generali<\/p>\n<p>Informaci\u00f3n previa al proceso contractual<\/p>\n<p>La presente p\u00e1gina web www.juegaterapia.org es propiedad de FUNDACI\u00d3N JUEGATERAPIA con CIF G86557097 y direcci\u00f3n fiscal en\u00a0 la calle Nu\u00f1ez de Balboa 56 Bajo A 28001, MADRID.<br \/>\nLas condiciones Generales de Contrataci\u00f3n regulan la relaci\u00f3n de venta a distancia entre FUNDACI\u00d3N JUEGATERAPIA y el usuario o cliente, de acuerdo con las estipulaciones legales, en especial, la Ley 7\/1998, de 13 de abril, sobre Condiciones Generales de Contrataci\u00f3n, la Ley 3\/2014, de 27 de marzo por la que se modifica el texto refundido de la Ley General para la Defensa de los consumidores y Usuarios, la normativa vigente de Protecci\u00f3n de Datos de Car\u00e1cter Personal, la Ley 7\/1996, de 15 de enero de Ordenaci\u00f3n del Comercio Minorista, y a la Ley 34\/2002 de 11 de julio, de Servicios de la Sociedad de la Informaci\u00f3n y de Comercio Electr\u00f3nico.<\/p>\n<p>FUNDACI\u00d3N JUEGATERAPIA se reserva el derecho a realizar las modificaciones que considere oportunas, sin aviso previo, en las Condiciones Generales. Dichas modificaciones podr\u00e1n realizarse, a trav\u00e9s de sus websites, por cualquier forma admisible en derecho y ser\u00e1n de obligado cumplimiento durante el tiempo en que se encuentren publicadas en la web y hasta que no sean modificadas v\u00e1lidamente por otras posteriores. No obstante, FUNDACI\u00d3N JUEGATERAPIA se reserva el derecho de aplicar, en determinados casos, unas Condiciones Particulares de Contrataci\u00f3n con preferencia a las presentes Condiciones Generales cuando lo considere oportuno, anunci\u00e1ndolas en tiempo y forma oportunos.<br \/>\nEl objeto de la p\u00e1gina web es: PLATAFORMA PARA LA AYUDA A NI\u00d1OS ENFERMOS DE C\u00c1NCER.<br \/>\nLa duraci\u00f3n del contrato quedar\u00e1 vinculada a la finalizaci\u00f3n del servicio contratado.<br \/>\nComo usuario o cliente declara expresamente conocer, entender y aceptar las condiciones de uso y estas condiciones generales de contrataci\u00f3n. Del mismo modo, declara ser mayor de edad y tener la capacidad jur\u00eddica y de obrar necesarias para el acceso a los sitios web de FUNDACI\u00d3N JUEGATERAPIA y la contrataci\u00f3n por medio de los mismos.<br \/>\nPara hacerse simpatizante o realizar donaciones, usted puede dirigirse al apartado correspondiente de nuestra web.<br \/>\nUna vez realizada la donaci\u00f3n, recibir\u00e1 una confirmaci\u00f3n de la misma por correo electr\u00f3nico. Es imprescindible que durante el proceso el usuario indique un correo electr\u00f3nico v\u00e1lido. Si en 24 horas desde la realizaci\u00f3n de la donaci\u00f3n no recibe la confirmaci\u00f3n, p\u00f3ngase en contacto con FUNDACI\u00d3N JUEGATERAPIA en el tel\u00e9fono de atenci\u00f3n al cliente 915756904 o mediante el correo electr\u00f3nico hola@juegaterapia.org.<\/p>\n<p>Una vez realizada la donaci\u00f3n podr\u00e1 solicitar el correspondiente certificado de donaci\u00f3n enviando un email a mcavanilles@juegaterapia.org junto con el justificante de la donaci\u00f3n.<br \/>\nTodos los contenidos de la web est\u00e1n en espa\u00f1ol.<\/p>\n<p>Donaciones y pagos a trav\u00e9s de esta p\u00e1gina web<br \/>\nA trav\u00e9s de esta p\u00e1gina web podr\u00e1s realizar donaciones a FUNDACI\u00d3N JUEGATERAPIA de distintas maneras:<br \/>\n&#8211; Haciendo donaciones puntuales en las que aportas una \u00fanica cantidad.<br \/>\n&#8211; Haci\u00e9ndote socio: en las que aportas una cuota (mensual, trimestral o anual) domiciliada a tu IBAN o cuenta bancaria.<br \/>\n&#8211; Comprando nuestros productos solidarios.<br \/>\n&#8211; Mediante mensajes SMS.<br \/>\n&#8211; Enviando tus consolas y juegos para que los ni\u00f1os puedan disfrutar de ellos.<br \/>\nCaracter\u00edsticas, oferta y vigencia de las donaciones<br \/>\nLas donaciones en nuestra web, se detallan las caracter\u00edsticas esenciales de las mismas.<br \/>\nEn cumplimiento de la normativa vigente FUNDACI\u00d3N JUEGATERAPIA ofrece informaci\u00f3n sobre todos sus donaciones, sus caracter\u00edsticas y precios. No obstante, FUNDACION JUEGATERAPIA se reserva el derecho a retirar, reponer o cambiar los servicios que se ofrecen a trav\u00e9s de su p\u00e1gina web, mediante el simple cambio en el contenido de la misma. De esta forma, los servicios ofrecidos en cada momento por la web se regir\u00e1n por las Condiciones Generales de Contrataci\u00f3n vigentes en cada caso. Asimismo, la empresa tendr\u00e1 la facultad de dejar de ofrecer, sin previo aviso y en cualquier momento, el acceso a los servicios mencionados.<\/p>\n<p>Donaciones puntuales<br \/>\nPuede aportar una donaci\u00f3n puntual a los proyectos de FUNDACI\u00d3N JUEGATERAPIA mediante un ingreso en La Caixa ES09 2100-4647-65-2200153911, o bien mediante tarjeta de cr\u00e9dito o paypal rellenando los formularios dispuestos a tal efecto en la web.<br \/>\nSI realiza el pago a trav\u00e9s de Paypal, por transferencia directa desde su cuenta bancaria o si lo realiza directamente en una sucursal de La Caixa y quiere recibir el certificado de donaci\u00f3n por favor env\u00ede un email junto con el justificante de la donaci\u00f3n a mcavanilles@juegaterapia.org.<br \/>\nDesde FUNDACI\u00d3N JUEGATERAPIA le informamos que al tratarse de una donaci\u00f3n, una vez efectuada no podr\u00e1 reclamar la devoluci\u00f3n de la misma.<\/p>\n<p>Diventa membro<br \/>\nAl inscribirse como socio, el usuario podr\u00e1 aportar una cuota (mensual, trimestral o anual) domiciliada a un IBAN o cuenta bancaria. Al darse de alta como socio tambi\u00e9n formar\u00e1 parte de nuestro equipo de JUEGATERAPEUTAS y recibir\u00e1 una pulsera de bienvenida.<br \/>\nEn el apartado correspondiente de nuestra p\u00e1gina web se describe el proceso para inscribirse como socio y se pone a disposici\u00f3n de los usuarios tanto el formulario de inscripci\u00f3n como el certificado de donaciones mediante el cual los socios podr\u00e1n desgravarse hasta un 75% de sus donaciones. As\u00ed mismo tambi\u00e9n podr\u00e1 modificar en cualquier momento la cuota de donaci\u00f3n.<\/p>\n<p>En cualquier momento podr\u00e1 darse de baja como socio de FUNDACI\u00d3N JUEGATERAPIA mediante el tel\u00e9fono 915756904 o mediante el correo electr\u00f3nico hola@juegaterapia.org<br \/>\nProductos solidarios<br \/>\nMuchas marcas colaboran con FUNDACI\u00d3N JUEGATERAPIA dise\u00f1ando para nosotros productos especiales, donde parte de los beneficios los donan para la fundaci\u00f3n.<br \/>\nDesde el apartado \u201cTienda\u201d de nuestra web, podr\u00e1 encontrar la descripci\u00f3n de los distintos productos y la forma de colaboraci\u00f3n con nuestra entidad, adem\u00e1s de los links hacia estas tiendas donde encontrar los productos solidarios. Las compras de los productos solidarios estar\u00e1n sujetos a las condiciones de contrataci\u00f3n de estas p\u00e1ginas web.<\/p>\n<p>Donaci\u00f3n mediante SMS<br \/>\nFUNDACI\u00d3N JUEGATERAPIA pone a disposici\u00f3n de los usuarios que lo deseen, la opci\u00f3n de realizar un donativo mediante SMS. Para ello, deber\u00e1n enviar un SMS con el mensaje JUEGATERAPIA al 28011. El conste del mensaje es de 1,20\u20ac y todo el importe supone una donaci\u00f3n integra a FUNDACION JUEGATERAPIA. El env\u00edo de mensajes al n\u00famero 28011 supone una \u00fanica donaci\u00f3n puntual de 1,20 \u20ac. Si desea volver a donar, el usuario debe volver a enviar un nuevo SMS.<br \/>\nPara poder donar mediante el env\u00edo de SMS al 28011, los usuarios deben:<br \/>\n&#8211; Tener activados los servicios de SMS.<br \/>\n&#8211; Disponer de saldo en su tarjeta, en el caso de los usuarios de prepago.<br \/>\n&#8211; Enviar SMS a trav\u00e9s de las operadoras con las cuales FUNDACI\u00d3N JUEGATERAPIA tiene firmados acuerdos de colaboraci\u00f3n solidarios: Vodafone, Movistar, Orange. Estas operadoras gestionan el env\u00edo y recepci\u00f3n de los mensajes solidarios sin coste alguno ni para el usuario ni para M\u00e9dicos Sin Fronteras, permitiendo que el coste del mensaje (1,20 \u20ac) llegue \u00edntegro a FUNDACI\u00d3N JUEGATERAPIA.<br \/>\n* Campa\u00f1a solidaria operada por OT Digital Virgo Espa\u00f1a S.A. SMS solidario. Para cualquier consulta relativa al env\u00edo del SMS puede contactar con Digital Virgo Espa\u00f1a por todos estos cauces, llama al 900907083. Ap. Correos 47081 28080 MAD info@digitalvirgo.com.es.<br \/>\nCon el env\u00edo de SMS, el usuario acepta las Pol\u00edticas de Protecci\u00f3n de Datos Personales.<\/p>\n<p>Env\u00edo de consolas y juegos<br \/>\nDesde FUNDACI\u00d3N JUEGATERAPIA ponemos las consolas y juegos que nuestros colaboradores nos hacen llegar a disposici\u00f3n de los ni\u00f1os hospitalizados para hacer su estancia m\u00e1s amena.<br \/>\nEn el apartado correspondiente de nuestra web \u201cEnv\u00edo de consolas\u201d podr\u00e1 consultar las consolas, accesorios y videojuegos que recibimos as\u00ed como las condiciones en las que deben encontrarse y los requisitos que deben cumplir. En este apartado tambi\u00e9n encontrara la descripci\u00f3n del proceso para enviarla as\u00ed como las pegatinas con sus datos que puede a\u00f1adir ya que muchas veces a los ni\u00f1os y sus padres les gusta ponerse en contacto con los donantes para dar las gracias.<\/p>\n<p>El env\u00edo de tu consola o videojuegos no supone ning\u00fan coste para ti a trav\u00e9s de las delegaciones de Envialia. El material ir\u00e1 directo a nuestro almac\u00e9n, donde podremos revisarlo y prepararlo para entreg\u00e1rselo a un peque. En el apartado correspondiente \u201cEnvia tu consola\u201d tambien ponemos a disposici\u00f3n de los usuarios un link donde consultar la delegaci\u00f3n de Envialia m\u00e1s cercana.<br \/>\nSi hay alg\u00fan problema en el momento de realizar el env\u00edo, indica los siguientes datos al agente de Envialia para que te ayude a encontrar la delegaci\u00f3n de cargo correspondiente: N\u00ba de cliente: 79, Agencia de cargo: 2803<\/p>\n<p>Formas de pago<br \/>\nEl cliente podr\u00e1 abonar el importe de su donaci\u00f3n optando por cualquiera de las siguientes formas. Durante el proceso deber\u00e1 indicar su elecci\u00f3n:<\/p>\n<p>&#8211; Tarjeta de cr\u00e9dito VISA o MASTERCARD<\/p>\n<p>Todas las operaciones que implican la transmisi\u00f3n de datos personales o bancarios se realizan utilizando un entorno seguro, un servidor basado en la tecnolog\u00eda de seguridad est\u00e1ndar SSL (Secure Sockets Layer). Toda la informaci\u00f3n que nos transmita viaja cifrada a trav\u00e9s de la red.<br \/>\nAsimismo los datos sobre su tarjeta de cr\u00e9dito son introducidos directamente en la p\u00e1gina del banco, en el TPV (Terminal Punto de venta del Banco) y no son introducidos ni registrados en ning\u00fan servidor de FUNDACION JUEGATERAPIA.<br \/>\nAl pagar con tarjeta VISA o MASTERCARD se le solicitar\u00e1n siempre los siguientes datos: el n\u00famero de tarjeta, la fecha de caducidad, y un C\u00f3digo de Validaci\u00f3n que coincide con las 3 \u00faltimas cifras del n\u00famero impreso en cursiva en el reverso de su tarjeta VISA o MASTERCARD, ofreciendo, de esta forma, m\u00e1s garant\u00edas acerca de la seguridad de la transacci\u00f3n.<br \/>\nEsta forma de pago es v\u00e1lida \u00fanicamente en la web.<br \/>\nCuando el importe de una compra hubiese sido cargado fraudulenta o indebidamente utilizando el n\u00famero de una tarjeta de pago, su titular podr\u00e1 exigir la inmediata anulaci\u00f3n del cargo. En tal caso, las correspondientes anotaciones de adeudo y reabono en las cuentas del proveedor y del titular se efectuar\u00e1n a la mayor brevedad.<br \/>\nSin embargo, si la compra hubiese sido efectivamente realizada por el titular de la tarjeta y la exigencia de devoluci\u00f3n no fuera consecuencia de haberse ejercido el derecho de desistimiento o de resoluci\u00f3n y, por tanto, hubiese exigido indebidamente la anulaci\u00f3n del correspondiente cargo, aquel quedar\u00e1 obligado frente a FUNDACION JUEGATERAPIA al resarcimiento de los da\u00f1os y perjuicios ocasionados como consecuencia de dicha anulaci\u00f3n.<\/p>\n<p>&#8211; Pago Domiciliado (socios)<\/p>\n<p>Si ya es cliente nuestro y no es la primera vez que contrata nuestros servicios, puede seleccionar esta forma de pago y FUNDACION JUEGATERAPIA le pasar\u00e1 un cargo por banco al n\u00famero de cuenta que ya nos haya hecho constar para tal efecto.<br \/>\nSi a\u00fan no es cliente nuestro o es la primera vez que contrata nuestros servicios y quiere usar esta modalidad de pago, p\u00f3ngase en contacto con nosotros a trav\u00e9s de nuestro formulario de contacto, de nuestro email: hola@juegaterapia.org o a trav\u00e9s del n\u00famero de atenci\u00f3n al cliente 915756904.<\/p>\n<p>&#8211; PayPal<\/p>\n<p>Permite enviar pagos en Internet de forma segura y c\u00f3moda. La red de PayPal se basa en la infraestructura financiera existente de cuentas bancarias y tarjetas de cr\u00e9dito para crear una soluci\u00f3n global de pago en tiempo real. PayPal ofrece un servicio especialmente pensado para aquellos a los que no les satisfacen los mecanismos de pago tradicionales.<br \/>\nM\u00e1s informaci\u00f3n en PayPal: http:\/\/www.paypal.com.<\/p>\n<p>La disponibilidad de servicios ofrecidos por FUNDACI\u00d3N JUEGATERAPIA puede variar en funci\u00f3n del servicio. En caso de no ejecuci\u00f3n por indisponibilidad, FUNDACION JUEGATERAPIA en el momento que tenga conocimiento de esta situaci\u00f3n lo notificar\u00e1 al cliente, por medio de un correo electr\u00f3nico. El periodo de esta comunicaci\u00f3n no superar\u00e1 en ning\u00fan caso el plazo m\u00e1ximo de 30 d\u00edas, FUNDACI\u00d3N JUEGATERAPIA podr\u00e1 dar la doble opci\u00f3n de: ofrecer al cliente sin aumento de precio, un servicio de caracter\u00edsticas similares o de superior calidad, o salvo razones justificadas y demostrables por FUNDACI\u00d3N JUEGATERAPIA dentro de este mismo periodo abonar las sumas pagadas por el servicio anulado.<\/p>\n<p>Derecho de desistimiento, reembolso del pago y reclamaciones<br \/>\nAl tratarse de una donaci\u00f3n destinada a los fines generales de FUNDACION JUEGATERAPIA, la realizaci\u00f3n de la misma no conlleva la entrega de ning\u00fan producto o servicio, ni cabe el derecho de desistimiento. Seg\u00fan lo establecido el art\u00edculo 103 de la Ley 3\/2014, de 27 de marzo por la que se modifica el texto refundido de la Ley General para la Defensa de los consumidores y Usuarios, los suministros de servicios o bienes confeccionado conforme a las especificaciones del consumidor o claramente personalizados, o que, por su naturaleza, no puedan ser devueltos o puedan deteriorarse o caducar con rapidez, est\u00e1n exentos de desistimiento.<br \/>\nTampoco es de aplicaci\u00f3n el r\u00e9gimen de garant\u00edas sobre productos o servicios, regulado en el Real Decreto Legislativo 1\/2007, de 16 de noviembre, por el que se aprueba el texto refundido de la Ley General para la Defensa de los Consumidores y Usuarios.<br \/>\nTambi\u00e9n se informa al usuario de www.juegaterapia.org que al tratarse de una donaci\u00f3n incondicional no existe la posibilidad de reembolso del pago.<\/p>\n<p>Reclamaci\u00f3n<br \/>\nSi el cliente desea presentar una reclamaci\u00f3n, el establecimiento de FUNDACI\u00d3N JUEGATERAPIA est\u00e1 situado en Nu\u00f1ez de Balboa 56, Bajo A,, MADRID o a trav\u00e9s del correo electr\u00f3nico hola@juegaterapia.org.<br \/>\nJurisdicci\u00f3n<br \/>\nAsimismo, FUNDACI\u00d3N JUEGATERAPIA se reserva la facultad de presentar las acciones civiles o penales que considere oportunas por la utilizaci\u00f3n indebida de su sitio web y contenidos o por el incumplimiento de las presentes condiciones.<br \/>\nLa relaci\u00f3n entre el usuario y el prestador se regir\u00e1 por la normativa vigente y de aplicaci\u00f3n en el territorio espa\u00f1ol. De surgir cualquier controversia las partes podr\u00e1n someter sus conflictos a arbitraje o acudir a la jurisdicci\u00f3n ordinaria cumpliendo con las normas sobre jurisdicci\u00f3n y competencia al respecto. FUNDACION JUEGATERAPIA tiene su domicilio en MADRID, Espa\u00f1a.<\/p>\n<\/div>    \n<\/section>\n        <\/div>","protected":false},"excerpt":{"rendered":"","protected":false},"author":67,"featured_media":0,"parent":0,"menu_order":0,"comment_status":"closed","ping_status":"closed","template":"","meta":{"inline_featured_image":false,"_themeisle_gutenberg_block_has_review":false,"footnotes":""},"class_list":["post-137598","page","type-page","status-publish","hentry"],"acf":[],"aioseo_notices":[],"_links":{"self":[{"href":"https:\/\/pre.juegaterapia.org\/it\/wp-json\/wp\/v2\/pages\/137598","targetHints":{"allow":["GET"]}}],"collection":[{"href":"https:\/\/pre.juegaterapia.org\/it\/wp-json\/wp\/v2\/pages"}],"about":[{"href":"https:\/\/pre.juegaterapia.org\/it\/wp-json\/wp\/v2\/types\/page"}],"author":[{"embeddable":true,"href":"https:\/\/pre.juegaterapia.org\/it\/wp-json\/wp\/v2\/users\/67"}],"replies":[{"embeddable":true,"href":"https:\/\/pre.juegaterapia.org\/it\/wp-json\/wp\/v2\/comments?post=137598"}],"version-history":[{"count":2,"href":"https:\/\/pre.juegaterapia.org\/it\/wp-json\/wp\/v2\/pages\/137598\/revisions"}],"predecessor-version":[{"id":137600,"href":"https:\/\/pre.juegaterapia.org\/it\/wp-json\/wp\/v2\/pages\/137598\/revisions\/137600"}],"wp:attachment":[{"href":"https:\/\/pre.juegaterapia.org\/it\/wp-json\/wp\/v2\/media?parent=137598"}],"curies":[{"name":"wp","href":"https:\/\/api.w.org\/{rel}","templated":true}]}}