{"id":150814,"date":"2023-08-30T13:56:20","date_gmt":"2023-08-30T11:56:20","guid":{"rendered":"https:\/\/www.juegaterapia.org\/?post_type=product&#038;p=150814"},"modified":"2024-01-22T14:45:09","modified_gmt":"2024-01-22T13:45:09","slug":"semillas-pensamiento","status":"publish","type":"product","link":"https:\/\/pre.juegaterapia.org\/en\/solidarity-gift-shop\/otras-cosas-que-molan\/semillas-pensamiento\/","title":{"rendered":"Magic Seeds Thought"},"content":{"rendered":"","protected":false},"excerpt":{"rendered":"<p>Podr\u00e1s plantarlas en casa y verlas crecer, e imaginar c\u00f3mo crecer\u00e1 la alegr\u00eda de los peques hospitalizados cuando puedan salir al jard\u00edn a jugar. Te ofrecemos dos tipos de flores, Lavanda y Pensamientos. Y las dos son m\u00e1gicas. Porque alegrar\u00e1n a la vez los rincones de tu casa y la vida de ni\u00f1as y ni\u00f1os enfermos de c\u00e1ncer. \u00a1Gracias por ayudarnos y ayudarles!<\/p>","protected":false},"featured_media":151034,"template":"","meta":{"inline_featured_image":false,"_themeisle_gutenberg_block_has_review":false},"product_cat":[19],"product_tag":[],"class_list":{"0":"post-150814","1":"product","2":"type-product","3":"status-publish","4":"has-post-thumbnail","6":"product_cat-otras-cosas-que-molan","8":"first","9":"instock","10":"taxable","11":"shipping-taxable","12":"purchasable","13":"product-type-simple"},"acf":[],"aioseo_notices":[],"_links":{"self":[{"href":"https:\/\/pre.juegaterapia.org\/en\/wp-json\/wp\/v2\/product\/150814","targetHints":{"allow":["GET"]}}],"collection":[{"href":"https:\/\/pre.juegaterapia.org\/en\/wp-json\/wp\/v2\/product"}],"about":[{"href":"https:\/\/pre.juegaterapia.org\/en\/wp-json\/wp\/v2\/types\/product"}],"wp:featuredmedia":[{"embeddable":true,"href":"https:\/\/pre.juegaterapia.org\/en\/wp-json\/wp\/v2\/media\/151034"}],"wp:attachment":[{"href":"https:\/\/pre.juegaterapia.org\/en\/wp-json\/wp\/v2\/media?parent=150814"}],"wp:term":[{"taxonomy":"product_cat","embeddable":true,"href":"https:\/\/pre.juegaterapia.org\/en\/wp-json\/wp\/v2\/product_cat?post=150814"},{"taxonomy":"product_tag","embeddable":true,"href":"https:\/\/pre.juegaterapia.org\/en\/wp-json\/wp\/v2\/product_tag?post=150814"}],"curies":[{"name":"wp","href":"https:\/\/api.w.org\/{rel}","templated":true}]}}