{"id":113737,"date":"2022-11-30T15:41:10","date_gmt":"2022-11-30T14:41:10","guid":{"rendered":"https:\/\/www.juegaterapia.org\/?post_type=product&#038;p=113737"},"modified":"2024-01-16T14:36:18","modified_gmt":"2024-01-16T13:36:18","slug":"calendario-2023-juegaterapia","status":"publish","type":"product","link":"https:\/\/pre.juegaterapia.org\/en\/solidarity-gift-shop\/otras-cosas-que-molan\/calendario-2023-juegaterapia\/","title":{"rendered":"Calendario solidario 2023"},"content":{"rendered":"","protected":false},"excerpt":{"rendered":"<p>Ya tenemos a la venta nuestro Calendario solidario 2023. Doce meses por delante para vivir en familia todo el cari\u00f1o, apoyo y sost\u00e9n que se regalan los hermanos mutuamente, todos los d\u00edas del a\u00f1o.<\/p>","protected":false},"featured_media":113738,"template":"","meta":{"inline_featured_image":false,"_themeisle_gutenberg_block_has_review":false},"product_cat":[19],"product_tag":[],"class_list":{"0":"post-113737","1":"product","2":"type-product","3":"status-publish","4":"has-post-thumbnail","6":"product_cat-otras-cosas-que-molan","8":"first","9":"instock","10":"taxable","11":"shipping-taxable","12":"purchasable","13":"product-type-simple"},"acf":[],"aioseo_notices":[],"_links":{"self":[{"href":"https:\/\/pre.juegaterapia.org\/en\/wp-json\/wp\/v2\/product\/113737","targetHints":{"allow":["GET"]}}],"collection":[{"href":"https:\/\/pre.juegaterapia.org\/en\/wp-json\/wp\/v2\/product"}],"about":[{"href":"https:\/\/pre.juegaterapia.org\/en\/wp-json\/wp\/v2\/types\/product"}],"wp:featuredmedia":[{"embeddable":true,"href":"https:\/\/pre.juegaterapia.org\/en\/wp-json\/wp\/v2\/media\/113738"}],"wp:attachment":[{"href":"https:\/\/pre.juegaterapia.org\/en\/wp-json\/wp\/v2\/media?parent=113737"}],"wp:term":[{"taxonomy":"product_cat","embeddable":true,"href":"https:\/\/pre.juegaterapia.org\/en\/wp-json\/wp\/v2\/product_cat?post=113737"},{"taxonomy":"product_tag","embeddable":true,"href":"https:\/\/pre.juegaterapia.org\/en\/wp-json\/wp\/v2\/product_tag?post=113737"}],"curies":[{"name":"wp","href":"https:\/\/api.w.org\/{rel}","templated":true}]}}