{"id":110969,"date":"2022-10-19T22:02:54","date_gmt":"2022-10-19T20:02:54","guid":{"rendered":"https:\/\/www.juegaterapia.org\/?post_type=product&#038;p=110969"},"modified":"2024-01-16T14:36:18","modified_gmt":"2024-01-16T13:36:18","slug":"baby-pelon-pablo-alboran","status":"publish","type":"product","link":"https:\/\/pre.juegaterapia.org\/en\/solidarity-gift-shop\/baby-baldies\/baby-pelon-pablo-alboran\/","title":{"rendered":"Baby Pel\u00f3n Pablo Albor\u00e1n"},"content":{"rendered":"","protected":false},"excerpt":{"rendered":"<p>Llega a la Familia Juegaterap\u00e9utica el Baby Pel\u00f3n n\u00ba27 de la colecci\u00f3n de la mano de Pablo Albor\u00e1n y el peque\u00f1o Marco. Dos nuevos amigos que llegan dispuestos a dejar huella en el coraz\u00f3n de todos los peques y familias que se enfrentan cada d\u00eda al c\u00e1ncer. Un nuevo Baby Pel\u00f3n solidario y poderoso porque nos ayudar\u00e1 a convertir los hospitales en sitios m\u00e1gicos y llenos de vida. Gracias a todos por coleccionar solidaridad.<\/p>\n<p>Edad m\u00ednima recomendada 12 meses y m\u00e1s.<\/p>","protected":false},"featured_media":111083,"template":"","meta":{"inline_featured_image":false,"_themeisle_gutenberg_block_has_review":false},"product_cat":[18],"product_tag":[],"class_list":{"0":"post-110969","1":"product","2":"type-product","3":"status-publish","4":"has-post-thumbnail","6":"product_cat-baby-pelones","8":"first","9":"instock","10":"featured","11":"taxable","12":"shipping-taxable","13":"purchasable","14":"product-type-simple"},"acf":[],"aioseo_notices":[],"_links":{"self":[{"href":"https:\/\/pre.juegaterapia.org\/en\/wp-json\/wp\/v2\/product\/110969","targetHints":{"allow":["GET"]}}],"collection":[{"href":"https:\/\/pre.juegaterapia.org\/en\/wp-json\/wp\/v2\/product"}],"about":[{"href":"https:\/\/pre.juegaterapia.org\/en\/wp-json\/wp\/v2\/types\/product"}],"wp:featuredmedia":[{"embeddable":true,"href":"https:\/\/pre.juegaterapia.org\/en\/wp-json\/wp\/v2\/media\/111083"}],"wp:attachment":[{"href":"https:\/\/pre.juegaterapia.org\/en\/wp-json\/wp\/v2\/media?parent=110969"}],"wp:term":[{"taxonomy":"product_cat","embeddable":true,"href":"https:\/\/pre.juegaterapia.org\/en\/wp-json\/wp\/v2\/product_cat?post=110969"},{"taxonomy":"product_tag","embeddable":true,"href":"https:\/\/pre.juegaterapia.org\/en\/wp-json\/wp\/v2\/product_tag?post=110969"}],"curies":[{"name":"wp","href":"https:\/\/api.w.org\/{rel}","templated":true}]}}