{"id":110073,"date":"2022-09-21T12:16:36","date_gmt":"2022-09-21T10:16:36","guid":{"rendered":"https:\/\/www.juegaterapia.org\/?post_type=product&#038;p=110073"},"modified":"2024-01-16T14:36:18","modified_gmt":"2024-01-16T13:36:18","slug":"babypelon-mickey","status":"publish","type":"product","link":"https:\/\/pre.juegaterapia.org\/en\/solidarity-gift-shop\/baby-baldies\/babypelon-mickey\/","title":{"rendered":"Baby Pel\u00f3n Mickey"},"content":{"rendered":"","protected":false},"excerpt":{"rendered":"<p>Con toda la solidaridad del esp\u00edritu juegaterap\u00e9utico y una chispa de magia Disney, nace el Baby Pel\u00f3n Mickey. Con su nuevo vestido de gala, llega dispuesto a formar parte importante de la colecci\u00f3n m\u00e1s bonita del mundo y a llenar los hospitales infantiles de pura felicidad. Sustituir\u00e1 poquito a poco al actual Baby Pel\u00f3n Disney, con quien comparte carita y pa\u00f1uelo. \u00a1Gracias a todos por meterlo de lleno en la familia!<\/p>\n<p>Edad m\u00ednima recomendada 12 meses y m\u00e1s.<br \/>\nPeso 200 gr.<\/p>","protected":false},"featured_media":110269,"template":"","meta":{"inline_featured_image":false,"_themeisle_gutenberg_block_has_review":false},"product_cat":[18],"product_tag":[],"class_list":{"0":"post-110073","1":"product","2":"type-product","3":"status-publish","4":"has-post-thumbnail","6":"product_cat-baby-pelones","8":"first","9":"instock","10":"featured","11":"taxable","12":"shipping-taxable","13":"purchasable","14":"product-type-simple"},"acf":[],"aioseo_notices":[],"_links":{"self":[{"href":"https:\/\/pre.juegaterapia.org\/en\/wp-json\/wp\/v2\/product\/110073","targetHints":{"allow":["GET"]}}],"collection":[{"href":"https:\/\/pre.juegaterapia.org\/en\/wp-json\/wp\/v2\/product"}],"about":[{"href":"https:\/\/pre.juegaterapia.org\/en\/wp-json\/wp\/v2\/types\/product"}],"wp:featuredmedia":[{"embeddable":true,"href":"https:\/\/pre.juegaterapia.org\/en\/wp-json\/wp\/v2\/media\/110269"}],"wp:attachment":[{"href":"https:\/\/pre.juegaterapia.org\/en\/wp-json\/wp\/v2\/media?parent=110073"}],"wp:term":[{"taxonomy":"product_cat","embeddable":true,"href":"https:\/\/pre.juegaterapia.org\/en\/wp-json\/wp\/v2\/product_cat?post=110073"},{"taxonomy":"product_tag","embeddable":true,"href":"https:\/\/pre.juegaterapia.org\/en\/wp-json\/wp\/v2\/product_tag?post=110073"}],"curies":[{"name":"wp","href":"https:\/\/api.w.org\/{rel}","templated":true}]}}