{"id":108165,"date":"2022-07-20T10:05:27","date_gmt":"2022-07-20T10:05:27","guid":{"rendered":"https:\/\/www.juegaterapia.org\/?post_type=product&#038;p=108165"},"modified":"2024-01-16T14:36:18","modified_gmt":"2024-01-16T13:36:18","slug":"babypelonoriental","status":"publish","type":"product","link":"https:\/\/pre.juegaterapia.org\/en\/solidarity-gift-shop\/baby-baldies\/babypelonoriental\/","title":{"rendered":"Baby Pel\u00f3n Oriental"},"content":{"rendered":"","protected":false},"excerpt":{"rendered":"<p>\u00a1Un nuevo Baby Pel\u00f3n llega a la familia! El n\u00famero 23 de la colecci\u00f3n llega desde Oriente para seguir ayudando los peques en tratamiento oncol\u00f3gico. Ni\u00f1os como Luc\u00eda, su madrina y compa\u00f1era, que nos ayudar\u00e1 a presentarlo para que haga amigos r\u00e1pidamente.<\/p>\n<p>Hu\u0101ny\u00edng p\u00e9ngy\u01d2u, peque\u00f1o amigo. Bienvenido a la familia.<\/p>\n<p>Edad m\u00ednima recomendada 12 meses y m\u00e1s.<br \/>\nPeso 200 gr.<\/p>","protected":false},"featured_media":108186,"template":"","meta":{"inline_featured_image":false,"_themeisle_gutenberg_block_has_review":false},"product_cat":[18],"product_tag":[],"class_list":{"0":"post-108165","1":"product","2":"type-product","3":"status-publish","4":"has-post-thumbnail","6":"product_cat-baby-pelones","8":"first","9":"instock","10":"featured","11":"taxable","12":"shipping-taxable","13":"purchasable","14":"product-type-simple"},"acf":[],"aioseo_notices":[],"_links":{"self":[{"href":"https:\/\/pre.juegaterapia.org\/en\/wp-json\/wp\/v2\/product\/108165","targetHints":{"allow":["GET"]}}],"collection":[{"href":"https:\/\/pre.juegaterapia.org\/en\/wp-json\/wp\/v2\/product"}],"about":[{"href":"https:\/\/pre.juegaterapia.org\/en\/wp-json\/wp\/v2\/types\/product"}],"wp:featuredmedia":[{"embeddable":true,"href":"https:\/\/pre.juegaterapia.org\/en\/wp-json\/wp\/v2\/media\/108186"}],"wp:attachment":[{"href":"https:\/\/pre.juegaterapia.org\/en\/wp-json\/wp\/v2\/media?parent=108165"}],"wp:term":[{"taxonomy":"product_cat","embeddable":true,"href":"https:\/\/pre.juegaterapia.org\/en\/wp-json\/wp\/v2\/product_cat?post=108165"},{"taxonomy":"product_tag","embeddable":true,"href":"https:\/\/pre.juegaterapia.org\/en\/wp-json\/wp\/v2\/product_tag?post=108165"}],"curies":[{"name":"wp","href":"https:\/\/api.w.org\/{rel}","templated":true}]}}