{"id":108156,"date":"2022-07-20T09:54:15","date_gmt":"2022-07-20T09:54:15","guid":{"rendered":"https:\/\/www.juegaterapia.org\/?post_type=product&#038;p=108156"},"modified":"2024-01-16T14:36:18","modified_gmt":"2024-01-16T13:36:18","slug":"frozen-elsa","status":"publish","type":"product","link":"https:\/\/pre.juegaterapia.org\/en\/solidarity-gift-shop\/baby-baldies\/frozen-elsa\/","title":{"rendered":"Baby Pel\u00f3n Frozen Elsa"},"content":{"rendered":"","protected":false},"excerpt":{"rendered":"<p>Mar\u00eda y su hermana Luc\u00eda te presentan el nuevo Baby Pel\u00f3n ELSA de Frozen. El n\u00famero 25 de nuestra colecci\u00f3n, que hace bonita y perfecta pareja con su hermana <u>ANNA.<\/u><\/p>\n<p>Dos nuevos pelones que seguir\u00e1n ayud\u00e1ndonos a llenar los hospitales de magia y solidaridad.<\/p>\n<p>Edad m\u00ednima recomendada 12 meses y m\u00e1s.<\/p>","protected":false},"featured_media":108158,"template":"","meta":{"inline_featured_image":false,"_themeisle_gutenberg_block_has_review":false},"product_cat":[18],"product_tag":[],"class_list":{"0":"post-108156","1":"product","2":"type-product","3":"status-publish","4":"has-post-thumbnail","6":"product_cat-baby-pelones","8":"first","9":"instock","10":"featured","11":"taxable","12":"shipping-taxable","13":"purchasable","14":"product-type-simple"},"acf":[],"aioseo_notices":[],"_links":{"self":[{"href":"https:\/\/pre.juegaterapia.org\/en\/wp-json\/wp\/v2\/product\/108156","targetHints":{"allow":["GET"]}}],"collection":[{"href":"https:\/\/pre.juegaterapia.org\/en\/wp-json\/wp\/v2\/product"}],"about":[{"href":"https:\/\/pre.juegaterapia.org\/en\/wp-json\/wp\/v2\/types\/product"}],"wp:featuredmedia":[{"embeddable":true,"href":"https:\/\/pre.juegaterapia.org\/en\/wp-json\/wp\/v2\/media\/108158"}],"wp:attachment":[{"href":"https:\/\/pre.juegaterapia.org\/en\/wp-json\/wp\/v2\/media?parent=108156"}],"wp:term":[{"taxonomy":"product_cat","embeddable":true,"href":"https:\/\/pre.juegaterapia.org\/en\/wp-json\/wp\/v2\/product_cat?post=108156"},{"taxonomy":"product_tag","embeddable":true,"href":"https:\/\/pre.juegaterapia.org\/en\/wp-json\/wp\/v2\/product_tag?post=108156"}],"curies":[{"name":"wp","href":"https:\/\/api.w.org\/{rel}","templated":true}]}}