{"id":10035,"date":"2021-10-13T11:54:26","date_gmt":"2021-10-13T09:54:26","guid":{"rendered":"http:\/\/webjt-pre.azurewebsites.net\/?post_type=product&#038;p=10035"},"modified":"2024-01-16T14:36:17","modified_gmt":"2024-01-16T13:36:17","slug":"babypelon-princesas-disney","status":"publish","type":"product","link":"https:\/\/pre.juegaterapia.org\/en\/solidarity-gift-shop\/baby-baldies\/babypelon-princesas-disney\/","title":{"rendered":"Baby Pel\u00f3n Disney Princesses"},"content":{"rendered":"","protected":false},"excerpt":{"rendered":"<p>Este es el Baby Pel\u00f3n n\u00famero 22 de La Colecci\u00f3n M\u00e1s Bonita Del Mundo. Con \u00e9l volvemos a colaborar con Disney para mostrar esta vez toda la generosidad, la fuerza y la valent\u00eda de sus Princesas. Valores tambi\u00e9n como la lealtad, el optimismo y la capacidad de lucha que comparten con todos los ni\u00f1os enfermos de c\u00e1ncer del mundo.<br \/>\nCon los beneficios de sus ventas construiremos de nuevo un cine en un hospital que llenar\u00e1 de magia a los peques all\u00ed ingresados.<\/p>\n<p>Edad m\u00ednima recomendada 12 meses y m\u00e1s.<\/p>","protected":false},"featured_media":89088,"template":"","meta":{"inline_featured_image":false,"_themeisle_gutenberg_block_has_review":false},"product_cat":[18],"product_tag":[],"class_list":{"0":"post-10035","1":"product","2":"type-product","3":"status-publish","4":"has-post-thumbnail","6":"product_cat-baby-pelones","8":"first","9":"instock","10":"featured","11":"taxable","12":"shipping-taxable","13":"purchasable","14":"product-type-simple"},"acf":[],"aioseo_notices":[],"_links":{"self":[{"href":"https:\/\/pre.juegaterapia.org\/en\/wp-json\/wp\/v2\/product\/10035","targetHints":{"allow":["GET"]}}],"collection":[{"href":"https:\/\/pre.juegaterapia.org\/en\/wp-json\/wp\/v2\/product"}],"about":[{"href":"https:\/\/pre.juegaterapia.org\/en\/wp-json\/wp\/v2\/types\/product"}],"wp:featuredmedia":[{"embeddable":true,"href":"https:\/\/pre.juegaterapia.org\/en\/wp-json\/wp\/v2\/media\/89088"}],"wp:attachment":[{"href":"https:\/\/pre.juegaterapia.org\/en\/wp-json\/wp\/v2\/media?parent=10035"}],"wp:term":[{"taxonomy":"product_cat","embeddable":true,"href":"https:\/\/pre.juegaterapia.org\/en\/wp-json\/wp\/v2\/product_cat?post=10035"},{"taxonomy":"product_tag","embeddable":true,"href":"https:\/\/pre.juegaterapia.org\/en\/wp-json\/wp\/v2\/product_tag?post=10035"}],"curies":[{"name":"wp","href":"https:\/\/api.w.org\/{rel}","templated":true}]}}