{"id":10031,"date":"2020-10-30T13:18:11","date_gmt":"2020-10-30T12:18:11","guid":{"rendered":"http:\/\/webjt-pre.azurewebsites.net\/?post_type=product&#038;p=10031"},"modified":"2024-01-16T14:36:17","modified_gmt":"2024-01-16T13:36:17","slug":"corina","status":"publish","type":"product","link":"https:\/\/pre.juegaterapia.org\/en\/solidarity-gift-shop\/baby-baldies\/corina\/","title":{"rendered":"Baby Pel\u00f3n Corina"},"content":{"rendered":"","protected":false},"excerpt":{"rendered":"<p>\u00a1Estamos de aniversario! Cumplimos 10 a\u00f1os trabajando para mejorar la vida de los peques enfermos de c\u00e1ncer. Para celebrarlo por todo lo alto hemos decidido vestirnos de gala en compa\u00f1\u00eda de dos grandes estrellas : la peque\u00f1a Corina y un nuevo Baby Pel\u00f3n Edici\u00f3n Aniversario. El n\u00famero 20 de la colecci\u00f3n m\u00e1s bonita del mundo.<\/p>\n<p>Ser\u00e1 un honor celebrar con vosotros esta primera d\u00e9cada de trabajo juntos.<\/p>\n<p>Edad m\u00ednima recomendada 12 meses y m\u00e1s.<\/p>","protected":false},"featured_media":111061,"template":"","meta":{"inline_featured_image":false,"_themeisle_gutenberg_block_has_review":false},"product_cat":[18],"product_tag":[],"class_list":{"0":"post-10031","1":"product","2":"type-product","3":"status-publish","4":"has-post-thumbnail","6":"product_cat-baby-pelones","8":"first","9":"instock","10":"taxable","11":"shipping-taxable","12":"purchasable","13":"product-type-simple"},"acf":[],"aioseo_notices":[],"_links":{"self":[{"href":"https:\/\/pre.juegaterapia.org\/en\/wp-json\/wp\/v2\/product\/10031","targetHints":{"allow":["GET"]}}],"collection":[{"href":"https:\/\/pre.juegaterapia.org\/en\/wp-json\/wp\/v2\/product"}],"about":[{"href":"https:\/\/pre.juegaterapia.org\/en\/wp-json\/wp\/v2\/types\/product"}],"wp:featuredmedia":[{"embeddable":true,"href":"https:\/\/pre.juegaterapia.org\/en\/wp-json\/wp\/v2\/media\/111061"}],"wp:attachment":[{"href":"https:\/\/pre.juegaterapia.org\/en\/wp-json\/wp\/v2\/media?parent=10031"}],"wp:term":[{"taxonomy":"product_cat","embeddable":true,"href":"https:\/\/pre.juegaterapia.org\/en\/wp-json\/wp\/v2\/product_cat?post=10031"},{"taxonomy":"product_tag","embeddable":true,"href":"https:\/\/pre.juegaterapia.org\/en\/wp-json\/wp\/v2\/product_tag?post=10031"}],"curies":[{"name":"wp","href":"https:\/\/api.w.org\/{rel}","templated":true}]}}