{"id":10025,"date":"2020-09-07T17:44:18","date_gmt":"2020-09-07T15:44:18","guid":{"rendered":"http:\/\/webjt-pre.azurewebsites.net\/?post_type=product&#038;p=10025"},"modified":"2023-09-22T13:12:37","modified_gmt":"2023-09-22T11:12:37","slug":"luka-modric","status":"publish","type":"product","link":"https:\/\/pre.juegaterapia.org\/en\/solidarity-gift-shop\/balon-pelon\/luka-modric\/","title":{"rendered":"Bal\u00f3n Pel\u00f3n Luka Modric"},"content":{"rendered":"","protected":false},"excerpt":{"rendered":"<p><strong>El Bal\u00f3n Pel\u00f3n de Jorge y Luka Modric<\/strong><\/p>\n<p>De blanco reluciente han pintado Jorge y Modric su Bal\u00f3n. Cada vez que jugu\u00e9is con \u00e9l, nos ayudar\u00e9is a vencer al c\u00e1ncer infantil, porque todos los beneficios de sus ventas servir\u00e1n para financiar los proyectos de nuestra Fundaci\u00f3n.<br \/>\n<strong>\u00a1Este partido lo vamos a ganar entre todos!<\/strong><\/p>\n<p>Dimensiones: 23x23x30 cm<br \/>\nPeso 0,476 gr<br \/>\nEdad m\u00ednima : 12 meses<\/p>","protected":false},"featured_media":36792,"template":"","meta":{"inline_featured_image":false,"_themeisle_gutenberg_block_has_review":false},"product_cat":[22],"product_tag":[],"class_list":{"0":"post-10025","1":"product","2":"type-product","3":"status-publish","4":"has-post-thumbnail","6":"product_cat-balon-pelon","8":"first","9":"outofstock","10":"taxable","11":"shipping-taxable","12":"purchasable","13":"product-type-simple"},"acf":[],"aioseo_notices":[],"_links":{"self":[{"href":"https:\/\/pre.juegaterapia.org\/en\/wp-json\/wp\/v2\/product\/10025","targetHints":{"allow":["GET"]}}],"collection":[{"href":"https:\/\/pre.juegaterapia.org\/en\/wp-json\/wp\/v2\/product"}],"about":[{"href":"https:\/\/pre.juegaterapia.org\/en\/wp-json\/wp\/v2\/types\/product"}],"wp:featuredmedia":[{"embeddable":true,"href":"https:\/\/pre.juegaterapia.org\/en\/wp-json\/wp\/v2\/media\/36792"}],"wp:attachment":[{"href":"https:\/\/pre.juegaterapia.org\/en\/wp-json\/wp\/v2\/media?parent=10025"}],"wp:term":[{"taxonomy":"product_cat","embeddable":true,"href":"https:\/\/pre.juegaterapia.org\/en\/wp-json\/wp\/v2\/product_cat?post=10025"},{"taxonomy":"product_tag","embeddable":true,"href":"https:\/\/pre.juegaterapia.org\/en\/wp-json\/wp\/v2\/product_tag?post=10025"}],"curies":[{"name":"wp","href":"https:\/\/api.w.org\/{rel}","templated":true}]}}