{"id":10021,"date":"2020-02-05T14:29:47","date_gmt":"2020-02-05T13:29:47","guid":{"rendered":"http:\/\/webjt-pre.azurewebsites.net\/?post_type=product&#038;p=10021"},"modified":"2024-01-16T14:36:17","modified_gmt":"2024-01-16T13:36:17","slug":"babypelon-disney","status":"publish","type":"product","link":"https:\/\/pre.juegaterapia.org\/en\/solidarity-gift-shop\/baby-baldies\/babypelon-disney\/","title":{"rendered":"Baby Pel\u00f3n Disney"},"content":{"rendered":"","protected":false},"excerpt":{"rendered":"<p>Llega el Baby Pel\u00f3n n\u00famero 19 de La Colecci\u00f3n M\u00e1s Bonita Del Mundo. En su creaci\u00f3n hemos tenido la suerte de contar con la ayuda de Disney, que ha dise\u00f1ado un pa\u00f1uelo mol\u00f3n llenito de buenos amigos como Mickey. Un nuevo Baby Pel\u00f3n m\u00e1gico que tambi\u00e9n llega de la mano de Ruth y Julia. Con todo este equipo de ayudantes maravillosos lograremos recaudar los fondos necesarios para construir un cine en el Hospital de Almer\u00eda.<\/p>\n<p>EDICI\u00d3N LIMITADA<\/p>\n<p>Dimensiones 20 x 10 x 20 cm.<br \/>\nEdad m\u00ednima recomendada 12 meses y m\u00e1s.<br \/>\nPeso 200 gr.<\/p>","protected":false},"featured_media":145772,"template":"","meta":{"inline_featured_image":false,"_themeisle_gutenberg_block_has_review":false},"product_cat":[18],"product_tag":[],"class_list":{"0":"post-10021","1":"product","2":"type-product","3":"status-publish","4":"has-post-thumbnail","6":"product_cat-baby-pelones","8":"first","9":"instock","10":"taxable","11":"shipping-taxable","12":"purchasable","13":"product-type-simple"},"acf":[],"aioseo_notices":[],"_links":{"self":[{"href":"https:\/\/pre.juegaterapia.org\/en\/wp-json\/wp\/v2\/product\/10021","targetHints":{"allow":["GET"]}}],"collection":[{"href":"https:\/\/pre.juegaterapia.org\/en\/wp-json\/wp\/v2\/product"}],"about":[{"href":"https:\/\/pre.juegaterapia.org\/en\/wp-json\/wp\/v2\/types\/product"}],"wp:featuredmedia":[{"embeddable":true,"href":"https:\/\/pre.juegaterapia.org\/en\/wp-json\/wp\/v2\/media\/145772"}],"wp:attachment":[{"href":"https:\/\/pre.juegaterapia.org\/en\/wp-json\/wp\/v2\/media?parent=10021"}],"wp:term":[{"taxonomy":"product_cat","embeddable":true,"href":"https:\/\/pre.juegaterapia.org\/en\/wp-json\/wp\/v2\/product_cat?post=10021"},{"taxonomy":"product_tag","embeddable":true,"href":"https:\/\/pre.juegaterapia.org\/en\/wp-json\/wp\/v2\/product_tag?post=10021"}],"curies":[{"name":"wp","href":"https:\/\/api.w.org\/{rel}","templated":true}]}}