{"id":154310,"date":"2025-10-21T18:06:21","date_gmt":"2025-10-21T16:06:21","guid":{"rendered":"https:\/\/pre.juegaterapia.org\/?page_id=154310"},"modified":"2025-10-22T14:04:07","modified_gmt":"2025-10-22T12:04:07","slug":"bolsa-baby-pelones","status":"publish","type":"page","link":"https:\/\/pre.juegaterapia.org\/en\/bolsa-baby-pelones\/","title":{"rendered":"Formulario Bolsa Baby Pelones"},"content":{"rendered":"<h3 class=\"wp-block-heading has-text-align-center title title_fz70 form-title\">Consigue Gratis la bolsa de los Baby pelones<\/h3><div class=\"wp-block-contact-form-7-contact-form-selector\">\n<div class=\"wpcf7 no-js\" id=\"wpcf7-f154315-o1\" lang=\"es-ES\" dir=\"ltr\">\n<div class=\"screen-reader-response\"><p role=\"status\" aria-live=\"polite\" aria-atomic=\"true\"><\/p> <ul><\/ul><\/div>\n<form action=\"\/wp-json\/wp\/v2\/pages\/154310\" method=\"post\" class=\"wpcf7-form init\" aria-label=\"Formulario de contacto\" novalidate=\"novalidate\" data-status=\"init\" data-trp-original-action=\"\/en\/wp-json\/wp\/v2\/pages\/154310#wpcf7-f154315-o1\">\n<div style=\"display: none;\">\n<input type=\"hidden\" name=\"_wpcf7\" value=\"154315\" \/>\n<input type=\"hidden\" name=\"_wpcf7_version\" value=\"5.8.2\" \/>\n<input type=\"hidden\" name=\"_wpcf7_locale\" value=\"es_ES\" \/>\n<input type=\"hidden\" name=\"_wpcf7_unit_tag\" value=\"wpcf7-f154315-o1\" \/>\n<input type=\"hidden\" name=\"_wpcf7_container_post\" value=\"0\" \/>\n<input type=\"hidden\" name=\"_wpcf7_posted_data_hash\" value=\"\" \/>\n<input type=\"hidden\" name=\"_wpcf7cf_hidden_group_fields\" value=\"[]\" \/>\n<input type=\"hidden\" name=\"_wpcf7cf_hidden_groups\" value=\"[]\" \/>\n<input type=\"hidden\" name=\"_wpcf7cf_visible_groups\" value=\"[]\" \/>\n<input type=\"hidden\" name=\"_wpcf7cf_repeaters\" value=\"[]\" \/>\n<input type=\"hidden\" name=\"_wpcf7cf_steps\" value=\"{}\" \/>\n<input type=\"hidden\" name=\"_wpcf7cf_options\" value=\"{&quot;form_id&quot;:154315,&quot;conditions&quot;:[],&quot;settings&quot;:{&quot;animation&quot;:&quot;yes&quot;,&quot;animation_intime&quot;:200,&quot;animation_outtime&quot;:200,&quot;conditions_ui&quot;:&quot;normal&quot;,&quot;notice_dismissed&quot;:false,&quot;notice_dismissed_rollback-cf7-5.7.2&quot;:true,&quot;notice_dismissed_rollback-cf7-5.7.4&quot;:true,&quot;notice_dismissed_rollback-cf7-5.8&quot;:true,&quot;notice_dismissed_rollback-cf7-5.8.1&quot;:true}}\" \/>\n<input type=\"hidden\" name=\"_wpcf7_recaptcha_response\" value=\"\" \/>\n<\/div>\n<div id=\"svg_wrap\">\n<\/div>\n<input class=\"wpcf7-form-control wpcf7-hidden\" value=\"bolsa-baby-pelones\" type=\"hidden\" name=\"form-id\" \/>\n<input class=\"wpcf7-form-control wpcf7-hidden\" value=\"namepdf\" type=\"hidden\" name=\"namepdf\" \/>\n<section class=\"section-multistep\">\n\t<div class=\"form-multistep__content-title\">\n\t\t<p class=\"form-multistep__title title title_fz52\">\u00bfQuieres llevar a tu Baby Pel\u00f3n siempre contigo?\n\t\t<\/p>\n\t\t<p class=\"form-multistep__copy\"><br \/>\nReg\u00edstrate y te mandaremos a casa una bolsa pelona y molona para que puedas llevar a tu Baby Pel\u00f3n siempre cerquita de ti. La bolsa exclusiva de la Familia Juegaterap\u00e9utica\u2026 \u00a1hoy, para ti, gratis!\n\t\t<\/p>\n\t\t<p><br \/>\n<img decoding=\"async\" src=\"https:\/\/www.juegaterapia.org\/wp-content\/uploads\/2023\/01\/Mochila-Baby-Pelon-Rosa-Juegaterapia.png\" alt=\"Mochila Pelona Rosa\" class=\"BabyPelones__slide_img\" style=\"width:406px; height:406px;\" \/>\n\t\t<\/p>\n\t<\/div>\n<\/section>\n<section class=\"section-multistep\">\n\t<div class=\"form-multistep__content-title\">\n\t\t<p class=\"form-multistep__title title title_fz52\">TUS DATOS\n\t\t<\/p>\n\t\t<p class=\"form-multistep__copy\">Todos los campos son obligatorios\n\t\t<\/p>\n\t<\/div>\n\t<p><label>Nombre<br \/>\n<span class=\"wpcf7-form-control-wrap\" data-name=\"first-name\"><input size=\"40\" class=\"wpcf7-form-control wpcf7-text wpcf7-validates-as-required\" aria-required=\"true\" aria-invalid=\"false\" value=\"\" type=\"text\" name=\"first-name\" \/><\/span> <\/label>\n\t<\/p>\n\t<p><label>Primer apellido<br \/>\n<span class=\"wpcf7-form-control-wrap\" data-name=\"last-name\"><input size=\"40\" class=\"wpcf7-form-control wpcf7-text wpcf7-validates-as-required\" aria-required=\"true\" aria-invalid=\"false\" value=\"\" type=\"text\" name=\"last-name\" \/><\/span> <\/label>\n\t<\/p>\n\t<p><label>Segundo apellido<br \/>\n<span class=\"wpcf7-form-control-wrap\" data-name=\"last-name-2\"><input size=\"40\" class=\"wpcf7-form-control wpcf7-text wpcf7-validates-as-required\" aria-required=\"true\" aria-invalid=\"false\" value=\"\" type=\"text\" name=\"last-name-2\" \/><\/span> <\/label>\n\t<\/p>\n\t<p><label>M\u00f3vil<br \/>\n<span class=\"wpcf7-form-control-wrap\" data-name=\"tel\"><input size=\"40\" class=\"wpcf7-form-control wpcf7-tel wpcf7-validates-as-required wpcf7-text wpcf7-validates-as-tel\" aria-required=\"true\" aria-invalid=\"false\" value=\"\" type=\"tel\" name=\"tel\" \/><\/span> <\/label>\n\t<\/p>\n\t<p><label>Email<br \/>\n<span class=\"wpcf7-form-control-wrap\" data-name=\"email\"><input size=\"40\" class=\"wpcf7-form-control wpcf7-email wpcf7-validates-as-required wpcf7-text wpcf7-validates-as-email\" aria-required=\"true\" aria-invalid=\"false\" value=\"\" type=\"email\" name=\"email\" \/><\/span> <\/label>\n\t<\/p>\n<\/section>\n<section class=\"section-multistep\">\n\t<div class=\"form-multistep__content-title\">\n\t\t<p class=\"form-multistep__title title title_fz52\">TUS DATOS DE ENV\u00cdO<br \/>\nCOMO DESTINATARIO\n\t\t<\/p>\n\t\t<p class=\"form-multistep__copy\">Todos los campos son obligatorios\n\t\t<\/p>\n\t<\/div>\n\t<p><label>Calle<br \/>\n<span class=\"wpcf7-form-control-wrap\" data-name=\"calle\"><input size=\"40\" class=\"wpcf7-form-control wpcf7-text wpcf7-validates-as-required\" aria-required=\"true\" aria-invalid=\"false\" value=\"\" type=\"text\" name=\"calle\" \/><\/span> <\/label>\n\t<\/p>\n\t<p><label>C\u00f3digo Postal<br \/>\n<span class=\"wpcf7-form-control-wrap\" data-name=\"cp\"><input class=\"wpcf7-form-control wpcf7-number wpcf7-validates-as-required wpcf7-validates-as-number\" aria-required=\"true\" aria-invalid=\"false\" value=\"\" type=\"number\" name=\"cp\" \/><\/span> <\/label>\n\t<\/p>\n\t<p><label>Provincia<br \/>\n<span class=\"wpcf7-form-control-wrap\" data-name=\"provincia\"><input size=\"40\" class=\"wpcf7-form-control wpcf7-text wpcf7-validates-as-required\" aria-required=\"true\" aria-invalid=\"false\" value=\"\" type=\"text\" name=\"provincia\" \/><\/span> <\/label>\n\t<\/p>\n\t<p><span class=\"wpcf7-form-control-wrap\" data-name=\"privacidad\"><span class=\"wpcf7-form-control wpcf7-checkbox wpcf7-validates-as-required\"><span class=\"wpcf7-list-item first last\"><label><input type=\"checkbox\" name=\"privacidad[]\" value=\"He leido y acepto la POLITICA DE PRIVACIDAD Y CONDICIONES DE USO.\" \/><span class=\"wpcf7-list-item-label\">He leido y acepto la POLITICA DE PRIVACIDAD Y CONDICIONES DE USO.<\/span><\/label><\/span><\/span><\/span><br \/>\n<span class=\"wpcf7-form-control-wrap\" data-name=\"comunicacion\"><span class=\"wpcf7-form-control wpcf7-checkbox\"><span class=\"wpcf7-list-item first last\"><label><input type=\"checkbox\" name=\"comunicacion[]\" value=\"Acepto recibir comunicaciones comerciales de la Fundaci\u00f3n Juegaterapia.\" \/><span class=\"wpcf7-list-item-label\">Acepto recibir comunicaciones comerciales de la Fundaci\u00f3n Juegaterapia.<\/span><\/label><\/span><\/span><\/span>\n\t<\/p>\n\t<p><input class=\"wpcf7-form-control wpcf7-submit has-spinner btn js-button-multistep-submit\" type=\"submit\" value=\"Enviar\" \/>\n\t<\/p>\n<\/section>\n<div class=\"form-multistep__content-ctas\">\n\t<div class=\"btn js-button-multistep\" id=\"prev\">\n\t\t<p>Anterior\n\t\t<\/p>\n\t<\/div>\n\t<div class=\"btn js-button-multistep\" id=\"next\">\n\t\t<p>Siguiente\n\t\t<\/p>\n\t<\/div>\n<\/div><div class=\"wpcf7-response-output\" aria-hidden=\"true\"><\/div>\n<input type=\"hidden\" name=\"trp-form-language\" value=\"en\"\/><\/form>\n<\/div>\n<\/div><div class=\"voluntario measures\">\n        <section class=\"necesitac\">\n            <div style=\"position: relative; z-index: 3; background-color: #f9f5ef\" class=\"top-wave\"><svg xmlns=\"http:\/\/www.w3.org\/2000\/svg\" viewbox=\"0 0 1440 120\" fill=\"none\">\n<path d=\"M1439.91 120H0L0.448643 87.9946C252.333 25.0586 344.328 19.3793 512.431 9.00176C540.647 7.25988 571.008 5.38561 604.629 3.08599C777.252 -8.72126 1001.84 14.5848 1290.28 51.9947C1372.62 62.675 1436.33 100.328 1440 106.995L1439.91 120Z\" fill=\"#83cfd0\"\/>\n<\/svg><\/div>            <div class=\"measures-necesitac__bg\" style=\"background-color: #83cfd0;\">\n                <div class=\"container\">\n                    <div class=\"necesitac__wrapper center\">\n                        <div class=\"necesitac__descr\">\n                        <h3 class=\"title title_fz70\" style=\"max-width: 600px;\">\n                                \u00bfNECESITAS ayuda?                            <\/h3>\n                            <div class=\"text text_fz20 mb32 necesitac__descr-top\" style=\"margin-bottom: 5px;\">\n                                <p>Para cualquier duda, cont\u00e1ctanos:<\/p>\n                            <\/div>\n                                                        <a href=\"mailto:mcavanilles@juegaterapia.org\" class=\"necesitac_link\" style=\"padding: 0;\">\n                                <img decoding=\"async\" src=\"https:\/\/pre.juegaterapia.org\/wp-content\/themes\/split_juegaterapia\/assets\/img\/voluntario\/necesitac\/Message.svg\" alt=\"Message\">\n                                mcavanilles@juegaterapia.org                            <\/a>\n                                                                                        <a href=\"tel:915756904\" class=\"necesitac_link\" style=\"padding: 0;\">\n                                <img decoding=\"async\" src=\"https:\/\/pre.juegaterapia.org\/wp-content\/themes\/split_juegaterapia\/assets\/img\/voluntario\/necesitac\/phone.svg\" alt=\"Message\">\n                                915756904                                <\/a>\n                                                       \n                        <\/div>\n                    <\/div>\n                <\/div>\n            <\/div>\n            <div style=\"position: relative; z-index: 3; background-color: \" class=\"bottom-wave\"><svg xmlns=\"http:\/\/www.w3.org\/2000\/svg\" viewbox=\"0 0 1439 120\" fill=\"none\">\n<path d=\"M-1 0V48C101.508 70.4252 361.304 105.819 567.764 69.378C715.174 43.3594 817.105 54.152 911.468 64.1435C982.309 71.6442 1048.89 78.6935 1127.24 69.378C1273.42 51.9984 1395.99 75.2178 1439 89V0H-1Z\" fill=\"#83cfd0\"\/>\n<\/svg><\/div>        <\/section>\n    <\/div>","protected":false},"excerpt":{"rendered":"<p>Consigue Gratis la bolsa de los Baby pelones<\/p>","protected":false},"author":155,"featured_media":0,"parent":0,"menu_order":0,"comment_status":"closed","ping_status":"closed","template":"","meta":{"inline_featured_image":false,"_themeisle_gutenberg_block_has_review":false,"footnotes":""},"class_list":["post-154310","page","type-page","status-publish","hentry"],"acf":[],"aioseo_notices":[],"_links":{"self":[{"href":"https:\/\/pre.juegaterapia.org\/en\/wp-json\/wp\/v2\/pages\/154310","targetHints":{"allow":["GET"]}}],"collection":[{"href":"https:\/\/pre.juegaterapia.org\/en\/wp-json\/wp\/v2\/pages"}],"about":[{"href":"https:\/\/pre.juegaterapia.org\/en\/wp-json\/wp\/v2\/types\/page"}],"author":[{"embeddable":true,"href":"https:\/\/pre.juegaterapia.org\/en\/wp-json\/wp\/v2\/users\/155"}],"replies":[{"embeddable":true,"href":"https:\/\/pre.juegaterapia.org\/en\/wp-json\/wp\/v2\/comments?post=154310"}],"version-history":[{"count":5,"href":"https:\/\/pre.juegaterapia.org\/en\/wp-json\/wp\/v2\/pages\/154310\/revisions"}],"predecessor-version":[{"id":154316,"href":"https:\/\/pre.juegaterapia.org\/en\/wp-json\/wp\/v2\/pages\/154310\/revisions\/154316"}],"wp:attachment":[{"href":"https:\/\/pre.juegaterapia.org\/en\/wp-json\/wp\/v2\/media?parent=154310"}],"curies":[{"name":"wp","href":"https:\/\/api.w.org\/{rel}","templated":true}]}}