{"id":143058,"date":"2023-03-23T09:24:17","date_gmt":"2023-03-23T08:24:17","guid":{"rendered":"https:\/\/www.juegaterapia.org\/?page_id=143058"},"modified":"2023-03-23T09:25:23","modified_gmt":"2023-03-23T08:25:23","slug":"muchas-gracias-por-colaborar-con-la-fundacion-juegaterapia-certificado","status":"publish","type":"page","link":"https:\/\/pre.juegaterapia.org\/en\/colabora\/socio-cancer-infantil\/muchas-gracias-por-colaborar-con-la-fundacion-juegaterapia-certificado\/","title":{"rendered":"\u00a1Mil gracias por colaborar con la Fundaci\u00f3n Juegaterapia!"},"content":{"rendered":"<div class=\"BabyPelon\">\n        <section class=\"hazte-socio\" data-anchor=\"muchas-gracias-por-unirte-al-ejercito-de-juegaterapeutas\">\n                        <div class=\"hazte-socio__bg\" style=\"background-color: transparent;\">\n                <div class=\"container\">\n                    <div class=\"hazte-socio__wrapper\">\n                        <div class=\"hazte-socio__column\">\n                            <h2 class=\"title title_fz120\">\u00a1MUCHAS GRACIAS POR UNIRTE AL EJ\u00c9RCITO DE JUEGATERAPEUTAS!<\/h2>\n                            <p class=\"text text_fz20 d-none d-md-none d-lg-block\">\n                                Te hemos enviado por mail tu certificado de donaci\u00f3n del a\u00f1o pasado. Con tus donaciones, tu apoyo y tu cari\u00f1o has contribuido a construir jardines, cines, estaciones lunares y decoraciones m\u00e1gicas por todos los hospitales de Espa\u00f1a. Gracias por ayudarnos a hacer m\u00e1s feliz la vida de los peques que se enfrentan cada d\u00eda al c\u00e1ncer.                            <\/p>\n                                                       \n                        <\/div>\n                        <div class=\"hazte-socio__column\">\n                            <img decoding=\"async\" src=\"https:\/\/pre.juegaterapia.org\/wp-content\/uploads\/2022\/04\/nina.png\"\n                                 alt=\"\u00a1MUCHAS GRACIAS POR UNIRTE AL EJ\u00c9RCITO DE JUEGATERAPEUTAS!\"\n                                 class=\"hazte-socio_img d-none d-md-none d-lg-block\">\n                            <img decoding=\"async\" src=\"https:\/\/pre.juegaterapia.org\/wp-content\/uploads\/2022\/04\/nina.png\"\n                                 alt=\"\u00a1MUCHAS GRACIAS POR UNIRTE AL EJ\u00c9RCITO DE JUEGATERAPEUTAS!\"\n                                 class=\"hazte-socio_img d-block d-md-block d-lg-none\">\n                            <div class=\"hazte-socio__column__descr d-block d-md-block d-lg-none\">\n                                <p class=\"text text_fz20\">\n                                    Te hemos enviado por mail tu certificado de donaci\u00f3n del a\u00f1o pasado. Con tus donaciones, tu apoyo y tu cari\u00f1o has contribuido a construir jardines, cines, estaciones lunares y decoraciones m\u00e1gicas por todos los hospitales de Espa\u00f1a. Gracias por ayudarnos a hacer m\u00e1s feliz la vida de los peques que se enfrentan cada d\u00eda al c\u00e1ncer.                                <\/p>\n                                <!-- <a href=\"\" class=\"btn btn_header\">\n                                                                        <img decoding=\"async\" src=\"https:\/\/pre.juegaterapia.org\/wp-content\/themes\/split_juegaterapia\/assets\/img\/icons\/decorate\/heart.svg\"\n                                         alt=\"header\">\n\n                                        \n                                <\/a> -->\n                                                            <\/div>\n                        <\/div>\n                    <\/div>\n                <\/div>\n            <\/div>\n                    <\/section>\n    <\/div>","protected":false},"excerpt":{"rendered":"","protected":false},"author":67,"featured_media":0,"parent":412,"menu_order":0,"comment_status":"closed","ping_status":"closed","template":"","meta":{"inline_featured_image":false,"_themeisle_gutenberg_block_has_review":false,"footnotes":""},"class_list":["post-143058","page","type-page","status-publish","hentry"],"acf":[],"aioseo_notices":[],"_links":{"self":[{"href":"https:\/\/pre.juegaterapia.org\/en\/wp-json\/wp\/v2\/pages\/143058","targetHints":{"allow":["GET"]}}],"collection":[{"href":"https:\/\/pre.juegaterapia.org\/en\/wp-json\/wp\/v2\/pages"}],"about":[{"href":"https:\/\/pre.juegaterapia.org\/en\/wp-json\/wp\/v2\/types\/page"}],"author":[{"embeddable":true,"href":"https:\/\/pre.juegaterapia.org\/en\/wp-json\/wp\/v2\/users\/67"}],"replies":[{"embeddable":true,"href":"https:\/\/pre.juegaterapia.org\/en\/wp-json\/wp\/v2\/comments?post=143058"}],"version-history":[{"count":5,"href":"https:\/\/pre.juegaterapia.org\/en\/wp-json\/wp\/v2\/pages\/143058\/revisions"}],"predecessor-version":[{"id":143063,"href":"https:\/\/pre.juegaterapia.org\/en\/wp-json\/wp\/v2\/pages\/143058\/revisions\/143063"}],"up":[{"embeddable":true,"href":"https:\/\/pre.juegaterapia.org\/en\/wp-json\/wp\/v2\/pages\/412"}],"wp:attachment":[{"href":"https:\/\/pre.juegaterapia.org\/en\/wp-json\/wp\/v2\/media?parent=143058"}],"curies":[{"name":"wp","href":"https:\/\/api.w.org\/{rel}","templated":true}]}}