{"id":107624,"date":"2022-06-23T14:28:39","date_gmt":"2022-06-23T14:28:39","guid":{"rendered":"http:\/\/webjt-pre.azurewebsites.net\/?page_id=107624"},"modified":"2022-07-26T12:04:38","modified_gmt":"2022-07-26T12:04:38","slug":"formulario-voluntario","status":"publish","type":"page","link":"https:\/\/pre.juegaterapia.org\/en\/colabora\/hazte-voluntario-hospitales-ninos-cancer\/formulario-voluntario\/","title":{"rendered":"Formulario Voluntario"},"content":{"rendered":"<h3 class=\"has-text-align-center title title_fz70 form-title wp-block-heading\">\u00a1hazte voluntario!<\/h3><div class=\"wp-block-contact-form-7-contact-form-selector\">\n<div class=\"wpcf7 no-js\" id=\"wpcf7-f107623-o1\" lang=\"es-ES\" dir=\"ltr\">\n<div class=\"screen-reader-response\"><p role=\"status\" aria-live=\"polite\" aria-atomic=\"true\"><\/p> <ul><\/ul><\/div>\n<form action=\"\/wp-json\/wp\/v2\/pages\/107624\" method=\"post\" class=\"wpcf7-form init\" aria-label=\"Formulario de contacto\" novalidate=\"novalidate\" data-status=\"init\" data-trp-original-action=\"\/en\/wp-json\/wp\/v2\/pages\/107624#wpcf7-f107623-o1\">\n<div style=\"display: none;\">\n<input type=\"hidden\" name=\"_wpcf7\" value=\"107623\" \/>\n<input type=\"hidden\" name=\"_wpcf7_version\" value=\"5.8.2\" \/>\n<input type=\"hidden\" name=\"_wpcf7_locale\" value=\"es_ES\" \/>\n<input type=\"hidden\" name=\"_wpcf7_unit_tag\" value=\"wpcf7-f107623-o1\" \/>\n<input type=\"hidden\" name=\"_wpcf7_container_post\" value=\"0\" \/>\n<input type=\"hidden\" name=\"_wpcf7_posted_data_hash\" value=\"\" \/>\n<input type=\"hidden\" name=\"_wpcf7cf_hidden_group_fields\" value=\"[]\" \/>\n<input type=\"hidden\" name=\"_wpcf7cf_hidden_groups\" value=\"[]\" \/>\n<input type=\"hidden\" name=\"_wpcf7cf_visible_groups\" value=\"[]\" \/>\n<input type=\"hidden\" name=\"_wpcf7cf_repeaters\" value=\"[]\" \/>\n<input type=\"hidden\" name=\"_wpcf7cf_steps\" value=\"{}\" \/>\n<input type=\"hidden\" name=\"_wpcf7cf_options\" value=\"{&quot;form_id&quot;:107623,&quot;conditions&quot;:[],&quot;settings&quot;:{&quot;animation&quot;:&quot;yes&quot;,&quot;animation_intime&quot;:200,&quot;animation_outtime&quot;:200,&quot;conditions_ui&quot;:&quot;normal&quot;,&quot;notice_dismissed&quot;:false,&quot;notice_dismissed_rollback-cf7-5.7.2&quot;:true,&quot;notice_dismissed_rollback-cf7-5.7.4&quot;:true,&quot;notice_dismissed_rollback-cf7-5.8&quot;:true,&quot;notice_dismissed_rollback-cf7-5.8.1&quot;:true}}\" \/>\n<input type=\"hidden\" name=\"_wpcf7_recaptcha_response\" value=\"\" \/>\n<\/div>\n<input class=\"wpcf7-form-control wpcf7-hidden\" value=\"hazte-voluntario\" type=\"hidden\" name=\"form-id\" \/>\n<div class=\"section-form\">\n\t<div class=\"form-multistep__content-title\">\n\t\t<p class=\"form-multistep__title title title_fz52\">TUS DATOS\n\t\t<\/p>\n\t\t<p class=\"form-multistep__copy\">Todos los campos son obligatorios\n\t\t<\/p>\n\t<\/div>\n\t<p><label>Nombre<br \/>\n<span class=\"wpcf7-form-control-wrap\" data-name=\"username\"><input size=\"40\" class=\"wpcf7-form-control wpcf7-text wpcf7-validates-as-required\" aria-required=\"true\" aria-invalid=\"false\" value=\"\" type=\"text\" name=\"username\" \/><\/span> <\/label>\n\t<\/p>\n\t<p><label>Correo electr\u00f3nico<br \/>\n<span class=\"wpcf7-form-control-wrap\" data-name=\"email\"><input size=\"40\" class=\"wpcf7-form-control wpcf7-email wpcf7-validates-as-required wpcf7-text wpcf7-validates-as-email\" aria-required=\"true\" aria-invalid=\"false\" value=\"\" type=\"email\" name=\"email\" \/><\/span> <\/label>\n\t<\/p>\n\t<p><label>Asunto del mensaje<br \/>\n<span class=\"wpcf7-form-control-wrap\" data-name=\"asunto\"><input size=\"40\" class=\"wpcf7-form-control wpcf7-text wpcf7-validates-as-required\" aria-required=\"true\" aria-invalid=\"false\" value=\"\" type=\"text\" name=\"asunto\" \/><\/span> <\/label>\n\t<\/p>\n\t<p><label>Cu\u00e9ntanos brevemente en qu\u00e9 te gustar\u00eda ayudarnos:<br \/>\n<span class=\"wpcf7-form-control-wrap\" data-name=\"mensaje\"><textarea cols=\"40\" rows=\"10\" class=\"wpcf7-form-control wpcf7-textarea\" aria-invalid=\"false\" name=\"mensaje\"><\/textarea><\/span><\/label>\n\t<\/p>\n\t<p><label>\u00bfA qu\u00e9 voluntariado te gustar\u00eda apuntarte?:<br \/>\n<span class=\"wpcf7-form-control-wrap\" data-name=\"grupo\"><select class=\"wpcf7-form-control wpcf7-select wpcf7-validates-as-required\" aria-required=\"true\" aria-invalid=\"false\" name=\"grupo\"><option value=\"\">&#8212;Por favor, elige una opci\u00f3n&#8212;<\/option><option value=\"hospital-gregorio-maranon\">Hospital Gregorio Mara\u00f1\u00f3n<\/option><option value=\"hospital-12octubre\">Hospital 12 de Octubre<\/option><option value=\"hospital-lapaz\">Hospital La Paz<\/option><option value=\"hospital-ninojesus\">Hospital Ni\u00f1o Jes\u00fas<\/option><option value=\"oficina-fundacion\">Oficina Fundaci\u00f3n<\/option><option value=\"echamos-partida\">Echamos una partida<\/option><option value=\"hospital-almeria\">Hospital Almer\u00eda<\/option><option value=\"hospital-burgos\">Hospital Burgos<\/option><option value=\"hospital-valladolid\">Hospital Valladolid<\/option><option value=\"hospital-cordoba\">Hospital C\u00f3rdoba<\/option><option value=\"mercadillos-solidarios\">Mercadillos Solidarios<\/option><\/select><\/span><\/label>\n\t<\/p>\n\t<p><span class=\"wpcf7-form-control-wrap\" data-name=\"privacidad\"><span class=\"wpcf7-form-control wpcf7-checkbox wpcf7-validates-as-required\"><span class=\"wpcf7-list-item first last\"><label><input type=\"checkbox\" name=\"privacidad[]\" value=\"He leido y acepto la POLITICA DE PRIVACIDAD Y CONDICIONES DE USO.\" \/><span class=\"wpcf7-list-item-label\">He leido y acepto la POLITICA DE PRIVACIDAD Y CONDICIONES DE USO.<\/span><\/label><\/span><\/span><\/span><br \/>\n<span class=\"wpcf7-form-control-wrap\" data-name=\"comunicacion\"><span class=\"wpcf7-form-control wpcf7-checkbox\"><span class=\"wpcf7-list-item first last\"><label><input type=\"checkbox\" name=\"comunicacion[]\" value=\"Acepto recibir comunicaciones comerciales de la Fundaci\u00f3n Juegaterapia.\" \/><span class=\"wpcf7-list-item-label\">Acepto recibir comunicaciones comerciales de la Fundaci\u00f3n Juegaterapia.<\/span><\/label><\/span><\/span><\/span>\n\t<\/p>\n\t<p><input class=\"wpcf7-form-control wpcf7-submit has-spinner btn\" type=\"submit\" value=\"Enviar\" \/>\n\t<\/p>\n<\/div><div class=\"wpcf7-response-output\" aria-hidden=\"true\"><\/div>\n<input type=\"hidden\" name=\"trp-form-language\" value=\"en\"\/><\/form>\n<\/div>\n<\/div><div class=\"voluntario measures\">\n        <section class=\"necesitac\">\n            <div style=\"position: relative; z-index: 3; background-color: #f9f5ef\" class=\"top-wave\"><svg xmlns=\"http:\/\/www.w3.org\/2000\/svg\" viewbox=\"0 0 1440 120\" fill=\"none\">\n<path d=\"M1439.91 120H0L0.448643 87.9946C252.333 25.0586 344.328 19.3793 512.431 9.00176C540.647 7.25988 571.008 5.38561 604.629 3.08599C777.252 -8.72126 1001.84 14.5848 1290.28 51.9947C1372.62 62.675 1436.33 100.328 1440 106.995L1439.91 120Z\" fill=\"#83cfd0\"\/>\n<\/svg><\/div>            <div class=\"measures-necesitac__bg\" style=\"background-color: #83cfd0;\">\n                <div class=\"container\">\n                    <div class=\"necesitac__wrapper center\">\n                        <div class=\"necesitac__descr\">\n                        <h3 class=\"title title_fz70\" style=\"max-width: 600px;\">\n                                \u00bfNECESITAS ayuda?                            <\/h3>\n                            <div class=\"text text_fz20 mb32 necesitac__descr-top\" style=\"margin-bottom: 5px;\">\n                                <p>Para cualquier duda, cont\u00e1ctanos:<\/p>\n                            <\/div>\n                                                        <a href=\"mailto:ivanrodriguez@juegaterapia.org\" class=\"necesitac_link\" style=\"padding: 0;\">\n                                <img decoding=\"async\" src=\"https:\/\/pre.juegaterapia.org\/wp-content\/themes\/split_juegaterapia\/assets\/img\/voluntario\/necesitac\/Message.svg\" alt=\"Message\">\n                                ivanrodriguez@juegaterapia.org                            <\/a>\n                                                                                        <a href=\"tel:915756904\" class=\"necesitac_link\" style=\"padding: 0;\">\n                                <img decoding=\"async\" src=\"https:\/\/pre.juegaterapia.org\/wp-content\/themes\/split_juegaterapia\/assets\/img\/voluntario\/necesitac\/phone.svg\" alt=\"Message\">\n                                915756904                                <\/a>\n                                                       \n                        <\/div>\n                    <\/div>\n                <\/div>\n            <\/div>\n            <div style=\"position: relative; z-index: 3; background-color: \" class=\"bottom-wave\"><svg xmlns=\"http:\/\/www.w3.org\/2000\/svg\" viewbox=\"0 0 1439 120\" fill=\"none\">\n<path d=\"M-1 0V48C101.508 70.4252 361.304 105.819 567.764 69.378C715.174 43.3594 817.105 54.152 911.468 64.1435C982.309 71.6442 1048.89 78.6935 1127.24 69.378C1273.42 51.9984 1395.99 75.2178 1439 89V0H-1Z\" fill=\"#83cfd0\"\/>\n<\/svg><\/div>        <\/section>\n    <\/div>","protected":false},"excerpt":{"rendered":"<p>\u00a1hazte voluntario!<\/p>","protected":false},"author":67,"featured_media":0,"parent":414,"menu_order":0,"comment_status":"closed","ping_status":"closed","template":"","meta":{"inline_featured_image":false,"_themeisle_gutenberg_block_has_review":false,"footnotes":""},"class_list":["post-107624","page","type-page","status-publish","hentry"],"acf":[],"aioseo_notices":[],"_links":{"self":[{"href":"https:\/\/pre.juegaterapia.org\/en\/wp-json\/wp\/v2\/pages\/107624","targetHints":{"allow":["GET"]}}],"collection":[{"href":"https:\/\/pre.juegaterapia.org\/en\/wp-json\/wp\/v2\/pages"}],"about":[{"href":"https:\/\/pre.juegaterapia.org\/en\/wp-json\/wp\/v2\/types\/page"}],"author":[{"embeddable":true,"href":"https:\/\/pre.juegaterapia.org\/en\/wp-json\/wp\/v2\/users\/67"}],"replies":[{"embeddable":true,"href":"https:\/\/pre.juegaterapia.org\/en\/wp-json\/wp\/v2\/comments?post=107624"}],"version-history":[{"count":5,"href":"https:\/\/pre.juegaterapia.org\/en\/wp-json\/wp\/v2\/pages\/107624\/revisions"}],"predecessor-version":[{"id":108729,"href":"https:\/\/pre.juegaterapia.org\/en\/wp-json\/wp\/v2\/pages\/107624\/revisions\/108729"}],"up":[{"embeddable":true,"href":"https:\/\/pre.juegaterapia.org\/en\/wp-json\/wp\/v2\/pages\/414"}],"wp:attachment":[{"href":"https:\/\/pre.juegaterapia.org\/en\/wp-json\/wp\/v2\/media?parent=107624"}],"curies":[{"name":"wp","href":"https:\/\/api.w.org\/{rel}","templated":true}]}}