{"id":107424,"date":"2022-06-13T10:59:36","date_gmt":"2022-06-13T10:59:36","guid":{"rendered":"http:\/\/webjt-pre.azurewebsites.net\/?page_id=107424"},"modified":"2022-06-13T11:02:47","modified_gmt":"2022-06-13T11:02:47","slug":"la-fundacion-juegaterapia-y-fifa-22-presentan-las-nuevas-skins-de-los-balones-pelones-2","status":"publish","type":"page","link":"https:\/\/pre.juegaterapia.org\/en\/comunicacion\/notas-de-prensa\/la-fundacion-juegaterapia-y-fifa-22-presentan-las-nuevas-skins-de-los-balones-pelones-2\/","title":{"rendered":"La Fundaci\u00f3n Juegaterapia y FIFA 22 presentan las nuevas skins de los Balones Pelones"},"content":{"rendered":"<div class=\"BabyPelon\">\r\n        <section class=\"hero new-bg\">\r\n         \r\n                <picture>\r\n                     \r\n                        <source\r\n            srcset=\"https:\/\/pre.juegaterapia.org\/wp-content\/uploads\/2022\/04\/regala-un-balonpelon-pablo.jpg\"\r\n            media=\"(max-width: 850px)\"\r\n          \/>\r\n                                  \r\n          <img decoding=\"async\" src=\"https:\/\/pre.juegaterapia.org\/wp-content\/uploads\/2022\/04\/BalonPelon-Juegaterapia-.png\" \/>\r\n        <\/picture>\r\n                    \r\n            <div class=\"container\"><div class=\"hero__padding\"><p>Notas de Prensa<\/p>\r\n                    <h1>La Fundaci\u00f3n Juegaterapia y FIFA 22 <\/h1>\r\n                    <p class=\"subtitle\">La Fundaci\u00f3n Juegaterapia y FIFA 22 presentan las nuevas skins de los Balones Pelones<\/p><\/div><\/div>\r\n            <div style=\"position: relative; z-index: 3; background-color: \" class=\"bottom-wave\"><svg xmlns=\"http:\/\/www.w3.org\/2000\/svg\" viewbox=\"0 0 1440 157\" fill=\"none\">\n<path d=\"M0 116.745V156.741H1440V0.332031C1330.12 116.765 1067.88 142.809 810.756 126.467C739.878 121.963 657.005 112.482 572.829 102.851C431.667 86.701 286.84 70.1309 188.773 75.9111C75.395 82.5939 42.4099 97.6127 13.6187 110.721C9.07446 112.789 4.63477 114.811 0 116.745Z\" fill=\"#83cfd0\"\/>\n<\/svg><\/div>        <\/section>\r\n    <\/div><div class=\"team\">\r\n\r\n      \r\n                <div class=\"main-descr\" style=\"background-color: #83cfd0; padding-bottom: 0;\">\r\n            <div class=\"container\">\r\n                <div class=\"main-descr__wrapper\">\r\n                    <div class=\"main-descr__column\">\r\n                        <p class=\"wrapper-text_descr\">\r\n                            Luka Modri\u0107, Sa\u00fal \u00d1\u00edguez, Luis Su\u00e1rez, y Joaqu\u00edn S\u00e1nchez tendr\u00e1n una skin personalizada en el videojuego con su Bal\u00f3n Pel\u00f3n.  \u2022\tLas cuatro grandes estrellas del f\u00fatbol han personalizado su propio #Bal\u00f3nPel\u00f3n que, despu\u00e9s de su presentaci\u00f3n hace unos meses, ahora se convierte en una skin dentro de FIFA 22.  \u2022\tLos primeros 1.500 jugadores que compartan en sus redes un gol marcado en FIFA 22 con el hashtag #Bal\u00f3nPel\u00f3nFIFA22PS recibir\u00e1n de regalo uno de estos balones f\u00edsicos, adem\u00e1s de entrar en el sorteo de una PlayStation\u00ae5.   \u2022\tFruto de esta colaboraci\u00f3n entre Juegaterapia y las empresas de entretenimiento digital EA SPORTS \u2122 y Sony Interactive Entertainment Espa\u00f1a, se recaudar\u00e1n fondos y se dar\u00e1 visibilidad mundial al trabajo de la fundaci\u00f3n para ayudar a los ni\u00f1os enfermos de c\u00e1ncer.                        <\/p>\r\n                    <\/div>\r\n                    <div class=\"main-descr__column\">\r\n                        <div class=\"how-can__info\">\r\n                            \r\n                                                    <\/div>\r\n                    <\/div>\r\n                <\/div>\r\n            <\/div>\r\n        <\/div>\r\n        <div style=\"background-color: #daf1f1\" class=\"bottom-wave type-2\"><svg xmlns=\"http:\/\/www.w3.org\/2000\/svg\" viewbox=\"0 0 1440 89\" fill=\"none\">\n<path d=\"M0 0V48C102.508 70.4252 362.304 105.819 568.764 69.378C716.174 43.3594 818.105 54.152 912.468 64.1435C983.309 71.6442 1049.89 78.6935 1128.24 69.378C1274.42 51.9984 1396.99 75.2178 1440 89V0H0Z\" fill=\"#83cfd0\"\/>\n<\/svg><\/div>\r\n    <\/div><div class=\"block-nota-de-prensa\">\n    <section class=\"habitant-information\">\n    <div class=\"container\">\n <p>A partir de hoy <strong>FIFA 22<\/strong> incluye cuatro skins muy especiales que ayudar\u00e1n a dar visibilidad al c\u00e1ncer infantil y la labor de la <strong>Fundaci\u00f3n Juegaterapia<\/strong>. Los futbolistas <strong>Luka Modri\u0107,<\/strong> <strong>Sa\u00fa<\/strong>l<strong>, Luis Su\u00e1rez<\/strong>, y <strong>Joaqu\u00edn<\/strong> le \u201cdan un pase a sus seguidores\u201d para que le metan un gol al c\u00e1ncer infantil, cada uno con su Bal\u00f3n Pel\u00f3n personalizado por ellos mismos y ahora convertido en una de las skins disponibles en este juego.<\/p>\n<p>Jugadores de todo el mundo podr\u00e1n elegir una de las cuatro skins, los cuatro Balones Pelones que estos deportistas presentaron hace unos meses, y apoyar as\u00ed en la campa\u00f1a de sensibilizaci\u00f3n contra el c\u00e1ncer infantil. Ahora esta iniciativa se da a conocer entre los millones de seguidores del videojuego gracias a que formar\u00e1 parte de FIFA 22. Adem\u00e1s, los primeros 1.500 jugadores que marquen un gol en FIFA 22 con uno de estos balones y lo compartan en sus redes sociales utilizando el hashtag #Bal\u00f3nPel\u00f3nFIFA22PS, recibir\u00e1n un ejemplar f\u00edsico en sus casas. Adem\u00e1s, se sortear\u00e1 entre ellos una PlayStation\u00ae5, donada por Sony Interactive Entertainment Espa\u00f1a.<\/p>\n<p>Juegaterapia se dedica a hacer felices a los ni\u00f1os enfermos de c\u00e1ncer y que pasen sus tratamientos de la mejor manera posible siguiendo su lema \u201cla quimio jugando se pasa volando\u201d. El origen de la fundaci\u00f3n y su eje principal son los videojuegos. Cada d\u00eda recoge videoconsolas que la gente ya no usa y se las regala a los peques en tratamiento de quimio ingresados en los hospitales de toda Espa\u00f1a. De esta forma los ni\u00f1os siguen siendo ni\u00f1os, se r\u00eden, juegan, disfrutan y este estado de \u00e1nimo les repercute de forma muy positiva en su recuperaci\u00f3n. FIFA, en concreto, es el juego que les permite a los ni\u00f1os enfermos de c\u00e1ncer seguir jugando al futbol, aunque est\u00e9n en la cama de un hospital.<\/p>\n<\/div>    \n<\/section>\n        <\/div><div class=\"media-3\">\r\n        <section class=\"jug\">\r\n            <div style=\"position: relative; z-index: 3; background-color: #daf1f1\" class=\"top-wave\"><svg xmlns=\"http:\/\/www.w3.org\/2000\/svg\" viewbox=\"0 0 1440 120\" fill=\"none\">\n<path d=\"M1439.91 120H0L0.448643 87.9946C252.333 25.0586 344.328 19.3793 512.431 9.00176C540.647 7.25988 571.008 5.38561 604.629 3.08599C777.252 -8.72126 1001.84 14.5848 1290.28 51.9947C1372.62 62.675 1436.33 100.328 1440 106.995L1439.91 120Z\" fill=\"#fc7861\"\/>\n<\/svg><\/div>            <div class=\"jug__bg\" style=\"background-color: #fc7861;\">\r\n                <div class=\"container\">\r\n                    <p class=\"title title_fz120\">Sobre Juegaterapia<\/p>\r\n                    <div class=\"jug__wrapper\">\r\n                        <div class=\"jug__column\">\r\n                            <p class=\"title title_fz52\">La Fundaci\u00f3n<\/p>\r\n                            <p class=\"text text_fz20\">\r\n                                La Fundaci\u00f3n Juegaterapia ayuda a los ni\u00f1os enfermos de c\u00e1ncer a trav\u00e9s del juego. Recoge videoconsolas que la gente ya no usa y las reparte por las habitaciones de oncolog\u00eda pedi\u00e1trica de los hospitales espa\u00f1oles para que los peque\u00f1os pasen sus ciclos de quimio jugando y se olviden de su enfermedad. En Espa\u00f1a ya ha entregado consolas en 76 hospitales y tambi\u00e9n fuera en centros hospitalarios de Portugal, Marruecos, Colombia, El Salvador, Afganist\u00e1n, India, Guinea y Guatemala.                            <\/p>\r\n                        <\/div>\r\n                        <div class=\"jug__column\">\r\n                            <p class=\"title title_fz52\">Projects<\/p>\r\n                            <p class=\"text text_fz20\">\r\n                                El Jard\u00edn de mi Hospi es una iniciativa de Juegaterapia, pionera en Espa\u00f1a, que consiste en recuperar las azoteas en desuso de los hospitales y convertirlas en jardines para que todos los ni\u00f1os ingresados puedan jugar al aire libre. Ya ha construido tres: el Hospital La Paz y el 12 de Octubre de Madrid, y en el Hospital La Fe de Valencia. El cuarto ya est\u00e1 en construcci\u00f3n en el Hospital Gregorio Mara\u00f1\u00f3n de Madrid.                            <\/p>\r\n                        <\/div>\r\n                    <\/div>\r\n                    <div class=\"projectos__carousel\">\r\n                                            <\/div>\r\n                <\/div>\r\n            <\/div>\r\n                    <\/section>\r\n    <\/div><div class=\"we-do\">\r\n        <section class=\"playing\">\r\n            <div style=\"position: relative; z-index: 3; background-color: #fc7861\" class=\"top-wave\"><svg xmlns=\"http:\/\/www.w3.org\/2000\/svg\" viewbox=\"0 0 1439 109\" fill=\"none\">\n<path d=\"M1439 20.0797V109H-1V29.5384C152.145 8.72522 267.727 29.172 381.176 49.2411C473.358 65.5482 564.13 81.6061 672.5 75.0778C739.651 71.0326 805.101 57.6009 875.303 43.194C1010.01 15.5499 1162.2 -15.6847 1377.5 8.90832C1399.36 11.4049 1420.06 15.3756 1439 20.0797Z\" fill=\"#a4a3ea\"\/>\n<\/svg><\/div>            <div class=\"playing__bg\" style=\"background-color: #a4a3ea;\">\r\n                <div class=\"playing__wrapper container\">\r\n                    <div class=\"playing__column\">\r\n                        <div class=\"playing__column_video\">\r\n                                                            <div  class=\"playing__bg-video\" onclick=\"this.nextElementSibling.style.display='block'; this.style.display='none'\">\r\n   <img decoding=\"async\" src=\"https:\/\/pre.juegaterapia.org\/wp-content\/uploads\/2022\/04\/Estacion-Lunar-1-Juegaterapia.jpg\" style=\"cursor:pointer\" \/>\r\n   <div class=\"playing__bg-play position-absolute\">\r\n                                <svg width=\"92\" height=\"94\" viewbox=\"0 0 92 94\" fill=\"none\"\r\n                                     xmlns=\"http:\/\/www.w3.org\/2000\/svg\">\r\n                                    <ellipse cx=\"46\" cy=\"47\" rx=\"46\" ry=\"47\" fill=\"#E14286\"><\/ellipse>\r\n                                    <path d=\"M47.6682 43.4213C49.8953 44.8216 51.0088 45.5217 51.2181 46.4966C51.2893 46.8283 51.2893 47.1718 51.2181 47.5035C51.0088 48.4784 49.8953 49.1785 47.6682 50.5789C45.246 52.1018 44.0349 52.8633 43.0539 52.57C42.7216 52.4706 42.4156 52.2959 42.1587 52.0588C41.4 51.359 41.4 49.906 41.4 47.0001C41.4 44.0941 41.4 42.6412 42.1587 41.9413C42.4156 41.7043 42.7216 41.5295 43.0539 41.4302C44.0349 41.1368 45.246 41.8983 47.6682 43.4213Z\"\r\n                                          fill=\"white\"><\/path>\r\n                                <\/svg>\r\n                            <\/div>\r\n<\/div>\r\n<div class=\"playing__bg-video\" style=\"display:none\">\r\n<iframe loading=\"lazy\" class=\"playing__bg-video\" width=\"560\" height=\"315\" src=\"https:\/\/www.youtube.com\/embed\/mOYREryTP4U?autoplay=0\" title=\"YouTube video player\" frameborder=\"0\" allow=\"accelerometer; autoplay; clipboard-write; encrypted-media; gyroscope; picture-in-picture\" allowfullscreen autoplay><\/iframe>\r\n<\/div>\r\n\r\n                                \r\n\r\n\r\n                        <\/div>\r\n                    <\/div>\r\n                    <div class=\"playing__column\">\r\n                                                <h2 class=\"title title_fz52\">\r\n                            Video presentaci\u00f3n JUEGATERAPIA                        <\/h2>\r\n                        <p class=\"wrapper-text_descr\">\r\n                                                    <\/p>\r\n\r\n                                               <\/div>\r\n                <\/div>\r\n            <\/div>\r\n                    <\/section>\r\n    <\/div><div class=\"media-3\">\r\n        <section class=\"los-baby\">\r\n            <div style=\"position: relative; z-index: 3; background-color: #a4a3ea\" class=\"top-wave\"><svg xmlns=\"http:\/\/www.w3.org\/2000\/svg\" viewbox=\"0 0 1440 76\" fill=\"none\">\n<path d=\"M1439.99 76H0L0.45801 55.5732C187.98 8.71853 272.925 13.474 370.469 18.9347C425.94 22.0401 485.485 25.3736 570.286 19.5732C588.113 18.3539 606.86 16.9874 626.465 15.5584C796.702 3.15001 1031.63 -13.9734 1290.28 19.5732C1372.62 30.2536 1436.33 67.9065 1440 74.5732L1439.99 76Z\" fill=\"#83cfd0\"\/>\n<\/svg><\/div>            <div class=\"los-baby__bg\" style=\"background-color: #83cfd0;\">\r\n                <div class=\"container\">\r\n                    <div class=\"los-baby__wrapper\">\r\n                        <div class=\"los-baby__column-1\">\r\n                            <p class=\"title title_fz120 d-none d-md-none d-lg-block\">\r\n                                Los Baby Pelones                            <\/p>\r\n                            <p class=\"text text_fz20\">\r\n                                Llevan un pa\u00f1uelo en la cabeza, con dise\u00f1os de embajadores de la fundaci\u00f3n como Alejandro Sanz, Shakira, Richard Gere, David Bisbal o Mar\u00eda y Jorge, dos peque\u00f1os luchadores. Ya se han vendido 1.000.000 en cinco a\u00f1os y la recaudaci\u00f3n ha permitido la apertura de dos becas bianuales de investigaci\u00f3n de 100.000 euros en el CNIO contra el c\u00e1ncer infantil. Est\u00e1n disponibles en Espa\u00f1a y Portugal en Juegettos, El Corte Ingl\u00e9s, Amazon, Toys R\u2019Us; adem\u00e1s de Gocco, Drim en Espa\u00f1a; en algunos vuelos de Iberia; La Giraffa y Rocco Giocattoli en Italia; y Sanborns en M\u00e9xico.                            <\/p>\r\n                        <\/div>\r\n                        <div class=\"los-baby__column-2\">\r\n                            <p class=\"title title_fz120 d-block d-md-block d-lg-none\">\r\n                                Los Baby Pelones                            <\/p>\r\n                            <p class=\"text text_fz20\">Los Baby Pelones son una idea original de Juegaterapia y son \u201clos mu\u00f1ecos m\u00e1s bonitos del mundo\u201d porque est\u00e1n inspirados en los ni\u00f1os que luchan contra la enfermedad. <\/p>\r\n                            <img decoding=\"async\" src=\"https:\/\/pre.juegaterapia.org\/wp-content\/uploads\/2022\/04\/img-3.png\"\r\n                                 alt=\"Los Baby Pelones\" class=\"d-none d-md-none d-lg-block\">\r\n                            <img decoding=\"async\" src=\"https:\/\/pre.juegaterapia.org\/wp-content\/uploads\/2022\/04\/img-3.png\"\r\n                                 alt=\"Los Baby Pelones\" class=\"d-block d-md-block d-lg-none\">\r\n                        <\/div>\r\n                    <\/div>\r\n                <\/div>\r\n            <\/div>\r\n            <div style=\"position: relative; z-index: 3; background-color: #f9f5ef\" class=\"bottom-wave\"><svg xmlns=\"http:\/\/www.w3.org\/2000\/svg\" viewbox=\"0 0 1439 120\" fill=\"none\">\n<path d=\"M-1 0V48C101.508 70.4252 361.304 105.819 567.764 69.378C715.174 43.3594 817.105 54.152 911.468 64.1435C982.309 71.6442 1048.89 78.6935 1127.24 69.378C1273.42 51.9984 1395.99 75.2178 1439 89V0H-1Z\" fill=\"#83cfd0\"\/>\n<\/svg><\/div>        <\/section>\r\n    <\/div>","protected":false},"excerpt":{"rendered":"","protected":false},"author":67,"featured_media":0,"parent":373,"menu_order":0,"comment_status":"closed","ping_status":"closed","template":"","meta":{"inline_featured_image":false,"_themeisle_gutenberg_block_has_review":false,"footnotes":""},"class_list":["post-107424","page","type-page","status-publish","hentry"],"acf":[],"aioseo_notices":[],"_links":{"self":[{"href":"https:\/\/pre.juegaterapia.org\/en\/wp-json\/wp\/v2\/pages\/107424","targetHints":{"allow":["GET"]}}],"collection":[{"href":"https:\/\/pre.juegaterapia.org\/en\/wp-json\/wp\/v2\/pages"}],"about":[{"href":"https:\/\/pre.juegaterapia.org\/en\/wp-json\/wp\/v2\/types\/page"}],"author":[{"embeddable":true,"href":"https:\/\/pre.juegaterapia.org\/en\/wp-json\/wp\/v2\/users\/67"}],"replies":[{"embeddable":true,"href":"https:\/\/pre.juegaterapia.org\/en\/wp-json\/wp\/v2\/comments?post=107424"}],"version-history":[{"count":6,"href":"https:\/\/pre.juegaterapia.org\/en\/wp-json\/wp\/v2\/pages\/107424\/revisions"}],"predecessor-version":[{"id":107431,"href":"https:\/\/pre.juegaterapia.org\/en\/wp-json\/wp\/v2\/pages\/107424\/revisions\/107431"}],"up":[{"embeddable":true,"href":"https:\/\/pre.juegaterapia.org\/en\/wp-json\/wp\/v2\/pages\/373"}],"wp:attachment":[{"href":"https:\/\/pre.juegaterapia.org\/en\/wp-json\/wp\/v2\/media?parent=107424"}],"curies":[{"name":"wp","href":"https:\/\/api.w.org\/{rel}","templated":true}]}}