{"id":106057,"date":"2022-05-30T12:02:52","date_gmt":"2022-05-30T12:02:52","guid":{"rendered":"http:\/\/webjt-pre.azurewebsites.net\/?page_id=106057"},"modified":"2022-06-10T12:37:18","modified_gmt":"2022-06-10T12:37:18","slug":"la-fundacion-juegaterapia-inaugura-su-sexto-cine-infantil-en-espana-en-el-hospital-reina-sofia-de-cordoba","status":"publish","type":"page","link":"https:\/\/pre.juegaterapia.org\/en\/comunicacion\/notas-de-prensa\/la-fundacion-juegaterapia-inaugura-su-sexto-cine-infantil-en-espana-en-el-hospital-reina-sofia-de-cordoba\/","title":{"rendered":"La Fundaci\u00f3n Juegaterapia inaugura su sexto cine infantil en Espa\u00f1a en el Hospital Reina Sof\u00eda de C\u00f3rdoba"},"content":{"rendered":"<div class=\"BabyPelon\">\r\n        <section class=\"hero new-bg\">\r\n         \r\n                <picture>\r\n                     \r\n                        <source\r\n            srcset=\"https:\/\/pre.juegaterapia.org\/wp-content\/uploads\/2022\/06\/Cine-Cordoba-2-Juegatrapia.jpg\"\r\n            media=\"(max-width: 850px)\"\r\n          \/>\r\n                                  \r\n          <img decoding=\"async\" src=\"https:\/\/pre.juegaterapia.org\/wp-content\/uploads\/2022\/06\/Cine-Cordoba-3-Juegatrapia.jpg\" \/>\r\n        <\/picture>\r\n                    \r\n            <div class=\"container\"><div class=\"hero__padding\"><p>Notas de Prensa<\/p>\r\n                    <h1>Inauguraci\u00f3n cine Hospital Reina Sof\u00eda de C\u00f3rdoba<\/h1>\r\n                    <p class=\"subtitle\">La Fundaci\u00f3n Juegaterapia inaugura su sexto cine infantil en Espa\u00f1a en el Hospital Reina Sof\u00eda de C\u00f3rdoba<\/p><\/div><\/div>\r\n            <div style=\"position: relative; z-index: 3; background-color: \" class=\"bottom-wave\"><svg xmlns=\"http:\/\/www.w3.org\/2000\/svg\" viewbox=\"0 0 1440 157\" fill=\"none\">\n<path d=\"M0 116.745V156.741H1440V0.332031C1330.12 116.765 1067.88 142.809 810.756 126.467C739.878 121.963 657.005 112.482 572.829 102.851C431.667 86.701 286.84 70.1309 188.773 75.9111C75.395 82.5939 42.4099 97.6127 13.6187 110.721C9.07446 112.789 4.63477 114.811 0 116.745Z\" fill=\"#83cfd0\"\/>\n<\/svg><\/div>        <\/section>\r\n    <\/div><div class=\"team\">\r\n\r\n      \r\n                <div class=\"main-descr\" style=\"background-color: #83cfd0; padding-bottom: 0;\">\r\n            <div class=\"container\">\r\n                <div class=\"main-descr__wrapper\">\r\n                    <div class=\"main-descr__column\">\r\n                        <p class=\"wrapper-text_descr\">\r\n                            \u201cEn El Hospi Estoy De Cine\u201d es una iniciativa de Juegaterapia para que los ni\u00f1os ingresados en el hospital puedan ir al cine todas las semanas mientras reciben sus tratamientos  Financiado en gran parte por el streaming solidario de L3TCraft, tambi\u00e9n ha contado con la colaboraci\u00f3n de m\u00e1s de 15 entidades y colegios, varios de ellos de la provincia de C\u00f3rdoba                        <\/p>\r\n                    <\/div>\r\n                    <div class=\"main-descr__column\">\r\n                        <div class=\"how-can__info\">\r\n                            \r\n                                                    <\/div>\r\n                    <\/div>\r\n                <\/div>\r\n            <\/div>\r\n        <\/div>\r\n        <div style=\"background-color: #daf1f1\" class=\"bottom-wave type-2\"><svg xmlns=\"http:\/\/www.w3.org\/2000\/svg\" viewbox=\"0 0 1440 89\" fill=\"none\">\n<path d=\"M0 0V48C102.508 70.4252 362.304 105.819 568.764 69.378C716.174 43.3594 818.105 54.152 912.468 64.1435C983.309 71.6442 1049.89 78.6935 1128.24 69.378C1274.42 51.9984 1396.99 75.2178 1440 89V0H0Z\" fill=\"#83cfd0\"\/>\n<\/svg><\/div>\r\n    <\/div><div class=\"block-nota-de-prensa\">\n  <div style=\"position: relative; z-index: 3; background-color: #daf1f1\" class=\"top-wave\"><svg xmlns=\"http:\/\/www.w3.org\/2000\/svg\" viewbox=\"0 0 1440 89\" fill=\"none\">\n<path d=\"M1440 89H0V0C42.8925 9.83325 165.12 26.3999 310.892 14C389.027 7.35352 455.418 12.3831 526.061 17.7349C620.162 24.8635 721.808 32.5637 868.808 14C1074.69 -12 1337.78 14 1440 30V89Z\" fill=\"#daf1f1\"\/>\n<\/svg><\/div>  <section class=\"habitant-information\">\n    <div class=\"container\">\n <p>La <strong>Fundaci\u00f3n Juegaterapia<\/strong>, que ayuda a los ni\u00f1os enfermos de c\u00e1ncer a trav\u00e9s del juego, inaugura su sexta sala de cine infantil ubicada dentro de un hospital. Este cine se ha llevado a cabo gracias a la recaudaci\u00f3n del primer streaming solidario que realiz\u00f3 L3TCraft y con la colaboraci\u00f3n de m\u00e1s de 15 entidades, entre ellas, la Hermandad Mar\u00eda Sant\u00edsima de la Aurora de Carcabuey, la Escuela Infantil Bambi Priego, el CEIP Maestro Rogelio Fern\u00e1ndez Villanueva del Duque y el AMPA CEIP Ramon y Cajal El Carpio, en C\u00f3rdoba.<\/p>\n<p>Gracias a la iniciativa \u201c<strong>En el Hospi estoy de cine<\/strong>\u201d la Fundaci\u00f3n est\u00e1 transformando salas hospitalarias en cines decorados con diversas y divertidas tem\u00e1ticas y con tecnolog\u00eda de audio y video de \u00faltima generaci\u00f3n. Al ver diferentes pel\u00edculas de estreno, los ni\u00f1os vivir\u00e1n una experiencia muy especial y se divertir\u00e1n como cualquier ni\u00f1o o ni\u00f1a de su edad. La sala ha sido dise\u00f1ada por Cousi interiorismo y, en esta ocasi\u00f3n, est\u00e1 inspirada en <strong>los autocines americanos de los a\u00f1os 50.<\/strong> As\u00ed, las butacas simulan autom\u00f3viles de esa d\u00e9cada con asientos tapizados en vivos colores y faros para generar el efecto de un autocine real.<\/p>\n<p>Este nuevo cine de C\u00f3rdoba tiene una superficie de 40 m<sup>2<\/sup> y capacidad para 26 personas sentadas. Adem\u00e1s, dispone de un escenario para hacer representaciones teatrales y talleres con el objetivo de ser un espacio polivalente para todos los ni\u00f1os hospitalizados las tardes en las que no funcione como cine.<\/p>\n<p>Esther Pereira, directora de Humanizaci\u00f3n de Hospitales de Juegaterapia, explica que \u201c<em>la idea no es s\u00f3lo que los ni\u00f1os vean una pel\u00edcula como lo har\u00edan en su habitaci\u00f3n. Queremos que vayan al cine dentro de su hospi y que esta, sea una experiencia \u00fanica para ellos. Que cuando entren en esta sala sientan que viajan a otros mundos y vivan otras experiencias. Siempre persiguiendo nuestro objetivo de que se evadan y se les olvide que son ni\u00f1os enfermos ingresados en un hospital. Estamos convencidas de que esto es beneficioso para su curaci\u00f3n porque \u201cla quimio jugando se pasa volando\u201d.<\/em><\/p>\n<p><strong>Una tarde de cine en el hospital<\/strong><\/p>\n<p>Los cines que pone en marcha la Fundaci\u00f3n Juegaterapia son coordinados por el hospital con un equipo de voluntarios. Al menos dos d\u00edas por semana, todos los ni\u00f1os reciben una invitaci\u00f3n para ver una pel\u00edcula que les llega con la bandeja de la comida. Las pel\u00edculas que se pueden ver son donaciones ya estrenadas y para un p\u00fablico menor de edad.<\/p>\n<p>En palabras de Valle Garc\u00eda, directora gerente del Hospital Reina Sof\u00eda, \u201c<em>hoy es un gran d\u00eda para el Hospital Reina Sof\u00eda porque se hace realidad uno de los proyectos a los que m\u00e1s cari\u00f1o le hemos puesto dentro de nuestra estrategia de humanizaci\u00f3n de la asistencia sanitaria. Este precioso espacio avala la forma de hacer de este centro, ya que sabemos que, junto a otras instituciones, colectivos y profesionales, no s\u00f3lo nos enriquecemos, tambi\u00e9n logramos mejores resultados. El cine es un nuevo recurso para nuestros ni\u00f1os y ni\u00f1as hospitalizados que ve la luz como resultado de la generosidad de las personas que han colaborado con su donaci\u00f3n, del trabajo de Juegaterapia y de un gran equipo de profesionales de nuestro hospital<\/em>\u201d.<\/p>\n<p><em>\u201cPara nosotras el cine es una herramienta de trabajo muy valiosa, que nos permite ofrecer a las familias espacios de descanso, en los que se olviden de su realidad y de la enfermedad y se dejen llevar por la magia y los valores de las pel\u00edculas. Es un lugar en el que viajar y so\u00f1ar. Tener recursos de este tipo ayuda a que la estancia sea mucho m\u00e1s llevadera y a que la recuperaci\u00f3n de nuestros ni\u00f1os y ni\u00f1as sea m\u00e1s r\u00e1pida y deseada<\/em>\u201d, a\u00f1ade Aurora Ruiz, jefa de bloque del Hospital Materno Infantil.<\/p>\n<p>Cabe destacar, que la sala se ha dise\u00f1ado para que sea accesible a los pacientes hospitalizados con puntos de electricidad distribuidos por la sala para poder alimentar el\u00e9ctricamente equipos electrom\u00e9dicos que puedan ser necesarios y que los ni\u00f1os precisen durante la estancia en la sala. Y cuenta con una pasarela cubierta para que los peque\u00f1os hospitalizados puedan acceder a ella de forma directa.<\/p>\n<p>\u201c<em>Desde L3tcraft siempre le hemos dado mucha importancia a la ayuda que puede prestar el ser humano para hacer que el mundo sea un poco mejor. Con este granito de arena, nos llenamos de felicidad viendo c\u00f3mo cada uno de los streamers y colaboradores habituales siguen sacando su tiempo y mejor versi\u00f3n para apoyar proyectos tan bonitos y con tanto sentido como este. Es un orgullo poder ser una peque\u00f1a parte de los logros que consigue Juegaterapia y esperamos seguir haci\u00e9ndolo muchos a\u00f1os m\u00e1s\u201d, concluye<\/em> Chincheto, Miguel \u00c1ngel Salcedo de L3tcraft, como principal financiador de este proyecto.<\/p>\n<p><strong>Beneficios de ir al cine<\/strong><\/p>\n<p>Los ni\u00f1os enfermos de c\u00e1ncer no pueden acudir a las salas de cine convencionales.\u00a0 Deben seguir unas indicaciones de un cierto grado de aislamiento por su seguridad ya que los tratamientos de quimioterapia les provocan bajadas de defensas.\u00a0 As\u00ed que, este cine les da la posibilidad de disfrutar de esa experiencia, les ayuda a evadirse, vivir aventuras y divertirse como cualquier ni\u00f1o o ni\u00f1a de su edad.<\/p>\n<p>La iniciativa \u201cEn el hospi estoy de cine\u201d de la Fundaci\u00f3n Juegaterapia comenz\u00f3 hace siete a\u00f1os con la creaci\u00f3n de un cine en el Hospital Gregorio Mara\u00f1\u00f3n de Madrid (2015). Despu\u00e9s se inauguraron tambi\u00e9n los cines en otros hospitales de Espa\u00f1a, m\u00e1s concretamente: en el Hospital de Burgos (2019), en el Hospital Miguel Servet de Zaragoza (2019), en el Hospital Universitario de Valladolid (2019) y hace unas semanas en el Hospital Universitario Torrec\u00e1rdenas de Almer\u00eda (2022). Se trata de una acci\u00f3n muy beneficiosa para los ni\u00f1os que los hospitales acogen de forma positiva.<\/p>\n<\/div>    \n<\/section>\n        <\/div><div class=\"media-3\">\r\n        <section class=\"jug\">\r\n            <div style=\"position: relative; z-index: 3; background-color: #daf1f1\" class=\"top-wave\"><svg xmlns=\"http:\/\/www.w3.org\/2000\/svg\" viewbox=\"0 0 1440 120\" fill=\"none\">\n<path d=\"M1439.91 120H0L0.448643 87.9946C252.333 25.0586 344.328 19.3793 512.431 9.00176C540.647 7.25988 571.008 5.38561 604.629 3.08599C777.252 -8.72126 1001.84 14.5848 1290.28 51.9947C1372.62 62.675 1436.33 100.328 1440 106.995L1439.91 120Z\" fill=\"#fc7861\"\/>\n<\/svg><\/div>            <div class=\"jug__bg\" style=\"background-color: #fc7861;\">\r\n                <div class=\"container\">\r\n                    <p class=\"title title_fz120\">Sobre Juegaterapia<\/p>\r\n                    <div class=\"jug__wrapper\">\r\n                        <div class=\"jug__column\">\r\n                            <p class=\"title title_fz52\">La Fundaci\u00f3n<\/p>\r\n                            <p class=\"text text_fz20\">\r\n                                La Fundaci\u00f3n Juegaterapia ayuda a los ni\u00f1os enfermos de c\u00e1ncer a trav\u00e9s del juego. Recoge videoconsolas que la gente ya no usa y las reparte por las habitaciones de oncolog\u00eda pedi\u00e1trica de los hospitales espa\u00f1oles para que los peque\u00f1os pasen sus ciclos de quimio jugando y se olviden de su enfermedad. En Espa\u00f1a ya ha entregado consolas en 76 hospitales y tambi\u00e9n fuera en centros hospitalarios de Portugal, Marruecos, Colombia, El Salvador, Afganist\u00e1n, India, Guinea y Guatemala.                            <\/p>\r\n                        <\/div>\r\n                        <div class=\"jug__column\">\r\n                            <p class=\"title title_fz52\">Projects<\/p>\r\n                            <p class=\"text text_fz20\">\r\n                                El Jard\u00edn de mi Hospi es una iniciativa de Juegaterapia, pionera en Espa\u00f1a, que consiste en recuperar las azoteas en desuso de los hospitales y convertirlas en jardines para que todos los ni\u00f1os ingresados puedan jugar al aire libre. Ya ha construido tres: el Hospital La Paz y el 12 de Octubre de Madrid, y en el Hospital La Fe de Valencia. El cuarto ya est\u00e1 en construcci\u00f3n en el Hospital Gregorio Mara\u00f1\u00f3n de Madrid.                            <\/p>\r\n                        <\/div>\r\n                    <\/div>\r\n                    <div class=\"projectos__carousel\">\r\n                                            <\/div>\r\n                <\/div>\r\n            <\/div>\r\n                    <\/section>\r\n    <\/div><div class=\"we-do\">\r\n        <section class=\"playing\">\r\n            <div style=\"position: relative; z-index: 3; background-color: #fc7861\" class=\"top-wave\"><svg xmlns=\"http:\/\/www.w3.org\/2000\/svg\" viewbox=\"0 0 1439 109\" fill=\"none\">\n<path d=\"M1439 20.0797V109H-1V29.5384C152.145 8.72522 267.727 29.172 381.176 49.2411C473.358 65.5482 564.13 81.6061 672.5 75.0778C739.651 71.0326 805.101 57.6009 875.303 43.194C1010.01 15.5499 1162.2 -15.6847 1377.5 8.90832C1399.36 11.4049 1420.06 15.3756 1439 20.0797Z\" fill=\"#a4a3ea\"\/>\n<\/svg><\/div>            <div class=\"playing__bg\" style=\"background-color: #a4a3ea;\">\r\n                <div class=\"playing__wrapper container\">\r\n                    <div class=\"playing__column\">\r\n                        <div class=\"playing__column_video\">\r\n                                                            <div  class=\"playing__bg-video\" onclick=\"this.nextElementSibling.style.display='block'; this.style.display='none'\">\r\n   <img decoding=\"async\" src=\"https:\/\/pre.juegaterapia.org\/wp-content\/uploads\/2022\/04\/Estacion-Lunar-1-Juegaterapia.jpg\" style=\"cursor:pointer\" \/>\r\n   <div class=\"playing__bg-play position-absolute\">\r\n                                <svg width=\"92\" height=\"94\" viewbox=\"0 0 92 94\" fill=\"none\"\r\n                                     xmlns=\"http:\/\/www.w3.org\/2000\/svg\">\r\n                                    <ellipse cx=\"46\" cy=\"47\" rx=\"46\" ry=\"47\" fill=\"#E14286\"><\/ellipse>\r\n                                    <path d=\"M47.6682 43.4213C49.8953 44.8216 51.0088 45.5217 51.2181 46.4966C51.2893 46.8283 51.2893 47.1718 51.2181 47.5035C51.0088 48.4784 49.8953 49.1785 47.6682 50.5789C45.246 52.1018 44.0349 52.8633 43.0539 52.57C42.7216 52.4706 42.4156 52.2959 42.1587 52.0588C41.4 51.359 41.4 49.906 41.4 47.0001C41.4 44.0941 41.4 42.6412 42.1587 41.9413C42.4156 41.7043 42.7216 41.5295 43.0539 41.4302C44.0349 41.1368 45.246 41.8983 47.6682 43.4213Z\"\r\n                                          fill=\"white\"><\/path>\r\n                                <\/svg>\r\n                            <\/div>\r\n<\/div>\r\n<div class=\"playing__bg-video\" style=\"display:none\">\r\n<iframe loading=\"lazy\" class=\"playing__bg-video\" width=\"560\" height=\"315\" src=\"https:\/\/www.youtube.com\/embed\/mOYREryTP4U?autoplay=0\" title=\"YouTube video player\" frameborder=\"0\" allow=\"accelerometer; autoplay; clipboard-write; encrypted-media; gyroscope; picture-in-picture\" allowfullscreen autoplay><\/iframe>\r\n<\/div>\r\n\r\n                                \r\n\r\n\r\n                        <\/div>\r\n                    <\/div>\r\n                    <div class=\"playing__column\">\r\n                                                <h2 class=\"title title_fz52\">\r\n                            Video presentaci\u00f3n JUEGATERAPIA                        <\/h2>\r\n                        <p class=\"wrapper-text_descr\">\r\n                                                    <\/p>\r\n\r\n                                               <\/div>\r\n                <\/div>\r\n            <\/div>\r\n                    <\/section>\r\n    <\/div><div class=\"media-3\">\r\n        <section class=\"los-baby\">\r\n            <div style=\"position: relative; z-index: 3; background-color: #a4a3ea\" class=\"top-wave\"><svg xmlns=\"http:\/\/www.w3.org\/2000\/svg\" viewbox=\"0 0 1440 76\" fill=\"none\">\n<path d=\"M1439.99 76H0L0.45801 55.5732C187.98 8.71853 272.925 13.474 370.469 18.9347C425.94 22.0401 485.485 25.3736 570.286 19.5732C588.113 18.3539 606.86 16.9874 626.465 15.5584C796.702 3.15001 1031.63 -13.9734 1290.28 19.5732C1372.62 30.2536 1436.33 67.9065 1440 74.5732L1439.99 76Z\" fill=\"#83cfd0\"\/>\n<\/svg><\/div>            <div class=\"los-baby__bg\" style=\"background-color: #83cfd0;\">\r\n                <div class=\"container\">\r\n                    <div class=\"los-baby__wrapper\">\r\n                        <div class=\"los-baby__column-1\">\r\n                            <p class=\"title title_fz120 d-none d-md-none d-lg-block\">\r\n                                Los Baby Pelones                            <\/p>\r\n                            <p class=\"text text_fz20\">\r\n                                Llevan un pa\u00f1uelo en la cabeza, con dise\u00f1os de embajadores de la fundaci\u00f3n como Alejandro Sanz, Shakira, Richard Gere, David Bisbal o Mar\u00eda y Jorge, dos peque\u00f1os luchadores. Ya se han vendido 1.000.000 en cinco a\u00f1os y la recaudaci\u00f3n ha permitido la apertura de dos becas bianuales de investigaci\u00f3n de 100.000 euros en el CNIO contra el c\u00e1ncer infantil. Est\u00e1n disponibles en Espa\u00f1a y Portugal en Juegettos, El Corte Ingl\u00e9s, Amazon, Toys R\u2019Us; adem\u00e1s de Gocco, Drim en Espa\u00f1a; en algunos vuelos de Iberia; La Giraffa y Rocco Giocattoli en Italia; y Sanborns en M\u00e9xico.                            <\/p>\r\n                        <\/div>\r\n                        <div class=\"los-baby__column-2\">\r\n                            <p class=\"title title_fz120 d-block d-md-block d-lg-none\">\r\n                                Los Baby Pelones                            <\/p>\r\n                            <p class=\"text text_fz20\">Los Baby Pelones son una idea original de Juegaterapia y son \u201clos mu\u00f1ecos m\u00e1s bonitos del mundo\u201d porque est\u00e1n inspirados en los ni\u00f1os que luchan contra la enfermedad. <\/p>\r\n                            <img decoding=\"async\" src=\"https:\/\/pre.juegaterapia.org\/wp-content\/uploads\/2022\/04\/img-3.png\"\r\n                                 alt=\"Los Baby Pelones\" class=\"d-none d-md-none d-lg-block\">\r\n                            <img decoding=\"async\" src=\"https:\/\/pre.juegaterapia.org\/wp-content\/uploads\/2022\/04\/img-3.png\"\r\n                                 alt=\"Los Baby Pelones\" class=\"d-block d-md-block d-lg-none\">\r\n                        <\/div>\r\n                    <\/div>\r\n                <\/div>\r\n            <\/div>\r\n            <div style=\"position: relative; z-index: 3; background-color: #f9f5ef\" class=\"bottom-wave\"><svg xmlns=\"http:\/\/www.w3.org\/2000\/svg\" viewbox=\"0 0 1439 120\" fill=\"none\">\n<path d=\"M-1 0V48C101.508 70.4252 361.304 105.819 567.764 69.378C715.174 43.3594 817.105 54.152 911.468 64.1435C982.309 71.6442 1048.89 78.6935 1127.24 69.378C1273.42 51.9984 1395.99 75.2178 1439 89V0H-1Z\" fill=\"#83cfd0\"\/>\n<\/svg><\/div>        <\/section>\r\n    <\/div>","protected":false},"excerpt":{"rendered":"","protected":false},"author":67,"featured_media":0,"parent":373,"menu_order":0,"comment_status":"closed","ping_status":"closed","template":"","meta":{"inline_featured_image":false,"_themeisle_gutenberg_block_has_review":false,"footnotes":""},"class_list":["post-106057","page","type-page","status-publish","hentry"],"acf":[],"aioseo_notices":[],"_links":{"self":[{"href":"https:\/\/pre.juegaterapia.org\/en\/wp-json\/wp\/v2\/pages\/106057","targetHints":{"allow":["GET"]}}],"collection":[{"href":"https:\/\/pre.juegaterapia.org\/en\/wp-json\/wp\/v2\/pages"}],"about":[{"href":"https:\/\/pre.juegaterapia.org\/en\/wp-json\/wp\/v2\/types\/page"}],"author":[{"embeddable":true,"href":"https:\/\/pre.juegaterapia.org\/en\/wp-json\/wp\/v2\/users\/67"}],"replies":[{"embeddable":true,"href":"https:\/\/pre.juegaterapia.org\/en\/wp-json\/wp\/v2\/comments?post=106057"}],"version-history":[{"count":55,"href":"https:\/\/pre.juegaterapia.org\/en\/wp-json\/wp\/v2\/pages\/106057\/revisions"}],"predecessor-version":[{"id":110056,"href":"https:\/\/pre.juegaterapia.org\/en\/wp-json\/wp\/v2\/pages\/106057\/revisions\/110056"}],"up":[{"embeddable":true,"href":"https:\/\/pre.juegaterapia.org\/en\/wp-json\/wp\/v2\/pages\/373"}],"wp:attachment":[{"href":"https:\/\/pre.juegaterapia.org\/en\/wp-json\/wp\/v2\/media?parent=106057"}],"curies":[{"name":"wp","href":"https:\/\/api.w.org\/{rel}","templated":true}]}}