{"id":105928,"date":"2022-05-30T09:51:39","date_gmt":"2022-05-30T09:51:39","guid":{"rendered":"http:\/\/webjt-pre.azurewebsites.net\/?page_id=105928"},"modified":"2022-06-10T12:07:00","modified_gmt":"2022-06-10T12:07:00","slug":"__trashed","status":"publish","type":"page","link":"https:\/\/pre.juegaterapia.org\/en\/comunicacion\/notas-de-prensa\/__trashed\/","title":{"rendered":"Juegaterapia inaugura su tercer cine en Zaragoza"},"content":{"rendered":"<div class=\"BabyPelon\">\r\n        <section class=\"hero new-bg\">\r\n         \r\n                <picture>\r\n                     \r\n                        <source\r\n            srcset=\"https:\/\/pre.juegaterapia.org\/wp-content\/uploads\/2022\/04\/Nota-de-Prensa-Cine-Zaragoza-Juegaterapia.jpg\"\r\n            media=\"(max-width: 850px)\"\r\n          \/>\r\n                                  \r\n          <img decoding=\"async\" src=\"https:\/\/pre.juegaterapia.org\/wp-content\/uploads\/2022\/04\/Nota-de-Prensa-Cine-Zaragoza-Juegaterapia.jpg\" \/>\r\n        <\/picture>\r\n                    \r\n            <div class=\"container\"><div class=\"hero__padding\"><p>Notas de Prensa<\/p>\r\n                    <h1>Juegaterapia inaugura su tercer cine en Zaragoza<\/h1>\r\n                    <p class=\"subtitle\"><\/p><\/div><\/div>\r\n            <div style=\"position: relative; z-index: 3; background-color: \" class=\"bottom-wave\"><svg xmlns=\"http:\/\/www.w3.org\/2000\/svg\" viewbox=\"0 0 1440 157\" fill=\"none\">\n<path d=\"M0 116.745V156.741H1440V0.332031C1330.12 116.765 1067.88 142.809 810.756 126.467C739.878 121.963 657.005 112.482 572.829 102.851C431.667 86.701 286.84 70.1309 188.773 75.9111C75.395 82.5939 42.4099 97.6127 13.6187 110.721C9.07446 112.789 4.63477 114.811 0 116.745Z\" fill=\"#83cfd0\"\/>\n<\/svg><\/div>        <\/section>\r\n    <\/div><div class=\"block-nota-de-prensa\">\n  <div style=\"position: relative; z-index: 3; background-color: #83cfd0\" class=\"top-wave\"><svg xmlns=\"http:\/\/www.w3.org\/2000\/svg\" viewbox=\"0 0 1440 89\" fill=\"none\">\n<path d=\"M1440 89H0V0C42.8925 9.83325 165.12 26.3999 310.892 14C389.027 7.35352 455.418 12.3831 526.061 17.7349C620.162 24.8635 721.808 32.5637 868.808 14C1074.69 -12 1337.78 14 1440 30V89Z\" fill=\"#f9f5ef\"\/>\n<\/svg><\/div>  <section class=\"habitant-information\">\n    <div class=\"container\">\n <p><strong>C\u00f3mo es una tarde de cine en el hospital<\/strong>rnrnLos cines que pone en marcha Juegaterapia son coordinados por el hospital con un equipo de voluntarios gestionados por laFundaci\u00f3n SES\u00c9 y la Asociaci\u00f3n espa\u00f1ola contra el c\u00e1ncer. Al menos dos d\u00edas por semana, todos los ni\u00f1os reciben una invitaci\u00f3n para ver una pel\u00edcula que les llega con la bandeja de la comida. Esa tarde, ellos ya saben que es tarde de cine.rnrnLas pel\u00edculas que se pueden ver son donaciones de Fox y Disney as\u00ed como de particulares, ya estrenadas y para menores de edad. Los primeros t\u00edtulos disponibles para el cine de Zaragoza son: \u201cPiratas del Caribe. La venganza de Salazar\u201d, \u201cAladd\u00edn\u201d, \u201cLa Bella y la Bestia\u201d y \u201cCars 3\u201d.rnrnAdem\u00e1s, est\u00e1 planteado como un espacio polivalente, de forma que todas las tardes que no se utilice como cine, puede servir para muchas otras acciones l\u00fadicas.rnrn<strong>Beneficios de ir al cine<\/strong>rnrnLos ni\u00f1os enfermos de c\u00e1ncer no pueden acudir a las salas de cine convencionales.\u00a0 Deben seguir unas indicaciones de un cierto grado de aislamiento por su seguridad ya que los tratamientos de quimioterapia les provocan bajadas de defensas. \u00a0As\u00ed que, este cine les da la posibilidad de disfrutar de esa experiencia del cine, les ayuda a evadirse, vivir aventuras y divertirse como cualquier ni\u00f1o. Durante esas dos horas son, sencillamente felices.rnrnLa iniciativa \u201cEn el hospi estoy de cine\u201d de la Fundaci\u00f3n Juegaterapia comenz\u00f3 hace cuatro a\u00f1os con la creaci\u00f3n de un cine en el Hospital Gregorio Mara\u00f1\u00f3n de Madrid, otro en Burgos y este en Zaragoza que es el tercero. Se trata de una acci\u00f3n muy beneficiosa para los ni\u00f1os que los hospitales acogen de forma positiva y ahora mismo hay proyectados otros dos para hospitales en C\u00f3rdoba y Valladolid.<\/p>\n<\/div>    \n<\/section>\n        <\/div><div class=\"media-3\">\r\n        <section class=\"jug\">\r\n            <div style=\"position: relative; z-index: 3; background-color: #f9f5ef\" class=\"top-wave\"><svg xmlns=\"http:\/\/www.w3.org\/2000\/svg\" viewbox=\"0 0 1440 120\" fill=\"none\">\n<path d=\"M1439.91 120H0L0.448643 87.9946C252.333 25.0586 344.328 19.3793 512.431 9.00176C540.647 7.25988 571.008 5.38561 604.629 3.08599C777.252 -8.72126 1001.84 14.5848 1290.28 51.9947C1372.62 62.675 1436.33 100.328 1440 106.995L1439.91 120Z\" fill=\"#fc7861\"\/>\n<\/svg><\/div>            <div class=\"jug__bg\" style=\"background-color: #fc7861;\">\r\n                <div class=\"container\">\r\n                    <p class=\"title title_fz120\">Sobre Juegaterapia<\/p>\r\n                    <div class=\"jug__wrapper\">\r\n                        <div class=\"jug__column\">\r\n                            <p class=\"title title_fz52\">La Fundaci\u00f3n<\/p>\r\n                            <p class=\"text text_fz20\">\r\n                                La Fundaci\u00f3n Juegaterapia ayuda a los ni\u00f1os enfermos de c\u00e1ncer a trav\u00e9s del juego. Recoge videoconsolas que la gente ya no usa y las reparte por las habitaciones de oncolog\u00eda pedi\u00e1trica de los hospitales espa\u00f1oles para que los peque\u00f1os pasen sus ciclos de quimio jugando y se olviden de su enfermedad. En Espa\u00f1a ya ha entregado consolas en 76 hospitales y tambi\u00e9n fuera en centros hospitalarios de Portugal, Marruecos, Colombia, El Salvador, Afganist\u00e1n, India, Guinea y Guatemala.                            <\/p>\r\n                        <\/div>\r\n                        <div class=\"jug__column\">\r\n                            <p class=\"title title_fz52\">Projects<\/p>\r\n                            <p class=\"text text_fz20\">\r\n                                El Jard\u00edn de mi Hospi es una iniciativa de Juegaterapia, pionera en Espa\u00f1a, que consiste en recuperar las azoteas en desuso de los hospitales y convertirlas en jardines para que todos los ni\u00f1os ingresados puedan jugar al aire libre. Ya ha construido tres: el Hospital La Paz y el 12 de Octubre de Madrid, y en el Hospital La Fe de Valencia. El cuarto ya est\u00e1 en construcci\u00f3n en el Hospital Gregorio Mara\u00f1\u00f3n de Madrid.                            <\/p>\r\n                        <\/div>\r\n                    <\/div>\r\n                    <div class=\"projectos__carousel\">\r\n                                            <\/div>\r\n                <\/div>\r\n            <\/div>\r\n                    <\/section>\r\n    <\/div><div class=\"we-do\">\r\n        <section class=\"playing\">\r\n            <div style=\"position: relative; z-index: 3; background-color: #fc7861\" class=\"top-wave\"><svg xmlns=\"http:\/\/www.w3.org\/2000\/svg\" viewbox=\"0 0 1439 109\" fill=\"none\">\n<path d=\"M1439 20.0797V109H-1V29.5384C152.145 8.72522 267.727 29.172 381.176 49.2411C473.358 65.5482 564.13 81.6061 672.5 75.0778C739.651 71.0326 805.101 57.6009 875.303 43.194C1010.01 15.5499 1162.2 -15.6847 1377.5 8.90832C1399.36 11.4049 1420.06 15.3756 1439 20.0797Z\" fill=\"#a4a3ea\"\/>\n<\/svg><\/div>            <div class=\"playing__bg\" style=\"background-color: #a4a3ea;\">\r\n                <div class=\"playing__wrapper container\">\r\n                    <div class=\"playing__column\">\r\n                        <div class=\"playing__column_video\">\r\n                                                            <div  class=\"playing__bg-video\" onclick=\"this.nextElementSibling.style.display='block'; this.style.display='none'\">\r\n   <img decoding=\"async\" src=\"https:\/\/pre.juegaterapia.org\/wp-content\/uploads\/2022\/04\/Estacion-Lunar-1-Juegaterapia.jpg\" style=\"cursor:pointer\" \/>\r\n   <div class=\"playing__bg-play position-absolute\">\r\n                                <svg width=\"92\" height=\"94\" viewbox=\"0 0 92 94\" fill=\"none\"\r\n                                     xmlns=\"http:\/\/www.w3.org\/2000\/svg\">\r\n                                    <ellipse cx=\"46\" cy=\"47\" rx=\"46\" ry=\"47\" fill=\"#E14286\"><\/ellipse>\r\n                                    <path d=\"M47.6682 43.4213C49.8953 44.8216 51.0088 45.5217 51.2181 46.4966C51.2893 46.8283 51.2893 47.1718 51.2181 47.5035C51.0088 48.4784 49.8953 49.1785 47.6682 50.5789C45.246 52.1018 44.0349 52.8633 43.0539 52.57C42.7216 52.4706 42.4156 52.2959 42.1587 52.0588C41.4 51.359 41.4 49.906 41.4 47.0001C41.4 44.0941 41.4 42.6412 42.1587 41.9413C42.4156 41.7043 42.7216 41.5295 43.0539 41.4302C44.0349 41.1368 45.246 41.8983 47.6682 43.4213Z\"\r\n                                          fill=\"white\"><\/path>\r\n                                <\/svg>\r\n                            <\/div>\r\n<\/div>\r\n<div class=\"playing__bg-video\" style=\"display:none\">\r\n<iframe loading=\"lazy\" class=\"playing__bg-video\" width=\"560\" height=\"315\" src=\"https:\/\/www.youtube.com\/embed\/mOYREryTP4U?autoplay=0\" title=\"YouTube video player\" frameborder=\"0\" allow=\"accelerometer; autoplay; clipboard-write; encrypted-media; gyroscope; picture-in-picture\" allowfullscreen autoplay><\/iframe>\r\n<\/div>\r\n\r\n                                \r\n\r\n\r\n                        <\/div>\r\n                    <\/div>\r\n                    <div class=\"playing__column\">\r\n                                                <h2 class=\"title title_fz52\">\r\n                            Video presentaci\u00f3n JUEGATERAPIA                        <\/h2>\r\n                        <p class=\"wrapper-text_descr\">\r\n                                                    <\/p>\r\n\r\n                                               <\/div>\r\n                <\/div>\r\n            <\/div>\r\n                    <\/section>\r\n    <\/div><div class=\"media-3\">\r\n        <section class=\"los-baby\">\r\n            <div style=\"position: relative; z-index: 3; background-color: #a4a3ea\" class=\"top-wave\"><svg xmlns=\"http:\/\/www.w3.org\/2000\/svg\" viewbox=\"0 0 1440 76\" fill=\"none\">\n<path d=\"M1439.99 76H0L0.45801 55.5732C187.98 8.71853 272.925 13.474 370.469 18.9347C425.94 22.0401 485.485 25.3736 570.286 19.5732C588.113 18.3539 606.86 16.9874 626.465 15.5584C796.702 3.15001 1031.63 -13.9734 1290.28 19.5732C1372.62 30.2536 1436.33 67.9065 1440 74.5732L1439.99 76Z\" fill=\"#83cfd0\"\/>\n<\/svg><\/div>            <div class=\"los-baby__bg\" style=\"background-color: #83cfd0;\">\r\n                <div class=\"container\">\r\n                    <div class=\"los-baby__wrapper\">\r\n                        <div class=\"los-baby__column-1\">\r\n                            <p class=\"title title_fz120 d-none d-md-none d-lg-block\">\r\n                                Los Baby Pelones                            <\/p>\r\n                            <p class=\"text text_fz20\">\r\n                                Llevan un pa\u00f1uelo en la cabeza, con dise\u00f1os de embajadores de la fundaci\u00f3n como Alejandro Sanz, Shakira, Richard Gere, David Bisbal o Mar\u00eda y Jorge, dos peque\u00f1os luchadores. Ya se han vendido 1.000.000 en cinco a\u00f1os y la recaudaci\u00f3n ha permitido la apertura de dos becas bianuales de investigaci\u00f3n de 100.000 euros en el CNIO contra el c\u00e1ncer infantil. Est\u00e1n disponibles en Espa\u00f1a y Portugal en Juegettos, El Corte Ingl\u00e9s, Amazon, Toys R\u2019Us; adem\u00e1s de Gocco, Drim en Espa\u00f1a; en algunos vuelos de Iberia; La Giraffa y Rocco Giocattoli en Italia; y Sanborns en M\u00e9xico.                            <\/p>\r\n                        <\/div>\r\n                        <div class=\"los-baby__column-2\">\r\n                            <p class=\"title title_fz120 d-block d-md-block d-lg-none\">\r\n                                Los Baby Pelones                            <\/p>\r\n                            <p class=\"text text_fz20\">Los Baby Pelones son una idea original de Juegaterapia y son \u201clos mu\u00f1ecos m\u00e1s bonitos del mundo\u201d porque est\u00e1n inspirados en los ni\u00f1os que luchan contra la enfermedad. <\/p>\r\n                            <img decoding=\"async\" src=\"https:\/\/pre.juegaterapia.org\/wp-content\/uploads\/2022\/04\/img-3.png\"\r\n                                 alt=\"Los Baby Pelones\" class=\"d-none d-md-none d-lg-block\">\r\n                            <img decoding=\"async\" src=\"https:\/\/pre.juegaterapia.org\/wp-content\/uploads\/2022\/04\/img-3.png\"\r\n                                 alt=\"Los Baby Pelones\" class=\"d-block d-md-block d-lg-none\">\r\n                        <\/div>\r\n                    <\/div>\r\n                <\/div>\r\n            <\/div>\r\n            <div style=\"position: relative; z-index: 3; background-color: #f9f5ef\" class=\"bottom-wave\"><svg xmlns=\"http:\/\/www.w3.org\/2000\/svg\" viewbox=\"0 0 1439 120\" fill=\"none\">\n<path d=\"M-1 0V48C101.508 70.4252 361.304 105.819 567.764 69.378C715.174 43.3594 817.105 54.152 911.468 64.1435C982.309 71.6442 1048.89 78.6935 1127.24 69.378C1273.42 51.9984 1395.99 75.2178 1439 89V0H-1Z\" fill=\"#83cfd0\"\/>\n<\/svg><\/div>        <\/section>\r\n    <\/div>","protected":false},"excerpt":{"rendered":"","protected":false},"author":67,"featured_media":0,"parent":373,"menu_order":0,"comment_status":"closed","ping_status":"closed","template":"","meta":{"inline_featured_image":false,"_themeisle_gutenberg_block_has_review":false,"footnotes":""},"class_list":["post-105928","page","type-page","status-publish","hentry"],"acf":[],"aioseo_notices":[],"_links":{"self":[{"href":"https:\/\/pre.juegaterapia.org\/en\/wp-json\/wp\/v2\/pages\/105928","targetHints":{"allow":["GET"]}}],"collection":[{"href":"https:\/\/pre.juegaterapia.org\/en\/wp-json\/wp\/v2\/pages"}],"about":[{"href":"https:\/\/pre.juegaterapia.org\/en\/wp-json\/wp\/v2\/types\/page"}],"author":[{"embeddable":true,"href":"https:\/\/pre.juegaterapia.org\/en\/wp-json\/wp\/v2\/users\/67"}],"replies":[{"embeddable":true,"href":"https:\/\/pre.juegaterapia.org\/en\/wp-json\/wp\/v2\/comments?post=105928"}],"version-history":[{"count":1,"href":"https:\/\/pre.juegaterapia.org\/en\/wp-json\/wp\/v2\/pages\/105928\/revisions"}],"predecessor-version":[{"id":105946,"href":"https:\/\/pre.juegaterapia.org\/en\/wp-json\/wp\/v2\/pages\/105928\/revisions\/105946"}],"up":[{"embeddable":true,"href":"https:\/\/pre.juegaterapia.org\/en\/wp-json\/wp\/v2\/pages\/373"}],"wp:attachment":[{"href":"https:\/\/pre.juegaterapia.org\/en\/wp-json\/wp\/v2\/media?parent=105928"}],"curies":[{"name":"wp","href":"https:\/\/api.w.org\/{rel}","templated":true}]}}