{"id":103164,"date":"2022-04-18T11:33:57","date_gmt":"2022-04-18T11:33:57","guid":{"rendered":"http:\/\/webjt-pre.azurewebsites.net\/?page_id=103164"},"modified":"2022-04-18T11:35:05","modified_gmt":"2022-04-18T11:35:05","slug":"politica-de-cookies","status":"publish","type":"page","link":"https:\/\/pre.juegaterapia.org\/en\/politica-de-cookies\/","title":{"rendered":"Cookie Policy"},"content":{"rendered":"<div class=\"block-legal-section\">\n    <section class=\"habitant-information\">\n    <div class=\"container\">\n <h1 class=\"title title_fz70\">Cookie Policy<\/h1>\n<p>La presente Pol\u00edtica de Cookies tiene como objeto informarle que utilizamos cookies en nuestro Sitio Web. Al continuar visitando nuestra p\u00e1gina web se entiende que el usuario acepta el uso de cookies y esta Pol\u00edtica de Cookies<\/p>\n<p><strong>1.- \u00bfQu\u00e9 son las cookies y cual es su finalidad?<\/strong><\/p>\n<p>Las cookies son peque\u00f1os archivos que contienen determinada informaci\u00f3n sobre la navegaci\u00f3n del usuario a trav\u00e9s de la p\u00e1gina web. Las cookies se env\u00edan al navegador del usuario y se almacenan en su equipo.<\/p>\n<p>Las cookies se utilizan para captar informaci\u00f3n sobre la navegaci\u00f3n del usuario para, mediante el an\u00e1lisis de la misma, averiguar como el usuario interact\u00faa con el Sitio Web y de esta manera mejorar su experiencia de navegaci\u00f3n.<\/p>\n<p><strong>2.- Cookies utilizadas en este Sitio Web<\/strong><\/p>\n<p>2.1 Cookies propias:<\/p>\n<p>\u00b7\u00a0\u00a0\u00a0\u00a0\u00a0\u00a0\u00a0\u00a0\u00a0\u00a0 Cookies de sesi\u00f3n: para garantizar que los usuarios que escriban comentarios en el blog sean humanos y no aplicaciones automatizadas. De esta forma se combate el spam.<\/p>\n<p>\u00b7\u00a0\u00a0\u00a0\u00a0\u00a0\u00a0\u00a0\u00a0\u00a0\u00a0 Cookie _utma: Caduca a los 2 a\u00f1os desde la \u00faltima actualizaci\u00f3n. Esta cookie genera un ID de usuario \u00fanico y registra la fecha, la primera y la \u00faltima vez que el usuario visti\u00f3 la web. Se utiliza para hacer recuento de cuantas veces visita el sitio un usuario \u00fanico.<\/p>\n<p>\u00b7\u00a0\u00a0\u00a0\u00a0\u00a0\u00a0\u00a0\u00a0\u00a0\u00a0 Cookie _utmb: Caduca a los 30 minutos de la \u00faltima actualizaci\u00f3n. Esta cookie registra la hora de llegada a la p\u00e1gina y caduca a los 30 minutos del \u00faltimo registro de p\u00e1gina vista. Se elimina autom\u00e1ticamente al cambiar de web o al cerrar el navegador. Sirve para calcular el tiempo que un usuario permanece en una p\u00e1gina.<\/p>\n<p>\u00b7\u00a0\u00a0\u00a0\u00a0\u00a0\u00a0\u00a0\u00a0\u00a0\u00a0 Cookie _utmc: Esta cookie tiene una finalidad similar a la anterior, pero para las webs donde est\u00e1 instalado el antiguo c\u00f3digo de seguimiento urchin.js.<\/p>\n<p>\u00b7\u00a0\u00a0\u00a0\u00a0\u00a0\u00a0\u00a0\u00a0\u00a0\u00a0 Cookie _utmz: Caduca a los 6 meses. Esta cookie almacena el origen del visitante, el camino que ha seguido para acceder a la web ya sea acceso directo, desde un link en otra web, desde un enlace de correo electr\u00f3nico, empleando determinadas palabras clave en un motor de b\u00fasqueda, a trav\u00e9s de una campa\u00f1a de display, o por medio de un anuncio de AdWords. Esta cookie se utiliza para calcular el tr\u00e1fico que proviene de motores de b\u00fasqueda (org\u00e1nico y PPC), las campa\u00f1as publicitarias en display y la navegaci\u00f3n dentro de la misma web (enlaces internos). La cookie se actualiza en cada visita a la web.<\/p>\n<p>\u00b7\u00a0\u00a0\u00a0\u00a0\u00a0\u00a0\u00a0\u00a0\u00a0\u00a0 Cookie SESSxxxID: Caduca a la semana. Esta cookie almacena un \u00fanico identificador que une la sesi\u00f3n actual en una tabla de configuraci\u00f3n de base de datos con la finalidad de evitar que el usuario tenga que iniciar sesi\u00f3n varias veces en una \u00fanica sesi\u00f3n del navegador.<\/p>\n<p>\u00b7\u00a0\u00a0\u00a0\u00a0\u00a0\u00a0\u00a0\u00a0\u00a0\u00a0 Cookie has_js: Caduca en el momento en el que deja de navegar por nuestra web. Esta cookie almacena si el navegador del usuario soporta o no Javascript, lo que da informaci\u00f3n a la Fundaci\u00f3n sobre la funcionalidad de su p\u00e1gina web.<\/p>\n<p>2.2. Cookies de terceros:<\/p>\n<p>Google Analytics: Almacena cookies para poder elaborar estad\u00edsticas sobre el tr\u00e1fico y volumen de visitas de esta web. Al utilizar este sitio web est\u00e1 consintiendo el tratamiento de informaci\u00f3n acerca de usted por Google. Por tanto, el ejercicio de cualquier derecho en este sentido deber\u00e1 hacerlo comunicando directamente con Google.<\/p>\n<p>Redes sociales: Cada red social utiliza sus propias cookies para que usted pueda pinchar en botones del tipo Me gusta o Compartir.<\/p>\n<p><strong>3.- Opciones relacionadas con las cookies<\/strong><\/p>\n<p>Los usuarios disponen de distintas posibilidades para gestionar las cookies. La configuraci\u00f3n que el usuario seleccione puede ser susceptible de afectar a su navegaci\u00f3n por Internet y a las condiciones de acceso a determinados servicios que requieren el empleo de cookies.<\/p>\n<p>Los usuarios pueden en todo momento manifestar y modificar su elecci\u00f3n en materia de cookies por los medios que se describen a continuaci\u00f3n.<\/p>\n<p>3.1 Opciones ofrecidas por el navegador<\/p>\n<p>Los usuarios pueden configurar el navegador para permitir la instalaci\u00f3n de cookies en su terminal o, por el contrario, para rechazarlas, ya sea de manera sistem\u00e1tica o en funci\u00f3n del emisor de las mismas. Los usuarios pueden tambi\u00e9n configurar el navegador para que \u00e9ste le solicite en cada caso la aceptaci\u00f3n o rechazo de las cookies, con car\u00e1cter previo a la instalaci\u00f3n de las mismas en su terminal.<\/p>\n<p>3.1.1 Aceptaci\u00f3n de cookies<\/p>\n<p>La instalaci\u00f3n de cookies en un terminal est\u00e1 subordinada esencialmente a la voluntad del usuario del mismo, voluntad que puede manifestar y modificar en todo momento y gratuitamente mediante las opciones que le ofrece su navegador.<\/p>\n<p>Si el usuario ha aceptado en su navegador la instalaci\u00f3n de cookies en su terminal, las cookies integradas en las p\u00e1ginas y contenidos que visite podr\u00e1n almacenarse temporalmente en un espacio espec\u00edfico de su terminal. Dichas cookies \u00fanicamente podr\u00e1n ser le\u00eddas por sus respectivos emisores, pudiendo ser eliminadas en cualquier momento mediante la opci\u00f3n correspondiente del navegador.<\/p>\n<p>3.1.2 Rechazo de cookies<\/p>\n<p>Los usuarios pueden rechazar la posibilidad de que utilicemos las cookies en su equipo terminal mediante la configuraci\u00f3n de su navegador, o suprimir aquellas que ya estuvieran instaladas, pero en estos casos no podr\u00e1 seguir disfrutando de una serie de funcionalidades que son, sin embargo, necesarias para la navegaci\u00f3n por determinados espacios de nuestro Sitio Web, por lo que comportar\u00e1 una experiencia de navegaci\u00f3n menos satisfactoria que incluso puede llegar a ser defectuosa.<\/p>\n<p>Declinamos toda responsabilidad por las consecuencias asociadas al funcionamiento degradado de nuestros servicios y que resultaran en la imposibilidad, por nuestra parte, de instalar las cookies necesarias para el funcionamiento de dichos servicios, cuando el usuario las hubiera rechazado o suprimido.<\/p>\n<p>3.1.3 \u00bfC\u00f3mo modificar las opciones en funci\u00f3n del navegador utilizado?<\/p>\n<p>Para la gesti\u00f3n de las cookies y de las opciones del usuario, la configuraci\u00f3n de cada navegador es diferente. Dicha configuraci\u00f3n est\u00e1 descrita en el men\u00fa de ayuda del navegador y permitir\u00e1 al usuario modificar sus opciones en materia de cookies. Para m\u00e1s informaci\u00f3n sobre la modificaci\u00f3n de las opciones, incluida la desactivaci\u00f3n de cookies, visita las pautas de modificaci\u00f3n y desactivaci\u00f3n de cookies previstas para cualquiera de los cuatro navegadores m\u00e1s usados (internet explorer, chrome, firefox, safari).<br \/>\nA continuaci\u00f3n le proporcionamos los enlaces de diversos navegadores, a trav\u00e9s de los cuales podr\u00e1 realizar dicha configuraci\u00f3n:<\/p>\n<ul>\n<li>Firefox desde aqu\u00ed: http:\/\/support.mozilla.org\/es\/kb\/habilitar &#8211; y &#8211; deshabilitar &#8211; cookies &#8211; que &#8211; los sitios &#8211; we<\/li>\n<li>Chrome desde aqu\u00ed: http:\/\/support.google.com\/chrome\/bin\/answer.py?hl=es&amp;answer=95647<\/li>\n<li>Explorer desde aqu\u00ed: http:\/\/windows.microsoft.com\/es &#8211; es\/internet &#8211; explorer\/delete &#8211; manage cookies#ie=ie &#8211; 10<\/li>\n<li>Safari desde aqu\u00ed: https:\/\/support.apple.com\/kb\/ph17191?locale=es_ES<\/li>\n<li>Opera desde aqu\u00ed: http:\/\/help.opera.com\/Windows\/11.50\/es &#8211; ES\/cookies.html<\/li>\n<\/ul>\n<p>Por \u00faltimo, recuerde que debe actualizar la tabla del documento Pol\u00edtica de cookies, indicando las Cookies que su p\u00e1gina web instala con la navegaci\u00f3n por parte del usuario.<\/p>\n<p>3.2 Si el usuario comparte el uso del terminal con otras personas<\/p>\n<p>Si varias personas utilizan un mismo terminal y cuando en un mismo terminal conviven varios navegadores, no podemos garantizar con certeza que los servicios y la publicidad dirigidos al Terminal del usuario correspondan a la utilizaci\u00f3n del terminal por parte del usuario y no a la de cualquier otro usuario de ese mismo terminal.<\/p>\n<p>En su caso, el hecho de compartir con otras personas la utilizaci\u00f3n del terminal y la configuraci\u00f3n de los par\u00e1metros del navegador por lo que respecta a las cookies queda a elecci\u00f3n y responsabilidad del usuario.<\/p>\n<p><strong>4.- Otras cuestiones<\/strong><\/p>\n<p>Ni este Sitio Web ni sus representantes legales se hacen responsables ni del contenido ni de la veracidad de las pol\u00edticas de privacidad que puedan tener los terceros mencionados en esta Pol\u00edtica de Cookies.<\/p>\n<p>Los navegadores web son las herramientas encargadas de almacenar las cookies y desde este lugar debe efectuar su derecho a eliminaci\u00f3n o desactivaci\u00f3n de las mismas. Ni esta web ni sus representantes legales pueden garantizar la correcta o incorrecta manipulaci\u00f3n de las cookies por parte de los mencionados navegadores.<\/p>\n<p>En algunos casos es necesario instalar cookies para que el navegador no olvide su decisi\u00f3n de no aceptaci\u00f3n de las mismas.<\/p>\n<p>En el caso de las cookies de Google Analytics, esta empresa almacena las cookies en servidores ubicados en Estados Unidos y se compromete a no compartirla con terceros, excepto en los casos en los que sea necesario para el funcionamiento del sistema o cuando la ley obligue a tal efecto. Seg\u00fan Google no guarda su direcci\u00f3n IP. Google Inc. es una compa\u00f1\u00eda adherida al Acuerdo de Puerto Seguro que garantiza que todos los datos transferidos ser\u00e1n tratados con un nivel de protecci\u00f3n acorde a la normativa europea. Si desea informaci\u00f3n sobre el uso que Google da a las cookies le adjuntamos este otro\u00a0<a href=\"https:\/\/developers.google.com\/analytics\/devguides\/collection\/analyticsjs\/cookie-usage?hl=es&amp;csw=1\">enlace.<\/a><\/p>\n<p>Para cualquier duda o consulta acerca de esta Pol\u00edtica de Cookies no dude en comunicarse con nosotros a trav\u00e9s hola@juegaterapia.org<\/p>\n<p><strong>5.- Preguntas Frecuentes<\/strong><\/p>\n<p>\u00bfQu\u00e9 NO ES una cookie?<\/p>\n<p>No es un virus, ni un troyano, ni un gusano, ni spam, ni spyware, ni abre ventanas pop-up.<\/p>\n<p>\u00bfQu\u00e9 informaci\u00f3n almacena una cookie?<\/p>\n<p>Las cookies no suelen almacenar informaci\u00f3n sensible sobre usted, como tarjetas de cr\u00e9dito o datos bancarios, fotograf\u00edas, su DNI o informaci\u00f3n personal, etc. Los datos que guardan son de car\u00e1cter t\u00e9cnico, preferencias personales, personalizaci\u00f3n de contenidos, etc.<\/p>\n<p>El servidor web no le asocia a usted como persona si no a su navegador web. De hecho, si usted navega habitualmente con Internet Explorer y prueba a navegar por la misma web con Firefox o Chrome ver\u00e1 que la web no se da cuenta que es usted la misma persona porque en realidad est\u00e1 asociando al navegador, no a la persona.<\/p>\n<p>\u00bfQu\u00e9 tipo de cookies existen?<\/p>\n<p>Cookies t\u00e9cnicas: Son las m\u00e1s elementales y permiten, entre otras cosas, saber cu\u00e1ndo est\u00e1 navegando un humano o una aplicaci\u00f3n automatizada, cu\u00e1ndo navega un usuario an\u00f3nimo y uno registrado, tareas b\u00e1sicas para el funcionamiento de cualquier web din\u00e1mica.<\/p>\n<p>Cookies de an\u00e1lisis: Recogen informaci\u00f3n sobre el tipo de navegaci\u00f3n que est\u00e1 realizando, las secciones que m\u00e1s utiliza, productos consultados, franja horaria de uso, idioma, etc.<\/p>\n<p>Cookies publicitarias: Muestran publicidad en funci\u00f3n de su navegaci\u00f3n, su pa\u00eds de procedencia, idioma, etc.<\/p>\n<p>\u00bfQu\u00e9 son las cookies propias y las de terceros?<\/p>\n<p>Las cookies propias son las generadas por la p\u00e1gina que est\u00e1 visitando y las de terceros son las generadas por servicios o proveedores externos como Facebook, Twitter, Google, etc.<\/p>\n<p>\u00bfQu\u00e9 ocurre si desactivo las cookies?<\/p>\n<p>Para que entienda el alcance que puede tener desactivar las cookies le mostramos unos ejemplos:<\/p>\n<p>\u00b7\u00a0\u00a0\u00a0\u00a0\u00a0\u00a0\u00a0\u00a0 No podr\u00e1 compartir contenidos de esa web en Facebook, Twitter o cualquier otra red social.<\/p>\n<p>\u00b7\u00a0\u00a0\u00a0\u00a0\u00a0\u00a0\u00a0\u00a0 El sitio web no podr\u00e1 adaptar los contenidos a sus preferencias personales, como suele ocurrir en las tiendas online.<\/p>\n<p>\u00b7\u00a0\u00a0\u00a0\u00a0\u00a0\u00a0\u00a0\u00a0 No podr\u00e1 acceder al \u00e1rea personal de esa web, como por ejemplo Mi cuenta, o Mi perfil o Mis pedidos.<\/p>\n<p>\u00b7\u00a0\u00a0\u00a0\u00a0\u00a0\u00a0\u00a0\u00a0 Tiendas online: Le ser\u00e1 imposible realizar compras online, tendr\u00e1n que ser telef\u00f3nicas o visitando la tienda f\u00edsica si es que dispone de ella.<\/p>\n<p>\u00b7\u00a0\u00a0\u00a0\u00a0\u00a0\u00a0\u00a0\u00a0 No ser\u00e1 posible personalizar sus preferencias geogr\u00e1ficas como franja horaria, divisa o idioma.<\/p>\n<p>\u00b7\u00a0\u00a0\u00a0\u00a0\u00a0\u00a0\u00a0\u00a0 El sitio web no podr\u00e1 realizar anal\u00edticas web sobre visitantes y tr\u00e1fico en la web, lo que dificultar\u00e1 que la web sea competitiva.<\/p>\n<p>\u00b7\u00a0\u00a0\u00a0\u00a0\u00a0\u00a0\u00a0\u00a0 No podr\u00e1 escribir en el blog, no podr\u00e1 subir fotos, publicar comentarios, valorar o puntuar contenidos. La web tampoco podr\u00e1 saber si usted es un humano o una aplicaci\u00f3n automatizada que publica spam.<\/p>\n<p>\u00b7\u00a0\u00a0\u00a0\u00a0\u00a0\u00a0\u00a0\u00a0 No se podr\u00e1 mostrar publicidad sectorizada, lo que reducir\u00e1 los ingresos publicitarios de la web.<\/p>\n<p>\u00b7\u00a0\u00a0\u00a0\u00a0\u00a0\u00a0\u00a0\u00a0 Todas las redes sociales usan cookies, si las desactiva no podr\u00e1 utilizar ninguna red social.<\/p>\n<p>\u00bfSe pueden eliminar las cookies?<\/p>\n<p>S\u00ed. No s\u00f3lo eliminar, tambi\u00e9n bloquear, de forma general o particular para un dominio espec\u00edfico.<\/p>\n<p>Para eliminar las cookies de un sitio web debe ir a la configuraci\u00f3n de su navegador y all\u00ed podr\u00e1 buscar las asociadas al dominio en cuesti\u00f3n y proceder a su eliminaci\u00f3n.<\/p>\n<\/div>    \n<\/section>\n        <\/div>","protected":false},"excerpt":{"rendered":"","protected":false},"author":67,"featured_media":0,"parent":0,"menu_order":0,"comment_status":"closed","ping_status":"closed","template":"","meta":{"inline_featured_image":false,"_themeisle_gutenberg_block_has_review":false,"footnotes":""},"class_list":["post-103164","page","type-page","status-publish","hentry"],"acf":[],"aioseo_notices":[],"_links":{"self":[{"href":"https:\/\/pre.juegaterapia.org\/en\/wp-json\/wp\/v2\/pages\/103164","targetHints":{"allow":["GET"]}}],"collection":[{"href":"https:\/\/pre.juegaterapia.org\/en\/wp-json\/wp\/v2\/pages"}],"about":[{"href":"https:\/\/pre.juegaterapia.org\/en\/wp-json\/wp\/v2\/types\/page"}],"author":[{"embeddable":true,"href":"https:\/\/pre.juegaterapia.org\/en\/wp-json\/wp\/v2\/users\/67"}],"replies":[{"embeddable":true,"href":"https:\/\/pre.juegaterapia.org\/en\/wp-json\/wp\/v2\/comments?post=103164"}],"version-history":[{"count":6,"href":"https:\/\/pre.juegaterapia.org\/en\/wp-json\/wp\/v2\/pages\/103164\/revisions"}],"predecessor-version":[{"id":103171,"href":"https:\/\/pre.juegaterapia.org\/en\/wp-json\/wp\/v2\/pages\/103164\/revisions\/103171"}],"wp:attachment":[{"href":"https:\/\/pre.juegaterapia.org\/en\/wp-json\/wp\/v2\/media?parent=103164"}],"curies":[{"name":"wp","href":"https:\/\/api.w.org\/{rel}","templated":true}]}}